{"id":248297,"date":"2024-02-27T11:42:48","date_gmt":"2024-02-27T10:42:48","guid":{"rendered":"https:\/\/rigau.cat\/?post_type=product&#038;p=248297"},"modified":"2025-01-07T14:42:24","modified_gmt":"2025-01-07T13:42:24","slug":"kit-02-1-cilindro-de-seguridad-escudo-de-seguridad","status":"publish","type":"product","link":"https:\/\/www.rigau.cat\/es\/product\/kit-02-1-cilindro-de-seguridad-escudo-de-seguridad\/","title":{"rendered":"KIT 02.1 &#8211; Cilindro de seguridad + Escudo de Seguridad"},"content":{"rendered":"<h4>Descripci\u00f3n del Pack<\/h4>\n<p>Consiste en la instalaci\u00f3n conjunta de un escudo protector acorazado de seguridad, m\u00e1s un bomb\u00edn de seguridad de gama media-alta con llave copiable.<br \/>\nAdem\u00e1s de la resistencia f\u00edsica <span class=\"hiddenGrammarError\">contra ataques<\/span> violentos, tambi\u00e9n protege contra intentos de copia de llave y m\u00e9todos de apertura no violentos como el \u00ab<span class=\"hiddenSpellError\">ganzuat<\/span>\u00ab, \u00ab<span class=\"hiddenSpellError\">bumping<\/span>\u00bb y \u00ab<span class=\"hiddenSpellError\">magic<\/span> <span class=\"hiddenSpellError\">key<\/span>\u00ab.<br \/>\nAunque el bomb\u00edn de seguridad sea resistente, es necesaria la instalaci\u00f3n de un escudo de seguridad para evitar los ataques con herramientas como extractores de escudos, muelas rectas, etc.<\/p>\n<p>&nbsp;<\/p>\n<p><strong>Escudo DISEC<\/strong><\/p>\n<ul>\n<li>Escudo protector de acero.<\/li>\n<li>Contraplaca interior por la instalaci\u00f3n.<\/li>\n<li>Embellecedor interior para ocultar la <span class=\"hiddenSpellError\">torniller\u00eda<\/span>.<\/li>\n<li><span class=\"hiddenSpellError\">Torniller\u00eda<\/span> de sujeci\u00f3n especial de acero inoxidable con flexibilidad y torsi\u00f3n controlada hasta 2.100 kg de presi\u00f3n.<\/li>\n<li>Bolas de acero para evitar que se agujeree.<\/li>\n<\/ul>\n<p>&nbsp;<\/p>\n<p><strong>Bomb\u00edn y llaves de seguridad MAUER<\/strong><\/p>\n<ul>\n<li>Bomb\u00edn de tama\u00f1os est\u00e1ndar.<\/li>\n<li>Protecci\u00f3n sistema de rotura controlada.<\/li>\n<li>5 llaves<\/li>\n<\/ul>\n<p>&nbsp;<\/p>\n<h3>La instalaci\u00f3n est\u00e1 incluida en el precio.<\/h3>\n","protected":false},"excerpt":{"rendered":"<p>Pack de seguridad de Nivel R2 que proporciona una resistencia de 15 minutos frente a ataques con herramientas profesionales y utilizando un nivel de ruido alto.<\/p>\n","protected":false},"featured_media":248300,"template":"","meta":{"_et_pb_use_builder":"","_et_pb_old_content":"","_et_gb_content_width":"","_joinchat":[]},"product_brand":[],"product_cat":[48],"product_tag":[],"class_list":{"0":"post-248297","1":"product","2":"type-product","3":"status-publish","4":"has-post-thumbnail","6":"product_cat-ofertas-nivel-r2-de-proteccion","8":"first","9":"instock","10":"taxable","11":"shipping-taxable","12":"purchasable","13":"product-type-simple"},"_links":{"self":[{"href":"https:\/\/www.rigau.cat\/es\/wp-json\/wp\/v2\/product\/248297","targetHints":{"allow":["GET"]}}],"collection":[{"href":"https:\/\/www.rigau.cat\/es\/wp-json\/wp\/v2\/product"}],"about":[{"href":"https:\/\/www.rigau.cat\/es\/wp-json\/wp\/v2\/types\/product"}],"wp:featuredmedia":[{"embeddable":true,"href":"https:\/\/www.rigau.cat\/es\/wp-json\/wp\/v2\/media\/248300"}],"wp:attachment":[{"href":"https:\/\/www.rigau.cat\/es\/wp-json\/wp\/v2\/media?parent=248297"}],"wp:term":[{"taxonomy":"product_brand","embeddable":true,"href":"https:\/\/www.rigau.cat\/es\/wp-json\/wp\/v2\/product_brand?post=248297"},{"taxonomy":"product_cat","embeddable":true,"href":"https:\/\/www.rigau.cat\/es\/wp-json\/wp\/v2\/product_cat?post=248297"},{"taxonomy":"product_tag","embeddable":true,"href":"https:\/\/www.rigau.cat\/es\/wp-json\/wp\/v2\/product_tag?post=248297"}],"curies":[{"name":"wp","href":"https:\/\/api.w.org\/{rel}","templated":true}]}}