{"id":241921,"date":"2023-03-09T11:38:18","date_gmt":"2023-03-09T10:38:18","guid":{"rendered":"https:\/\/rigau.cat\/producto\/kit-17-escudo-magnetico-de-seguridad-mg310wz\/"},"modified":"2024-09-13T14:17:35","modified_gmt":"2024-09-13T12:17:35","slug":"kit-17-escudo-magnetico-cilindro-de-alta-seguridad","status":"publish","type":"product","link":"https:\/\/www.rigau.cat\/es\/product\/kit-17-escudo-magnetico-cilindro-de-alta-seguridad\/","title":{"rendered":"KIT 17 &#8211; Escudo magn\u00e9tico + cilindro de alta seguridad"},"content":{"rendered":"","protected":false},"excerpt":{"rendered":"<p>Escudo magn\u00e9tico + cilindro de alta seguridad A\u00f1ade 20 minutos de resistencia al sistema actual. 5 llaves incluidas (llave suplementaria: 34,95 \u20ac). Con escudo de placa larga (2 llaves incluidas): 579 \u20ac <\/p>\n","protected":false},"featured_media":252636,"template":"","meta":{"_et_pb_use_builder":"on","_et_pb_old_content":"","_et_gb_content_width":"","_joinchat":[]},"product_brand":[],"product_cat":[48],"product_tag":[],"class_list":{"0":"post-241921","1":"product","2":"type-product","3":"status-publish","4":"has-post-thumbnail","6":"product_cat-ofertas-nivel-r2-de-proteccion","8":"first","9":"instock","10":"taxable","11":"shipping-taxable","12":"purchasable","13":"product-type-simple"},"_links":{"self":[{"href":"https:\/\/www.rigau.cat\/es\/wp-json\/wp\/v2\/product\/241921","targetHints":{"allow":["GET"]}}],"collection":[{"href":"https:\/\/www.rigau.cat\/es\/wp-json\/wp\/v2\/product"}],"about":[{"href":"https:\/\/www.rigau.cat\/es\/wp-json\/wp\/v2\/types\/product"}],"wp:featuredmedia":[{"embeddable":true,"href":"https:\/\/www.rigau.cat\/es\/wp-json\/wp\/v2\/media\/252636"}],"wp:attachment":[{"href":"https:\/\/www.rigau.cat\/es\/wp-json\/wp\/v2\/media?parent=241921"}],"wp:term":[{"taxonomy":"product_brand","embeddable":true,"href":"https:\/\/www.rigau.cat\/es\/wp-json\/wp\/v2\/product_brand?post=241921"},{"taxonomy":"product_cat","embeddable":true,"href":"https:\/\/www.rigau.cat\/es\/wp-json\/wp\/v2\/product_cat?post=241921"},{"taxonomy":"product_tag","embeddable":true,"href":"https:\/\/www.rigau.cat\/es\/wp-json\/wp\/v2\/product_tag?post=241921"}],"curies":[{"name":"wp","href":"https:\/\/api.w.org\/{rel}","templated":true}]}}