{"id":241917,"date":"2023-03-09T11:28:31","date_gmt":"2023-03-09T10:28:31","guid":{"rendered":"https:\/\/rigau.cat\/producto\/kit-13-escudo-magnetico-de-seguridad-mg220\/"},"modified":"2024-09-10T15:02:56","modified_gmt":"2024-09-10T13:02:56","slug":"kit-13-escudo-magnetico-de-seguridad-mg220","status":"publish","type":"product","link":"https:\/\/www.rigau.cat\/es\/product\/kit-13-escudo-magnetico-de-seguridad-mg220\/","title":{"rendered":"KIT 13 &#8211; Escudo magn\u00e9tico de seguridad MG220"},"content":{"rendered":"","protected":false},"excerpt":{"rendered":"<p>Escudo magn\u00e9tico de seguridad MG220 especial para cerraduras de gorjas. A\u00f1ade 20 minutos de resistencia al sistema actual. 2 llaves inclu\u00eddas. (Llave suplementaria: 34,95\u20ac)<\/p>\n","protected":false},"featured_media":241587,"template":"","meta":{"_et_pb_use_builder":"","_et_pb_old_content":"","_et_gb_content_width":"","_joinchat":[]},"product_brand":[],"product_cat":[48],"product_tag":[],"class_list":{"0":"post-241917","1":"product","2":"type-product","3":"status-publish","4":"has-post-thumbnail","6":"product_cat-ofertas-nivel-r2-de-proteccion","8":"first","9":"instock","10":"taxable","11":"shipping-taxable","12":"purchasable","13":"product-type-simple"},"_links":{"self":[{"href":"https:\/\/www.rigau.cat\/es\/wp-json\/wp\/v2\/product\/241917","targetHints":{"allow":["GET"]}}],"collection":[{"href":"https:\/\/www.rigau.cat\/es\/wp-json\/wp\/v2\/product"}],"about":[{"href":"https:\/\/www.rigau.cat\/es\/wp-json\/wp\/v2\/types\/product"}],"wp:featuredmedia":[{"embeddable":true,"href":"https:\/\/www.rigau.cat\/es\/wp-json\/wp\/v2\/media\/241587"}],"wp:attachment":[{"href":"https:\/\/www.rigau.cat\/es\/wp-json\/wp\/v2\/media?parent=241917"}],"wp:term":[{"taxonomy":"product_brand","embeddable":true,"href":"https:\/\/www.rigau.cat\/es\/wp-json\/wp\/v2\/product_brand?post=241917"},{"taxonomy":"product_cat","embeddable":true,"href":"https:\/\/www.rigau.cat\/es\/wp-json\/wp\/v2\/product_cat?post=241917"},{"taxonomy":"product_tag","embeddable":true,"href":"https:\/\/www.rigau.cat\/es\/wp-json\/wp\/v2\/product_tag?post=241917"}],"curies":[{"name":"wp","href":"https:\/\/api.w.org\/{rel}","templated":true}]}}