{"id":241912,"date":"2023-03-09T10:24:14","date_gmt":"2023-03-09T09:24:14","guid":{"rendered":"https:\/\/rigau.cat\/producto\/kit-08-kit-de-deteccion-anticipada-plus\/"},"modified":"2023-03-09T10:24:14","modified_gmt":"2023-03-09T09:24:14","slug":"kit-08-kit-de-deteccion-anticipada-plus","status":"publish","type":"product","link":"https:\/\/www.rigau.cat\/es\/product\/kit-08-kit-de-deteccion-anticipada-plus\/","title":{"rendered":"KIT 08 &#8211; Kit de detecci\u00f3n anticipada PLUS"},"content":{"rendered":"","protected":false},"excerpt":{"rendered":"<p>Escudo de seguridad protector + Escudo de seguridad SLIPPERY BQ + Electr\u00f3nica + Sirena inal\u00e1mbrica y mando + Bomb\u00edn de seguridad INN<\/p>\n","protected":false},"featured_media":241582,"template":"","meta":{"_et_pb_use_builder":"","_et_pb_old_content":"","_et_gb_content_width":"","_joinchat":[]},"product_brand":[],"product_cat":[48],"product_tag":[],"class_list":{"0":"post-241912","1":"product","2":"type-product","3":"status-publish","4":"has-post-thumbnail","6":"product_cat-ofertas-nivel-r2-de-proteccion","8":"first","9":"instock","10":"taxable","11":"shipping-taxable","12":"purchasable","13":"product-type-simple"},"_links":{"self":[{"href":"https:\/\/www.rigau.cat\/es\/wp-json\/wp\/v2\/product\/241912","targetHints":{"allow":["GET"]}}],"collection":[{"href":"https:\/\/www.rigau.cat\/es\/wp-json\/wp\/v2\/product"}],"about":[{"href":"https:\/\/www.rigau.cat\/es\/wp-json\/wp\/v2\/types\/product"}],"wp:featuredmedia":[{"embeddable":true,"href":"https:\/\/www.rigau.cat\/es\/wp-json\/wp\/v2\/media\/241582"}],"wp:attachment":[{"href":"https:\/\/www.rigau.cat\/es\/wp-json\/wp\/v2\/media?parent=241912"}],"wp:term":[{"taxonomy":"product_brand","embeddable":true,"href":"https:\/\/www.rigau.cat\/es\/wp-json\/wp\/v2\/product_brand?post=241912"},{"taxonomy":"product_cat","embeddable":true,"href":"https:\/\/www.rigau.cat\/es\/wp-json\/wp\/v2\/product_cat?post=241912"},{"taxonomy":"product_tag","embeddable":true,"href":"https:\/\/www.rigau.cat\/es\/wp-json\/wp\/v2\/product_tag?post=241912"}],"curies":[{"name":"wp","href":"https:\/\/api.w.org\/{rel}","templated":true}]}}