{"id":241911,"date":"2023-03-09T10:20:51","date_gmt":"2023-03-09T09:20:51","guid":{"rendered":"https:\/\/rigau.cat\/producto\/kit-de-deteccion-anticipada-eco\/"},"modified":"2023-06-13T12:25:09","modified_gmt":"2023-06-13T10:25:09","slug":"kit-07-kit-de-deteccion-anticipada-eco","status":"publish","type":"product","link":"https:\/\/www.rigau.cat\/es\/product\/kit-07-kit-de-deteccion-anticipada-eco\/","title":{"rendered":"KIT 07 &#8211; Kit de detecci\u00f3n anticipada ECO"},"content":{"rendered":"","protected":false},"excerpt":{"rendered":"<p>Escudo de seguridad ECO ROK BQ + Electr\u00f3nica + Sirena inal\u00e1mbrica y mando + Bomb\u00edn de seguridad INN<\/p>\n","protected":false},"featured_media":241581,"template":"","meta":{"_et_pb_use_builder":"","_et_pb_old_content":"","_et_gb_content_width":"","_joinchat":[]},"product_brand":[],"product_cat":[48],"product_tag":[],"class_list":{"0":"post-241911","1":"product","2":"type-product","3":"status-publish","4":"has-post-thumbnail","6":"product_cat-ofertas-nivel-r2-de-proteccion","8":"first","9":"instock","10":"taxable","11":"shipping-taxable","12":"purchasable","13":"product-type-simple"},"_links":{"self":[{"href":"https:\/\/www.rigau.cat\/es\/wp-json\/wp\/v2\/product\/241911","targetHints":{"allow":["GET"]}}],"collection":[{"href":"https:\/\/www.rigau.cat\/es\/wp-json\/wp\/v2\/product"}],"about":[{"href":"https:\/\/www.rigau.cat\/es\/wp-json\/wp\/v2\/types\/product"}],"wp:featuredmedia":[{"embeddable":true,"href":"https:\/\/www.rigau.cat\/es\/wp-json\/wp\/v2\/media\/241581"}],"wp:attachment":[{"href":"https:\/\/www.rigau.cat\/es\/wp-json\/wp\/v2\/media?parent=241911"}],"wp:term":[{"taxonomy":"product_brand","embeddable":true,"href":"https:\/\/www.rigau.cat\/es\/wp-json\/wp\/v2\/product_brand?post=241911"},{"taxonomy":"product_cat","embeddable":true,"href":"https:\/\/www.rigau.cat\/es\/wp-json\/wp\/v2\/product_cat?post=241911"},{"taxonomy":"product_tag","embeddable":true,"href":"https:\/\/www.rigau.cat\/es\/wp-json\/wp\/v2\/product_tag?post=241911"}],"curies":[{"name":"wp","href":"https:\/\/api.w.org\/{rel}","templated":true}]}}