{"id":241910,"date":"2023-03-09T10:15:40","date_gmt":"2023-03-09T09:15:40","guid":{"rendered":"https:\/\/rigau.cat\/producto\/kit-06-membrana-de-deteccio-anticipada-complementaria-al-kit-06\/"},"modified":"2024-07-01T16:31:36","modified_gmt":"2024-07-01T14:31:36","slug":"kit-06-membrana-de-deteccion-anticipada-complementaria-al-kit-05","status":"publish","type":"product","link":"https:\/\/www.rigau.cat\/es\/product\/kit-06-membrana-de-deteccion-anticipada-complementaria-al-kit-05\/","title":{"rendered":"KIT 06 &#8211; Membrana de detecci\u00f3 anticipada complement\u00e0ria al KIT 06"},"content":{"rendered":"","protected":false},"excerpt":{"rendered":"<p>Detecci\u00f3n anticipada + Escudo de seguridad protector + sirena inal\u00e1mbrica y mando<\/p>\n","protected":false},"featured_media":241580,"template":"","meta":{"_et_pb_use_builder":"","_et_pb_old_content":"","_et_gb_content_width":"","_joinchat":[]},"product_brand":[],"product_cat":[48],"product_tag":[],"class_list":{"0":"post-241910","1":"product","2":"type-product","3":"status-publish","4":"has-post-thumbnail","6":"product_cat-ofertas-nivel-r2-de-proteccion","8":"first","9":"instock","10":"taxable","11":"shipping-taxable","12":"purchasable","13":"product-type-simple"},"_links":{"self":[{"href":"https:\/\/www.rigau.cat\/es\/wp-json\/wp\/v2\/product\/241910","targetHints":{"allow":["GET"]}}],"collection":[{"href":"https:\/\/www.rigau.cat\/es\/wp-json\/wp\/v2\/product"}],"about":[{"href":"https:\/\/www.rigau.cat\/es\/wp-json\/wp\/v2\/types\/product"}],"wp:featuredmedia":[{"embeddable":true,"href":"https:\/\/www.rigau.cat\/es\/wp-json\/wp\/v2\/media\/241580"}],"wp:attachment":[{"href":"https:\/\/www.rigau.cat\/es\/wp-json\/wp\/v2\/media?parent=241910"}],"wp:term":[{"taxonomy":"product_brand","embeddable":true,"href":"https:\/\/www.rigau.cat\/es\/wp-json\/wp\/v2\/product_brand?post=241910"},{"taxonomy":"product_cat","embeddable":true,"href":"https:\/\/www.rigau.cat\/es\/wp-json\/wp\/v2\/product_cat?post=241910"},{"taxonomy":"product_tag","embeddable":true,"href":"https:\/\/www.rigau.cat\/es\/wp-json\/wp\/v2\/product_tag?post=241910"}],"curies":[{"name":"wp","href":"https:\/\/api.w.org\/{rel}","templated":true}]}}