{"id":241906,"date":"2023-03-09T09:44:17","date_gmt":"2023-03-09T08:44:17","guid":{"rendered":"https:\/\/rigau.cat\/producto\/kit-02-cerradura-escudo-de-seguridad\/"},"modified":"2025-01-07T14:45:02","modified_gmt":"2025-01-07T13:45:02","slug":"kit-02-bombin-de-alta-seguridad-escudo-de-alta-seguridad","status":"publish","type":"product","link":"https:\/\/www.rigau.cat\/es\/product\/kit-02-bombin-de-alta-seguridad-escudo-de-alta-seguridad\/","title":{"rendered":"KIT 02 &#8211; Bomb\u00edn de alta seguridad + Escudo de alta Seguridad"},"content":{"rendered":"<h4>Descripci\u00f3n del Pack<\/h4>\n<p>Consiste en la instalaci\u00f3n conjunta de un escudo protector acorazado de seguridad con tectolog\u00eda ROK, m\u00e1s una cerradura de seguridad de gama alta con llave incopiable.<\/p>\n<p>Adem\u00e1s de la resistencia f\u00edsica contra ataques violentos, protege contra intentos de copia de llave y m\u00e9todos de apertura no violentos como el \u00abganzua\u00bb, \u00abbumping\u00bb y \u00abmagic key\u00bb.<\/p>\n<p>Aunque la cerradura de seguridad sea resistente, es necesario la instalaci\u00f3n de un escudo de seguridad para evitar los ataques con herramientas como los extractores de escudos, molas rectas, etc.<\/p>\n<p>&nbsp;<\/p>\n<div><strong>Escudo DISEC BD280 ROK<\/strong><\/div>\n<div>\n<ul>\n<li>Escudo protector de acero de Tungsteno y pasadores de widia diamantada.<\/li>\n<li>Contraplaca interior por la instalaci\u00f3n.<\/li>\n<li>Embellecedor interior para ocultar la torniller\u00eda.<\/li>\n<li>Torniller\u00eda de sujeci\u00f3n especial de acero inoxidable con flexibilidad y torsi\u00f3n controlada hasta 2.100Kg de presi\u00f3n.<\/li>\n<li>Bolas de acero para evitar que se taladre.<\/li>\n<\/ul>\n<div>\n<p>&nbsp;<\/p>\n<p><strong>Cerradura y llaves de seguridad KABA Expert<\/strong><\/p>\n<\/div>\n<div>\n<ul>\n<li>Cerradura de medida est\u00e1ndard.<\/li>\n<li>Protecci\u00f3n extra LAM.<\/li>\n<li>5 llaves<\/li>\n<li>Tarjeta KABA por el control de los duplicados.<\/li>\n<\/ul>\n<p>&nbsp;<\/p>\n<p>Con escudo largo con placa de manganeso: 479\u20ac<\/p>\n<\/div>\n<\/div>\n<h3>La instalaci\u00f3n est\u00e1 incluida en el precio.<\/h3>\n","protected":false},"excerpt":{"rendered":"<p>Pack de seguridad de Nivel R2 que proporciona una resistencia de 20 minutos ante ataques con herramientas profesionales y utilizando un nivel de ruido alto. Con escudo largo con placa de manganeso: 479\u20ac<\/p>\n","protected":false},"featured_media":241575,"template":"","meta":{"_et_pb_use_builder":"","_et_pb_old_content":"","_et_gb_content_width":"","_joinchat":[]},"product_brand":[],"product_cat":[48],"product_tag":[],"class_list":{"0":"post-241906","1":"product","2":"type-product","3":"status-publish","4":"has-post-thumbnail","6":"product_cat-ofertas-nivel-r2-de-proteccion","8":"first","9":"instock","10":"taxable","11":"shipping-taxable","12":"purchasable","13":"product-type-simple"},"_links":{"self":[{"href":"https:\/\/www.rigau.cat\/es\/wp-json\/wp\/v2\/product\/241906","targetHints":{"allow":["GET"]}}],"collection":[{"href":"https:\/\/www.rigau.cat\/es\/wp-json\/wp\/v2\/product"}],"about":[{"href":"https:\/\/www.rigau.cat\/es\/wp-json\/wp\/v2\/types\/product"}],"wp:featuredmedia":[{"embeddable":true,"href":"https:\/\/www.rigau.cat\/es\/wp-json\/wp\/v2\/media\/241575"}],"wp:attachment":[{"href":"https:\/\/www.rigau.cat\/es\/wp-json\/wp\/v2\/media?parent=241906"}],"wp:term":[{"taxonomy":"product_brand","embeddable":true,"href":"https:\/\/www.rigau.cat\/es\/wp-json\/wp\/v2\/product_brand?post=241906"},{"taxonomy":"product_cat","embeddable":true,"href":"https:\/\/www.rigau.cat\/es\/wp-json\/wp\/v2\/product_cat?post=241906"},{"taxonomy":"product_tag","embeddable":true,"href":"https:\/\/www.rigau.cat\/es\/wp-json\/wp\/v2\/product_tag?post=241906"}],"curies":[{"name":"wp","href":"https:\/\/api.w.org\/{rel}","templated":true}]}}