{"id":241905,"date":"2023-03-08T12:07:37","date_gmt":"2023-03-08T11:07:37","guid":{"rendered":"https:\/\/rigau.cat\/producto\/kit-01-cerradura-de-seguridad\/"},"modified":"2024-02-27T11:16:06","modified_gmt":"2024-02-27T10:16:06","slug":"kit-01-cerradura-de-seguridad","status":"publish","type":"product","link":"https:\/\/www.rigau.cat\/es\/product\/kit-01-cerradura-de-seguridad\/","title":{"rendered":"KIT 01 &#8211; Cerradura de seguridad"},"content":{"rendered":"<p>[et_pb_section fb_built=\u00bb1&#8243; _builder_version=\u00bb4.16&#8243; custom_padding=\u00bb0px||||false|false\u00bb global_colors_info=\u00bb{}\u00bb][et_pb_row _builder_version=\u00bb4.16&#8243; background_size=\u00bbinitial\u00bb background_position=\u00bbtop_left\u00bb background_repeat=\u00bbrepeat\u00bb width=\u00bb100%\u00bb custom_padding=\u00bb0px||0px||false|false\u00bb global_colors_info=\u00bb{}\u00bb][et_pb_column type=\u00bb4_4&#8243; _builder_version=\u00bb4.16&#8243; custom_padding=\u00bb|||\u00bb global_colors_info=\u00bb{}\u00bb custom_padding__hover=\u00bb|||\u00bb][et_pb_wc_breadcrumb _builder_version=\u00bb4.16&#8243; global_colors_info=\u00bb{}\u00bb][\/et_pb_wc_breadcrumb][et_pb_wc_cart_notice _builder_version=\u00bb4.16&#8243; global_colors_info=\u00bb{}\u00bb][\/et_pb_wc_cart_notice][\/et_pb_column][\/et_pb_row][et_pb_row column_structure=\u00bb1_2,1_2&#8243; _builder_version=\u00bb4.16&#8243; background_size=\u00bbinitial\u00bb background_position=\u00bbtop_left\u00bb background_repeat=\u00bbrepeat\u00bb width=\u00bb100%\u00bb custom_padding=\u00bb0px||||false|false\u00bb global_colors_info=\u00bb{}\u00bb][et_pb_column type=\u00bb1_2&#8243; _builder_version=\u00bb4.16&#8243; custom_padding=\u00bb|||\u00bb global_colors_info=\u00bb{}\u00bb custom_padding__hover=\u00bb|||\u00bb][et_pb_wc_images _builder_version=\u00bb4.16&#8243; global_colors_info=\u00bb{}\u00bb][\/et_pb_wc_images][\/et_pb_column][et_pb_column type=\u00bb1_2&#8243; _builder_version=\u00bb4.16&#8243; custom_padding=\u00bb|||\u00bb global_colors_info=\u00bb{}\u00bb custom_padding__hover=\u00bb|||\u00bb][et_pb_wc_title _builder_version=\u00bb4.16&#8243; global_colors_info=\u00bb{}\u00bb][\/et_pb_wc_title][et_pb_wc_rating _builder_version=\u00bb4.16&#8243; global_colors_info=\u00bb{}\u00bb][\/et_pb_wc_rating][et_pb_wc_price _builder_version=\u00bb4.16&#8243; global_colors_info=\u00bb{}\u00bb][\/et_pb_wc_price][et_pb_wc_description _builder_version=\u00bb4.16&#8243; hover_enabled=\u00bb0&#8243; global_colors_info=\u00bb{}\u00bb sticky_enabled=\u00bb0&#8243;][\/et_pb_wc_description][et_pb_wc_add_to_cart _builder_version=\u00bb4.16&#8243; global_colors_info=\u00bb{}\u00bb][\/et_pb_wc_add_to_cart][et_pb_wc_meta _builder_version=\u00bb4.16&#8243; global_colors_info=\u00bb{}\u00bb][\/et_pb_wc_meta][\/et_pb_column][\/et_pb_row][et_pb_row _builder_version=\u00bb4.16&#8243; background_size=\u00bbinitial\u00bb background_position=\u00bbtop_left\u00bb background_repeat=\u00bbrepeat\u00bb width=\u00bb100%\u00bb global_colors_info=\u00bb{}\u00bb][et_pb_column type=\u00bb4_4&#8243; _builder_version=\u00bb4.16&#8243; custom_padding=\u00bb|||\u00bb global_colors_info=\u00bb{}\u00bb custom_padding__hover=\u00bb|||\u00bb][et_pb_wc_tabs _builder_version=\u00bb4.16&#8243; global_colors_info=\u00bb{}\u00bb]\t\t\t\t\t[\/et_pb_wc_tabs][et_pb_wc_upsells _builder_version=\u00bb4.16&#8243; global_colors_info=\u00bb{}\u00bb][\/et_pb_wc_upsells][et_pb_wc_related_products _builder_version=\u00bb4.16&#8243; global_colors_info=\u00bb{}\u00bb][\/et_pb_wc_related_products][\/et_pb_column][\/et_pb_row][\/et_pb_section]<\/p>\n","protected":false},"excerpt":{"rendered":"<div class=\"parrafo-descripcion\">Con Bomb\u00edn de alta seguridad con llave incopiable<\/div>\n<div>Suplemento en color blanco, negro o niquel satinado: 25\u20ac<\/div>\n<div>Alargada especial +50mm: 30\u20ac<\/div>\n","protected":false},"featured_media":241566,"template":"","meta":{"_et_pb_use_builder":"on","_et_pb_old_content":"Consiste en la instalaci\u00f3n de una cerradura sobrepuesta de seguridad, adicional a la cerradura principal de la puerta. Incluye una cerradura de seguridad protegida con un escudo de seguridad y como opcional un cilindro de gama alta con llave incopiable.\n\nAdem\u00e1s de la resistencia f\u00edsica contra ataques violentos, protege contra intentos de copia de llave y m\u00e9todos de apertura no violentos como el \"ganzua\", \"bumping\" y \"magic key\".\n\n<strong>CERRADURA DE ALTA SEGURIDAD<\/strong>\n<ul>\n \t<li>Escudo protector de acero de Tungsteno y pasadores de widia diamantada.<\/li>\n \t<li>Contraplaca interior por la instalaci\u00f3n.<\/li>\n \t<li>Embellecedor interior para ocultar la torniller\u00eda.<\/li>\n \t<li>Torniller\u00eda de sujeci\u00f3n especial de acero inoxidable con flexibilidad y torsi\u00f3n controlada hasta 2.100Kg de presi\u00f3n.<\/li>\n \t<li>Bolas de acero para evitar que se taladre.<\/li>\n<\/ul>\nAlargada especial +50mm: 30\u20ac\n<h4>La instalaci\u00f3n est\u00e1 incluida en el precio.<\/h4>","_et_gb_content_width":"","_joinchat":[]},"product_brand":[],"product_cat":[48],"product_tag":[],"class_list":{"0":"post-241905","1":"product","2":"type-product","3":"status-publish","4":"has-post-thumbnail","6":"product_cat-ofertas-nivel-r2-de-proteccion","8":"first","9":"instock","10":"taxable","11":"shipping-taxable","12":"purchasable","13":"product-type-simple"},"_links":{"self":[{"href":"https:\/\/www.rigau.cat\/es\/wp-json\/wp\/v2\/product\/241905","targetHints":{"allow":["GET"]}}],"collection":[{"href":"https:\/\/www.rigau.cat\/es\/wp-json\/wp\/v2\/product"}],"about":[{"href":"https:\/\/www.rigau.cat\/es\/wp-json\/wp\/v2\/types\/product"}],"wp:featuredmedia":[{"embeddable":true,"href":"https:\/\/www.rigau.cat\/es\/wp-json\/wp\/v2\/media\/241566"}],"wp:attachment":[{"href":"https:\/\/www.rigau.cat\/es\/wp-json\/wp\/v2\/media?parent=241905"}],"wp:term":[{"taxonomy":"product_brand","embeddable":true,"href":"https:\/\/www.rigau.cat\/es\/wp-json\/wp\/v2\/product_brand?post=241905"},{"taxonomy":"product_cat","embeddable":true,"href":"https:\/\/www.rigau.cat\/es\/wp-json\/wp\/v2\/product_cat?post=241905"},{"taxonomy":"product_tag","embeddable":true,"href":"https:\/\/www.rigau.cat\/es\/wp-json\/wp\/v2\/product_tag?post=241905"}],"curies":[{"name":"wp","href":"https:\/\/api.w.org\/{rel}","templated":true}]}}