{"id":255368,"date":"2025-03-19T15:17:09","date_gmt":"2025-03-19T14:17:09","guid":{"rendered":"https:\/\/www.rigau.cat\/cajas-fuertes\/cajas-fuertes-gruber\/"},"modified":"2025-03-19T15:33:32","modified_gmt":"2025-03-19T14:33:32","slug":"cajas-fuertes-gruber","status":"publish","type":"page","link":"https:\/\/www.rigau.cat\/es\/cajas-fuertes\/cajas-fuertes-gruber\/","title":{"rendered":"Cajas fuertes Gruber"},"content":{"rendered":"<p>[et_pb_section fb_built=\u00bb1&#8243; custom_padding_last_edited=\u00bbon|phone\u00bb _builder_version=\u00bb4.27.4&#8243; _module_preset=\u00bbdefault\u00bb background_color=\u00bbrgba(0,0,0,0.63)\u00bb use_background_color_gradient=\u00bbon\u00bb background_color_gradient_direction=\u00bb90deg\u00bb background_color_gradient_stops=\u00bb#000000 0%|rgba(0,0,0,0.67) 69%\u00bb background_image=\u00bbhttps:\/\/www.rigau.cat\/wp-content\/uploads\/2023\/03\/Caixes-fortes-Rgau.jpg\u00bb background_blend=\u00bboverlay\u00bb custom_padding=\u00bb||126px||false|false\u00bb custom_padding_tablet=\u00bb||126px||false|false\u00bb custom_padding_phone=\u00bb||0px||false|false\u00bb locked=\u00bboff\u00bb global_colors_info=\u00bb{}\u00bb][et_pb_row column_structure=\u00bb3_5,2_5&#8243; use_custom_gutter=\u00bbon\u00bb gutter_width=\u00bb2&#8243; make_equal=\u00bbon\u00bb _builder_version=\u00bb4.19.5&#8243; _module_preset=\u00bbdefault\u00bb width=\u00bb90%\u00bb max_width=\u00bb1170px\u00bb custom_margin_tablet=\u00bb\u00bb custom_margin_phone=\u00bb\u00bb custom_margin_last_edited=\u00bbon|phone\u00bb custom_padding=\u00bb||0px||false|false\u00bb animation_style=\u00bbslide\u00bb animation_direction=\u00bbleft\u00bb animation_duration=\u00bb1600ms\u00bb animation_intensity_slide=\u00bb12%\u00bb animation_starting_opacity=\u00bb6%\u00bb global_colors_info=\u00bb{}\u00bb][et_pb_column type=\u00bb3_5&#8243; _builder_version=\u00bb4.16&#8243; _module_preset=\u00bbdefault\u00bb global_colors_info=\u00bb{}\u00bb][et_pb_text _builder_version=\u00bb4.27.4&#8243; _module_preset=\u00bbdefault\u00bb link_text_color=\u00bb#ff3b3e;\u00bb header_font=\u00bb|300|||||||\u00bb header_text_color=\u00bb#FFFFFF\u00bb header_font_size=\u00bb72px\u00bb header_2_font=\u00bb|800|||||||\u00bb header_2_text_color=\u00bb#ffffff\u00bb header_2_font_size=\u00bb72px\u00bb custom_margin=\u00bb||30px||false|false\u00bb custom_margin_tablet=\u00bb\u00bb custom_margin_phone=\u00bb||20px||false|false\u00bb custom_margin_last_edited=\u00bbon|phone\u00bb header_font_size_tablet=\u00bb72px\u00bb header_font_size_phone=\u00bb45px\u00bb header_font_size_last_edited=\u00bbon|phone\u00bb header_2_font_size_tablet=\u00bb\u00bb header_2_font_size_phone=\u00bb30px\u00bb header_2_font_size_last_edited=\u00bbon|phone\u00bb header_2_line_height_tablet=\u00bb\u00bb header_2_line_height_phone=\u00bb35px\u00bb header_2_line_height_last_edited=\u00bbon|phone\u00bb global_colors_info=\u00bb{}\u00bb]<\/p>\n<h1>Cajas fuertes <strong><span style=\"color: #e42313;\">Gruber<\/span><\/strong><\/h1>\n<p>[\/et_pb_text][et_pb_text _builder_version=\u00bb4.27.4&#8243; _module_preset=\u00bbdefault\u00bb text_font=\u00bb|600|||||||\u00bb text_text_color=\u00bb#ffffff\u00bb text_font_size=\u00bb21px\u00bb text_line_height=\u00bb30px\u00bb width=\u00bb57%\u00bb width_tablet=\u00bb100%\u00bb width_phone=\u00bb\u00bb width_last_edited=\u00bbon|phone\u00bb custom_margin=\u00bb||30px||false|false\u00bb custom_margin_tablet=\u00bb||30px||false|false\u00bb custom_margin_phone=\u00bb|60px|||false|false\u00bb custom_margin_last_edited=\u00bbon|phone\u00bb custom_padding=\u00bb|||20px|false|false\u00bb text_font_size_tablet=\u00bb21px\u00bb text_font_size_phone=\u00bb19px\u00bb text_font_size_last_edited=\u00bbon|phone\u00bb border_width_left=\u00bb3px\u00bb border_color_left=\u00bb#e42313&#8243; global_colors_info=\u00bb{}\u00bb]La seguridad es una de las actuales prioridades.[\/et_pb_text][\/et_pb_column][et_pb_column type=\u00bb2_5&#8243; disabled_on=\u00bbon|on|off\u00bb _builder_version=\u00bb4.19.5&#8243; _module_preset=\u00bbdefault\u00bb global_colors_info=\u00bb{}\u00bb][\/et_pb_column][\/et_pb_row][\/et_pb_section][et_pb_section fb_built=\u00bb1&#8243; _builder_version=\u00bb4.19.5&#8243; _module_preset=\u00bbdefault\u00bb custom_padding=\u00bb||19px|||\u00bb locked=\u00bboff\u00bb global_colors_info=\u00bb{}\u00bb][et_pb_row _builder_version=\u00bb4.19.5&#8243; _module_preset=\u00bbdefault\u00bb locked=\u00bboff\u00bb global_colors_info=\u00bb{}\u00bb][et_pb_column type=\u00bb4_4&#8243; _builder_version=\u00bb4.19.5&#8243; _module_preset=\u00bbdefault\u00bb global_colors_info=\u00bb{}\u00bb][lwp_divi_breadcrumbs home_text=\u00bbInicio\u00bb _builder_version=\u00bb4.27.4&#8243; _module_preset=\u00bbdefault\u00bb hover_enabled=\u00bb0&#8243; global_colors_info=\u00bb{}\u00bb sticky_enabled=\u00bb0&#8243;][\/lwp_divi_breadcrumbs][\/et_pb_column][\/et_pb_row][et_pb_row column_structure=\u00bb1_2,1_2&#8243; _builder_version=\u00bb4.19.5&#8243; _module_preset=\u00bbdefault\u00bb custom_margin_tablet=\u00bb\u00bb custom_margin_phone=\u00bb-28px||||false|false\u00bb custom_margin_last_edited=\u00bbon|phone\u00bb global_colors_info=\u00bb{}\u00bb][et_pb_column type=\u00bb1_2&#8243; _builder_version=\u00bb4.19.5&#8243; _module_preset=\u00bbdefault\u00bb animation_style=\u00bbslide\u00bb animation_direction=\u00bbleft\u00bb animation_duration=\u00bb1600ms\u00bb animation_intensity_slide=\u00bb12%\u00bb animation_starting_opacity=\u00bb6%\u00bb global_colors_info=\u00bb{}\u00bb][et_pb_image src=\u00bbhttps:\/\/www.rigau.cat\/wp-content\/uploads\/2025\/03\/Caixa-forta-gruber.jpg\u00bb title_text=\u00bbCaja fuerte Gruber\u00bb align=\u00bbcenter\u00bb _builder_version=\u00bb4.27.4&#8243; _module_preset=\u00bbdefault\u00bb width=\u00bb77%\u00bb animation_style=\u00bbslide\u00bb animation_direction=\u00bbleft\u00bb animation_duration=\u00bb1600ms\u00bb animation_intensity_slide=\u00bb12%\u00bb animation_starting_opacity=\u00bb6%\u00bb border_radii=\u00bbon|12px|12px|12px|12px\u00bb box_shadow_style=\u00bbpreset3&#8243; global_colors_info=\u00bb{}\u00bb][\/et_pb_image][\/et_pb_column][et_pb_column type=\u00bb1_2&#8243; _builder_version=\u00bb4.19.5&#8243; _module_preset=\u00bbdefault\u00bb animation_direction=\u00bbright\u00bb global_colors_info=\u00bb{}\u00bb][et_pb_text quote_border_color=\u00bb#e42313&#8243; _builder_version=\u00bb4.27.4&#8243; _module_preset=\u00bbdefault\u00bb text_font=\u00bb|300|||||||\u00bb text_font_size=\u00bb16px\u00bb text_line_height=\u00bb35px\u00bb ul_line_height=\u00bb2em\u00bb custom_margin=\u00bb-9px||26px||false|false\u00bb custom_margin_tablet=\u00bb-9px||26px||false|false\u00bb custom_margin_phone=\u00bb||0px||false|false\u00bb custom_margin_last_edited=\u00bbon|phone\u00bb animation_style=\u00bbslide\u00bb animation_direction=\u00bbright\u00bb animation_duration=\u00bb1600ms\u00bb animation_intensity_slide=\u00bb12%\u00bb animation_starting_opacity=\u00bb6%\u00bb text_font_size_tablet=\u00bb\u00bb text_font_size_phone=\u00bb15px\u00bb text_font_size_last_edited=\u00bbon|phone\u00bb text_line_height_tablet=\u00bb35px\u00bb text_line_height_phone=\u00bb30.1px\u00bb text_line_height_last_edited=\u00bbon|phone\u00bb custom_css_main_element=\u00bbfont-weight:400;\u00bb locked=\u00bboff\u00bb global_colors_info=\u00bb{}\u00bb]<\/p>\n<blockquote>\n<p style=\"text-align: left;\">Sabemos que la seguridad es una de las actuales prioridades en nuestra sociedad. Rigau Grup suma m\u00e1s de tres d\u00e9cadas de experiencia y un cat\u00e1logo con propuestas las <a href=\"https:\/\/www.rigau.cat\/es\/cajas-fuertes\/\">cajas fuertes<\/a> Gruber, reconocidas por su resistencia y tecnolog\u00eda de vanguardia. <\/p>\n<\/blockquote>\n<p>[\/et_pb_text][et_pb_text _builder_version=\u00bb4.27.4&#8243; _module_preset=\u00bbdefault\u00bb text_font=\u00bb|300|||||||\u00bb text_font_size=\u00bb16px\u00bb link_font=\u00bb|700|||||||\u00bb custom_margin=\u00bb25px||0px||false|false\u00bb custom_margin_tablet=\u00bb25px||0px||false|false\u00bb custom_margin_phone=\u00bb25px||27px||false|false\u00bb custom_margin_last_edited=\u00bbon|phone\u00bb animation_style=\u00bbslide\u00bb animation_direction=\u00bbleft\u00bb animation_duration=\u00bb1600ms\u00bb animation_intensity_slide=\u00bb12%\u00bb animation_starting_opacity=\u00bb6%\u00bb locked=\u00bboff\u00bb global_colors_info=\u00bb{}\u00bb]Si buscas una soluci\u00f3n fiable para proteger a tus objetos m\u00e1s preciados, tenemos el modelo ideal para ti.[\/et_pb_text][\/et_pb_column][\/et_pb_row][\/et_pb_section][et_pb_section fb_built=\u00bb1&#8243; _builder_version=\u00bb4.19.5&#8243; _module_preset=\u00bbdefault\u00bb custom_padding=\u00bb0px||54px|||\u00bb locked=\u00bboff\u00bb global_colors_info=\u00bb{}\u00bb][et_pb_row _builder_version=\u00bb4.21.0&#8243; _module_preset=\u00bbdefault\u00bb custom_padding=\u00bb0px||5px|||\u00bb locked=\u00bboff\u00bb global_colors_info=\u00bb{}\u00bb][et_pb_column type=\u00bb4_4&#8243; _builder_version=\u00bb4.19.5&#8243; _module_preset=\u00bbdefault\u00bb global_colors_info=\u00bb{}\u00bb][et_pb_text _builder_version=\u00bb4.27.4&#8243; _module_preset=\u00bbdefault\u00bb text_text_color=\u00bb#FFFFFF\u00bb text_font_size=\u00bb16px\u00bb header_2_text_color=\u00bb#FFFFFF\u00bb header_3_text_color=\u00bb#FFFFFF\u00bb header_3_font_size=\u00bb26px\u00bb background_color=\u00bb#e42313&#8243; custom_margin=\u00bb0px||||false|false\u00bb custom_margin_tablet=\u00bb0px||||false|false\u00bb custom_margin_phone=\u00bb25px||||false|false\u00bb custom_margin_last_edited=\u00bbon|phone\u00bb custom_padding=\u00bb22px|15px|12px|15px|false|false\u00bb animation_style=\u00bbslide\u00bb animation_direction=\u00bbtop\u00bb animation_duration=\u00bb1600ms\u00bb animation_intensity_slide=\u00bb12%\u00bb animation_starting_opacity=\u00bb6%\u00bb locked=\u00bboff\u00bb global_colors_info=\u00bb{}\u00bb]<\/p>\n<h2>Protecci\u00f3n y fiabilidad con las mejores marcas de cajas fuertes<\/h2>\n<p>[\/et_pb_text][\/et_pb_column][\/et_pb_row][et_pb_row _builder_version=\u00bb4.27.4&#8243; _module_preset=\u00bbdefault\u00bb custom_padding=\u00bb0px||5px|||\u00bb locked=\u00bboff\u00bb global_colors_info=\u00bb{}\u00bb][et_pb_column type=\u00bb4_4&#8243; _builder_version=\u00bb4.19.5&#8243; _module_preset=\u00bbdefault\u00bb global_colors_info=\u00bb{}\u00bb][et_pb_text _builder_version=\u00bb4.27.4&#8243; _module_preset=\u00bbdefault\u00bb text_font=\u00bb|300|||||||\u00bb text_font_size=\u00bb16px\u00bb link_font=\u00bb|700|||||||\u00bb custom_margin=\u00bb25px||0px||false|false\u00bb custom_margin_tablet=\u00bb25px||0px||false|false\u00bb custom_margin_phone=\u00bb25px||27px||false|false\u00bb custom_margin_last_edited=\u00bbon|phone\u00bb animation_style=\u00bbslide\u00bb animation_direction=\u00bbleft\u00bb animation_duration=\u00bb1600ms\u00bb animation_intensity_slide=\u00bb12%\u00bb animation_starting_opacity=\u00bb6%\u00bb locked=\u00bboff\u00bb global_colors_info=\u00bb{}\u00bb]<\/p>\n<p>Nuestra experiencia en seguridad nos permite trabajar con las mejores <a href=\"https:\/\/www.rigau.cat\/es\/cajas-fuertes\/marcas\/\">marcas de cajas fuertes<\/a> del mercado. Entre ellas, destacan las fuertes cajas Gruber. <\/p>\n<p>Estas cajas est\u00e1n dise\u00f1adas con materiales de alta resistencia y sistemas de cierre avanzados para garantizar la m\u00e1xima protecci\u00f3n contra incendios y robos.<\/p>\n<p>[\/et_pb_text][\/et_pb_column][\/et_pb_row][et_pb_row _builder_version=\u00bb4.27.0&#8243; _module_preset=\u00bbdefault\u00bb custom_margin=\u00bb20px||||false|false\u00bb custom_padding=\u00bb0px||5px|||\u00bb locked=\u00bboff\u00bb global_colors_info=\u00bb{}\u00bb][et_pb_column type=\u00bb4_4&#8243; _builder_version=\u00bb4.19.5&#8243; _module_preset=\u00bbdefault\u00bb global_colors_info=\u00bb{}\u00bb][et_pb_text _builder_version=\u00bb4.27.4&#8243; _module_preset=\u00bbdefault\u00bb text_text_color=\u00bb#FFFFFF\u00bb text_font_size=\u00bb16px\u00bb header_2_text_color=\u00bb#FFFFFF\u00bb header_3_text_color=\u00bb#FFFFFF\u00bb header_3_font_size=\u00bb26px\u00bb background_color=\u00bb#e42313&#8243; custom_margin=\u00bb0px||||false|false\u00bb custom_margin_tablet=\u00bb0px||||false|false\u00bb custom_margin_phone=\u00bb25px||||false|false\u00bb custom_margin_last_edited=\u00bbon|phone\u00bb custom_padding=\u00bb22px|15px|12px|15px|false|false\u00bb animation_style=\u00bbslide\u00bb animation_direction=\u00bbtop\u00bb animation_duration=\u00bb1600ms\u00bb animation_intensity_slide=\u00bb12%\u00bb animation_starting_opacity=\u00bb6%\u00bb locked=\u00bboff\u00bb global_colors_info=\u00bb{}\u00bb]<\/p>\n<h2>La caja fuerte perfecta para cada necesidad<br \/>\n<\/h2>\n<p>[\/et_pb_text][et_pb_text _builder_version=\u00bb4.27.4&#8243; _module_preset=\u00bbdefault\u00bb text_font=\u00bb|300|||||||\u00bb text_font_size=\u00bb16px\u00bb link_font=\u00bb|700|||||||\u00bb custom_margin=\u00bb25px||0px||false|false\u00bb custom_margin_tablet=\u00bb25px||0px||false|false\u00bb custom_margin_phone=\u00bb25px||27px||false|false\u00bb custom_margin_last_edited=\u00bbon|phone\u00bb animation_style=\u00bbslide\u00bb animation_direction=\u00bbleft\u00bb animation_duration=\u00bb1600ms\u00bb animation_intensity_slide=\u00bb12%\u00bb animation_starting_opacity=\u00bb6%\u00bb locked=\u00bboff\u00bb global_colors_info=\u00bb{}\u00bb]Ofrecemos una amplia variedad de cajas fuertes adaptadas a cada situaci\u00f3n. Desde cajas fuertes empotrables, ideales para aquellos que desean una soluci\u00f3n discreta y segura, hasta cajas fuertes de sobremesa, pr\u00e1cticas y accesibles para un uso cotidiano. <\/p>\n<p>Si necesitas seguridad adicional, nuestras cajas fuertes Gruber cuentan con sistemas de bloqueo electr\u00f3nico o mec\u00e1nico. <\/p>\n<p>Adem\u00e1s, nuestro equipo de expertos de Rigau Grup, en cualquiera de nuestros centros en todo el territorio, te asesorar\u00e1 para que puedas elegir la mejor opci\u00f3n seg\u00fan tus necesidades y estilo de vida.[\/et_pb_text][\/et_pb_column][\/et_pb_row][et_pb_row _builder_version=\u00bb4.27.4&#8243; _module_preset=\u00bbdefault\u00bb custom_margin=\u00bb23px||||false|false\u00bb custom_padding=\u00bb0px||5px|||\u00bb locked=\u00bboff\u00bb global_colors_info=\u00bb{}\u00bb][et_pb_column type=\u00bb4_4&#8243; _builder_version=\u00bb4.19.5&#8243; _module_preset=\u00bbdefault\u00bb global_colors_info=\u00bb{}\u00bb][et_pb_text _builder_version=\u00bb4.27.4&#8243; _module_preset=\u00bbdefault\u00bb text_text_color=\u00bb#FFFFFF\u00bb text_font_size=\u00bb16px\u00bb header_2_text_color=\u00bb#FFFFFF\u00bb header_3_text_color=\u00bb#FFFFFF\u00bb header_3_font_size=\u00bb26px\u00bb background_color=\u00bb#e42313&#8243; custom_margin=\u00bb0px||||false|false\u00bb custom_margin_tablet=\u00bb0px||||false|false\u00bb custom_margin_phone=\u00bb25px||||false|false\u00bb custom_margin_last_edited=\u00bbon|phone\u00bb custom_padding=\u00bb22px|15px|12px|15px|false|false\u00bb animation_style=\u00bbslide\u00bb animation_direction=\u00bbtop\u00bb animation_duration=\u00bb1600ms\u00bb animation_intensity_slide=\u00bb12%\u00bb animation_starting_opacity=\u00bb6%\u00bb locked=\u00bboff\u00bb global_colors_info=\u00bb{}\u00bb]<\/p>\n<h3> Conf\u00eda en Rigau Grup para tu seguridad<\/h3>\n<p>[\/et_pb_text][et_pb_text _builder_version=\u00bb4.27.4&#8243; _module_preset=\u00bbdefault\u00bb text_font=\u00bb|300|||||||\u00bb text_font_size=\u00bb16px\u00bb link_font=\u00bb|700|||||||\u00bb custom_margin=\u00bb25px||0px||false|false\u00bb custom_margin_tablet=\u00bb25px||0px||false|false\u00bb custom_margin_phone=\u00bb25px||27px||false|false\u00bb custom_margin_last_edited=\u00bbon|phone\u00bb animation_style=\u00bbslide\u00bb animation_direction=\u00bbleft\u00bb animation_duration=\u00bb1600ms\u00bb animation_intensity_slide=\u00bb12%\u00bb animation_starting_opacity=\u00bb6%\u00bb locked=\u00bboff\u00bb global_colors_info=\u00bb{}\u00bb]<\/p>\n<p>En Rigau Grup trabajamos con las marcas de cajas fuertes m\u00e1s prestigiosas del mercado, asegur\u00e1ndote una inversi\u00f3n segura.<\/p>\n<p><strong>\u00a1No esperes m\u00e1s!<\/strong><\/p>\n<p><strong>Contacta con nosotros y descubre c\u00f3mo las cajas fuertes Gruber pueden ofrecerte la protecci\u00f3n que necesitas para tu negocio u hogar.<\/strong><\/p>\n<p>[\/et_pb_text][\/et_pb_column][\/et_pb_row][\/et_pb_section]<\/p>\n","protected":false},"excerpt":{"rendered":"<p>Cajas fuertes GruberLa seguridad es una de las actuales prioridades.<div class=\"et_pb_module lwp_divi_breadcrumbs lwp_divi_breadcrumbs_0\">\n\t\t\t\t\n\t\t\t\t\n\t\t\t\t\n\t\t\t\t\n\t\t\t\t\n\t\t\t\t\n\t\t\t\t<div class=\"et_pb_module_inner\">\n\t\t\t\t\t<div class=\"lwp-breadcrumbs\"> <span class=\"before\"><\/span> <span vocab=\"https:\/\/schema.org\/\" typeof=\"BreadcrumbList\"><span property=\"itemListElement\" typeof=\"ListItem\"><a property=\"item\" typeof=\"WebPage\" href=\"https:\/\/www.rigau.cat\/es\/\" class=\"home\"><span property=\"name\">Inicio<\/span><\/a><meta property=\"position\" content=\"1\"><\/span> <span class=\"separator et-pb-icon\">&#x39;<\/span> <\/span><\/div>\n\t\t\t\t<\/div>\n\t\t\t<\/div> Sabemos que la seguridad es una de las actuales prioridades en nuestra sociedad. Rigau Grup suma m\u00e1s de tres d\u00e9cadas de experiencia y un cat\u00e1logo con propuestas las cajas fuertes Gruber, reconocidas por su resistencia y tecnolog\u00eda de vanguardia. [&hellip;]<\/p>\n","protected":false},"author":4,"featured_media":0,"parent":246582,"menu_order":0,"comment_status":"closed","ping_status":"closed","template":"","meta":{"_et_pb_use_builder":"on","_et_pb_old_content":"","_et_gb_content_width":"","_joinchat":[],"footnotes":""},"class_list":["post-255368","page","type-page","status-publish","hentry"],"_links":{"self":[{"href":"https:\/\/www.rigau.cat\/es\/wp-json\/wp\/v2\/pages\/255368","targetHints":{"allow":["GET"]}}],"collection":[{"href":"https:\/\/www.rigau.cat\/es\/wp-json\/wp\/v2\/pages"}],"about":[{"href":"https:\/\/www.rigau.cat\/es\/wp-json\/wp\/v2\/types\/page"}],"author":[{"embeddable":true,"href":"https:\/\/www.rigau.cat\/es\/wp-json\/wp\/v2\/users\/4"}],"replies":[{"embeddable":true,"href":"https:\/\/www.rigau.cat\/es\/wp-json\/wp\/v2\/comments?post=255368"}],"version-history":[{"count":4,"href":"https:\/\/www.rigau.cat\/es\/wp-json\/wp\/v2\/pages\/255368\/revisions"}],"predecessor-version":[{"id":255376,"href":"https:\/\/www.rigau.cat\/es\/wp-json\/wp\/v2\/pages\/255368\/revisions\/255376"}],"up":[{"embeddable":true,"href":"https:\/\/www.rigau.cat\/es\/wp-json\/wp\/v2\/pages\/246582"}],"wp:attachment":[{"href":"https:\/\/www.rigau.cat\/es\/wp-json\/wp\/v2\/media?parent=255368"}],"curies":[{"name":"wp","href":"https:\/\/api.w.org\/{rel}","templated":true}]}}