{"id":255346,"date":"2025-03-19T14:25:14","date_gmt":"2025-03-19T13:25:14","guid":{"rendered":"https:\/\/www.rigau.cat\/cajas-fuertes\/cajas-fuertes-soler\/"},"modified":"2025-03-19T14:41:54","modified_gmt":"2025-03-19T13:41:54","slug":"cajas-fuertes-soler","status":"publish","type":"page","link":"https:\/\/www.rigau.cat\/es\/cajas-fuertes\/cajas-fuertes-soler\/","title":{"rendered":"Cajas fuertes Soler"},"content":{"rendered":"<p>[et_pb_section fb_built=\u00bb1&#8243; custom_padding_last_edited=\u00bbon|phone\u00bb _builder_version=\u00bb4.27.4&#8243; _module_preset=\u00bbdefault\u00bb background_color=\u00bbrgba(0,0,0,0.63)\u00bb use_background_color_gradient=\u00bbon\u00bb background_color_gradient_direction=\u00bb90deg\u00bb background_color_gradient_stops=\u00bb#000000 0%|rgba(0,0,0,0.67) 69%\u00bb background_image=\u00bbhttps:\/\/www.rigau.cat\/wp-content\/uploads\/2023\/03\/Caixes-fortes-Rgau.jpg\u00bb background_blend=\u00bboverlay\u00bb custom_padding=\u00bb||126px||false|false\u00bb custom_padding_tablet=\u00bb||126px||false|false\u00bb custom_padding_phone=\u00bb||0px||false|false\u00bb locked=\u00bboff\u00bb global_colors_info=\u00bb{}\u00bb][et_pb_row column_structure=\u00bb3_5,2_5&#8243; use_custom_gutter=\u00bbon\u00bb gutter_width=\u00bb2&#8243; make_equal=\u00bbon\u00bb _builder_version=\u00bb4.19.5&#8243; _module_preset=\u00bbdefault\u00bb width=\u00bb90%\u00bb max_width=\u00bb1170px\u00bb custom_margin_tablet=\u00bb\u00bb custom_margin_phone=\u00bb\u00bb custom_margin_last_edited=\u00bbon|phone\u00bb custom_padding=\u00bb||0px||false|false\u00bb animation_style=\u00bbslide\u00bb animation_direction=\u00bbleft\u00bb animation_duration=\u00bb1600ms\u00bb animation_intensity_slide=\u00bb12%\u00bb animation_starting_opacity=\u00bb6%\u00bb global_colors_info=\u00bb{}\u00bb][et_pb_column type=\u00bb3_5&#8243; _builder_version=\u00bb4.16&#8243; _module_preset=\u00bbdefault\u00bb global_colors_info=\u00bb{}\u00bb][et_pb_text _builder_version=\u00bb4.27.4&#8243; _module_preset=\u00bbdefault\u00bb link_text_color=\u00bb#ff3b3e;\u00bb header_font=\u00bb|300|||||||\u00bb header_text_color=\u00bb#FFFFFF\u00bb header_font_size=\u00bb72px\u00bb header_2_font=\u00bb|800|||||||\u00bb header_2_text_color=\u00bb#ffffff\u00bb header_2_font_size=\u00bb72px\u00bb custom_margin=\u00bb||30px||false|false\u00bb custom_margin_tablet=\u00bb\u00bb custom_margin_phone=\u00bb||20px||false|false\u00bb custom_margin_last_edited=\u00bbon|phone\u00bb header_font_size_tablet=\u00bb72px\u00bb header_font_size_phone=\u00bb45px\u00bb header_font_size_last_edited=\u00bbon|phone\u00bb header_2_font_size_tablet=\u00bb\u00bb header_2_font_size_phone=\u00bb30px\u00bb header_2_font_size_last_edited=\u00bbon|phone\u00bb header_2_line_height_tablet=\u00bb\u00bb header_2_line_height_phone=\u00bb35px\u00bb header_2_line_height_last_edited=\u00bbon|phone\u00bb global_colors_info=\u00bb{}\u00bb]<\/p>\n<h1>Cajas fuertes <strong><span style=\"color: #e42313;\">Soler<\/span><\/strong><\/h1>\n<p>[\/et_pb_text][et_pb_text _builder_version=\u00bb4.27.4&#8243; _module_preset=\u00bbdefault\u00bb text_font=\u00bb|600|||||||\u00bb text_text_color=\u00bb#ffffff\u00bb text_font_size=\u00bb21px\u00bb text_line_height=\u00bb30px\u00bb width=\u00bb57%\u00bb width_tablet=\u00bb100%\u00bb width_phone=\u00bb\u00bb width_last_edited=\u00bbon|phone\u00bb custom_margin=\u00bb||30px||false|false\u00bb custom_margin_tablet=\u00bb||30px||false|false\u00bb custom_margin_phone=\u00bb|60px|||false|false\u00bb custom_margin_last_edited=\u00bbon|phone\u00bb custom_padding=\u00bb|||20px|false|false\u00bb text_font_size_tablet=\u00bb21px\u00bb text_font_size_phone=\u00bb19px\u00bb text_font_size_last_edited=\u00bbon|phone\u00bb border_width_left=\u00bb3px\u00bb border_color_left=\u00bb#e42313&#8243; global_colors_info=\u00bb{}\u00bb]<\/p>\n<p>Dise\u00f1adas para proteger tus bienes m\u00e1s preciados.<\/p>\n<p>[\/et_pb_text][\/et_pb_column][et_pb_column type=\u00bb2_5&#8243; disabled_on=\u00bbon|on|off\u00bb _builder_version=\u00bb4.19.5&#8243; _module_preset=\u00bbdefault\u00bb global_colors_info=\u00bb{}\u00bb][\/et_pb_column][\/et_pb_row][\/et_pb_section][et_pb_section fb_built=\u00bb1&#8243; _builder_version=\u00bb4.19.5&#8243; _module_preset=\u00bbdefault\u00bb custom_padding=\u00bb||19px|||\u00bb locked=\u00bboff\u00bb global_colors_info=\u00bb{}\u00bb][et_pb_row _builder_version=\u00bb4.19.5&#8243; _module_preset=\u00bbdefault\u00bb locked=\u00bboff\u00bb global_colors_info=\u00bb{}\u00bb][et_pb_column type=\u00bb4_4&#8243; _builder_version=\u00bb4.19.5&#8243; _module_preset=\u00bbdefault\u00bb global_colors_info=\u00bb{}\u00bb][lwp_divi_breadcrumbs home_text=\u00bbInicio\u00bb _builder_version=\u00bb4.27.4&#8243; _module_preset=\u00bbdefault\u00bb hover_enabled=\u00bb0&#8243; global_colors_info=\u00bb{}\u00bb sticky_enabled=\u00bb0&#8243;][\/lwp_divi_breadcrumbs][\/et_pb_column][\/et_pb_row][et_pb_row column_structure=\u00bb1_2,1_2&#8243; _builder_version=\u00bb4.19.5&#8243; _module_preset=\u00bbdefault\u00bb custom_margin_tablet=\u00bb\u00bb custom_margin_phone=\u00bb-28px||||false|false\u00bb custom_margin_last_edited=\u00bbon|phone\u00bb global_colors_info=\u00bb{}\u00bb][et_pb_column type=\u00bb1_2&#8243; _builder_version=\u00bb4.19.5&#8243; _module_preset=\u00bbdefault\u00bb animation_style=\u00bbslide\u00bb animation_direction=\u00bbleft\u00bb animation_duration=\u00bb1600ms\u00bb animation_intensity_slide=\u00bb12%\u00bb animation_starting_opacity=\u00bb6%\u00bb global_colors_info=\u00bb{}\u00bb][et_pb_image src=\u00bbhttps:\/\/www.rigau.cat\/wp-content\/uploads\/2025\/03\/Cajas-fuertes-108-ACS.jpg\u00bb title_text=\u00bbCajas-fuertes-108-ACS\u00bb align=\u00bbcenter\u00bb _builder_version=\u00bb4.27.4&#8243; _module_preset=\u00bbdefault\u00bb width=\u00bb77%\u00bb animation_style=\u00bbslide\u00bb animation_direction=\u00bbleft\u00bb animation_duration=\u00bb1600ms\u00bb animation_intensity_slide=\u00bb12%\u00bb animation_starting_opacity=\u00bb6%\u00bb border_radii=\u00bbon|12px|12px|12px|12px\u00bb box_shadow_style=\u00bbpreset3&#8243; global_colors_info=\u00bb{}\u00bb][\/et_pb_image][\/et_pb_column][et_pb_column type=\u00bb1_2&#8243; _builder_version=\u00bb4.19.5&#8243; _module_preset=\u00bbdefault\u00bb animation_direction=\u00bbright\u00bb global_colors_info=\u00bb{}\u00bb][et_pb_text quote_border_color=\u00bb#e42313&#8243; _builder_version=\u00bb4.27.4&#8243; _module_preset=\u00bbdefault\u00bb text_font=\u00bb|300|||||||\u00bb text_font_size=\u00bb16px\u00bb text_line_height=\u00bb35px\u00bb ul_line_height=\u00bb2em\u00bb custom_margin=\u00bb-9px||26px||false|false\u00bb custom_margin_tablet=\u00bb-9px||26px||false|false\u00bb custom_margin_phone=\u00bb||0px||false|false\u00bb custom_margin_last_edited=\u00bbon|phone\u00bb animation_style=\u00bbslide\u00bb animation_direction=\u00bbright\u00bb animation_duration=\u00bb1600ms\u00bb animation_intensity_slide=\u00bb12%\u00bb animation_starting_opacity=\u00bb6%\u00bb text_font_size_tablet=\u00bb\u00bb text_font_size_phone=\u00bb15px\u00bb text_font_size_last_edited=\u00bbon|phone\u00bb text_line_height_tablet=\u00bb35px\u00bb text_line_height_phone=\u00bb30.1px\u00bb text_line_height_last_edited=\u00bbon|phone\u00bb custom_css_main_element=\u00bbfont-weight:400;\u00bb locked=\u00bboff\u00bb global_colors_info=\u00bb{}\u00bb]<\/p>\n<blockquote>\n<p style=\"text-align: left;\">La seguridad se ha convertido en una prioridad del d\u00eda a d\u00eda y Rigau Grup es tu socio de confianza. Por eso, ofrecemos una amplia gama de cajas fuertes Soler, dise\u00f1adas para proteger tus bienes m\u00e1s preciados con la m\u00e1xima fiabilidad. <\/p>\n<\/blockquote>\n<p>[\/et_pb_text][et_pb_text _builder_version=\u00bb4.27.4&#8243; _module_preset=\u00bbdefault\u00bb text_font=\u00bb|300|||||||\u00bb text_font_size=\u00bb16px\u00bb link_font=\u00bb|700|||||||\u00bb custom_margin=\u00bb25px||0px||false|false\u00bb custom_margin_tablet=\u00bb25px||0px||false|false\u00bb custom_margin_phone=\u00bb25px||27px||false|false\u00bb custom_margin_last_edited=\u00bbon|phone\u00bb animation_style=\u00bbslide\u00bb animation_direction=\u00bbleft\u00bb animation_duration=\u00bb1600ms\u00bb animation_intensity_slide=\u00bb12%\u00bb animation_starting_opacity=\u00bb6%\u00bb locked=\u00bboff\u00bb global_colors_info=\u00bb{}\u00bb]Con m\u00e1s de tres d\u00e9cadas de experiencia en el sector, te asesoramos para que encuentres la opci\u00f3n perfecta seg\u00fan tus necesidades.[\/et_pb_text][\/et_pb_column][\/et_pb_row][\/et_pb_section][et_pb_section fb_built=\u00bb1&#8243; _builder_version=\u00bb4.19.5&#8243; _module_preset=\u00bbdefault\u00bb custom_padding=\u00bb0px||54px|||\u00bb locked=\u00bboff\u00bb global_colors_info=\u00bb{}\u00bb][et_pb_row _builder_version=\u00bb4.21.0&#8243; _module_preset=\u00bbdefault\u00bb custom_padding=\u00bb0px||5px|||\u00bb locked=\u00bboff\u00bb global_colors_info=\u00bb{}\u00bb][et_pb_column type=\u00bb4_4&#8243; _builder_version=\u00bb4.19.5&#8243; _module_preset=\u00bbdefault\u00bb global_colors_info=\u00bb{}\u00bb][et_pb_text _builder_version=\u00bb4.27.4&#8243; _module_preset=\u00bbdefault\u00bb text_text_color=\u00bb#FFFFFF\u00bb text_font_size=\u00bb16px\u00bb header_2_text_color=\u00bb#FFFFFF\u00bb header_3_text_color=\u00bb#FFFFFF\u00bb header_3_font_size=\u00bb26px\u00bb background_color=\u00bb#e42313&#8243; custom_margin=\u00bb0px||||false|false\u00bb custom_margin_tablet=\u00bb0px||||false|false\u00bb custom_margin_phone=\u00bb25px||||false|false\u00bb custom_margin_last_edited=\u00bbon|phone\u00bb custom_padding=\u00bb22px|15px|12px|15px|false|false\u00bb animation_style=\u00bbslide\u00bb animation_direction=\u00bbtop\u00bb animation_duration=\u00bb1600ms\u00bb animation_intensity_slide=\u00bb12%\u00bb animation_starting_opacity=\u00bb6%\u00bb locked=\u00bboff\u00bb global_colors_info=\u00bb{}\u00bb]<\/p>\n<h2>Seguridad garantizada con las mejores marcas de cajas fuertes<br \/>\n<\/h2>\n<p>[\/et_pb_text][\/et_pb_column][\/et_pb_row][et_pb_row _builder_version=\u00bb4.27.4&#8243; _module_preset=\u00bbdefault\u00bb custom_padding=\u00bb0px||5px|||\u00bb locked=\u00bboff\u00bb global_colors_info=\u00bb{}\u00bb][et_pb_column type=\u00bb4_4&#8243; _builder_version=\u00bb4.19.5&#8243; _module_preset=\u00bbdefault\u00bb global_colors_info=\u00bb{}\u00bb][et_pb_text _builder_version=\u00bb4.27.4&#8243; _module_preset=\u00bbdefault\u00bb text_font=\u00bb|300|||||||\u00bb text_font_size=\u00bb16px\u00bb link_font=\u00bb|700|||||||\u00bb custom_margin=\u00bb25px||0px||false|false\u00bb custom_margin_tablet=\u00bb25px||0px||false|false\u00bb custom_margin_phone=\u00bb25px||27px||false|false\u00bb custom_margin_last_edited=\u00bbon|phone\u00bb animation_style=\u00bbslide\u00bb animation_direction=\u00bbleft\u00bb animation_duration=\u00bb1600ms\u00bb animation_intensity_slide=\u00bb12%\u00bb animation_starting_opacity=\u00bb6%\u00bb locked=\u00bboff\u00bb global_colors_info=\u00bb{}\u00bb]Trabajamos con las mejores <a href=\"https:\/\/www.rigau.cat\/es\/cajas-fuertes\/marcas\/\">marcas de cajas fuertes<\/a> del mercado, asegurando la m\u00e1s alta calidad y seguridad. Entre nuestras opciones m\u00e1s destacadas, contamos con las cajas fuertes Soler, conocidas por su robustez y tecnolog\u00eda avanzada. <\/p>\n<p>Estas cajas fuertes combinan innovaci\u00f3n y seguridad para ofrecerte tranquilidad absoluta en tu hogar o negocio.[\/et_pb_text][\/et_pb_column][\/et_pb_row][et_pb_row _builder_version=\u00bb4.27.0&#8243; _module_preset=\u00bbdefault\u00bb custom_margin=\u00bb20px||||false|false\u00bb custom_padding=\u00bb0px||5px|||\u00bb locked=\u00bboff\u00bb global_colors_info=\u00bb{}\u00bb][et_pb_column type=\u00bb4_4&#8243; _builder_version=\u00bb4.19.5&#8243; _module_preset=\u00bbdefault\u00bb global_colors_info=\u00bb{}\u00bb][et_pb_text _builder_version=\u00bb4.27.4&#8243; _module_preset=\u00bbdefault\u00bb text_text_color=\u00bb#FFFFFF\u00bb text_font_size=\u00bb16px\u00bb header_2_text_color=\u00bb#FFFFFF\u00bb header_3_text_color=\u00bb#FFFFFF\u00bb header_3_font_size=\u00bb26px\u00bb background_color=\u00bb#e42313&#8243; custom_margin=\u00bb0px||||false|false\u00bb custom_margin_tablet=\u00bb0px||||false|false\u00bb custom_margin_phone=\u00bb25px||||false|false\u00bb custom_margin_last_edited=\u00bbon|phone\u00bb custom_padding=\u00bb22px|15px|12px|15px|false|false\u00bb animation_style=\u00bbslide\u00bb animation_direction=\u00bbtop\u00bb animation_duration=\u00bb1600ms\u00bb animation_intensity_slide=\u00bb12%\u00bb animation_starting_opacity=\u00bb6%\u00bb locked=\u00bboff\u00bb global_colors_info=\u00bb{}\u00bb]<\/p>\n<h2>Cajas fuertes para cada necesidad<\/h2>\n<p>[\/et_pb_text][et_pb_text _builder_version=\u00bb4.27.4&#8243; _module_preset=\u00bbdefault\u00bb text_font=\u00bb|300|||||||\u00bb text_font_size=\u00bb16px\u00bb link_font=\u00bb|700|||||||\u00bb custom_margin=\u00bb25px||0px||false|false\u00bb custom_margin_tablet=\u00bb25px||0px||false|false\u00bb custom_margin_phone=\u00bb25px||27px||false|false\u00bb custom_margin_last_edited=\u00bbon|phone\u00bb animation_style=\u00bbslide\u00bb animation_direction=\u00bbleft\u00bb animation_duration=\u00bb1600ms\u00bb animation_intensity_slide=\u00bb12%\u00bb animation_starting_opacity=\u00bb6%\u00bb locked=\u00bboff\u00bb global_colors_info=\u00bb{}\u00bb]<\/p>\n<p><span style=\"font-weight: 400;\">No todas las cajas fuertes son iguales. En Rigau Grup te ayudamos a elegir la m\u00e1s adecuada seg\u00fan el nivel de seguridad que necesites. <\/span><\/p>\n<p><span style=\"font-weight: 400;\">Disponemos de cajas fuertes empotrables, ideales para integrarlas en paredes o suelos sin ocupar espacio, y cajas fuertes de sobremesa, perfectas para instalar en cualquier rinc\u00f3n con facilidad.<\/span><\/p>\n<p><span style=\"font-weight: 400;\">Si buscas cajas fuertes Soler, tenemos modelos de alta gama con sistemas de cierre electr\u00f3nicos o mec\u00e1nicos, garantizando protecci\u00f3n contra robos e incendios.<\/span><\/p>\n<p><span style=\"font-weight: 400;\">Nuestro equipo de expertos de Rigau Grup est\u00e1 siempre disponible para resolver tus dudas y ofrecerte el mejor asesoramiento.<\/span><\/p>\n<p>[\/et_pb_text][\/et_pb_column][\/et_pb_row][et_pb_row _builder_version=\u00bb4.27.4&#8243; _module_preset=\u00bbdefault\u00bb custom_margin=\u00bb23px||||false|false\u00bb custom_padding=\u00bb0px||5px|||\u00bb locked=\u00bboff\u00bb global_colors_info=\u00bb{}\u00bb][et_pb_column type=\u00bb4_4&#8243; _builder_version=\u00bb4.19.5&#8243; _module_preset=\u00bbdefault\u00bb global_colors_info=\u00bb{}\u00bb][et_pb_text _builder_version=\u00bb4.27.4&#8243; _module_preset=\u00bbdefault\u00bb text_text_color=\u00bb#FFFFFF\u00bb text_font_size=\u00bb16px\u00bb header_2_text_color=\u00bb#FFFFFF\u00bb header_3_text_color=\u00bb#FFFFFF\u00bb header_3_font_size=\u00bb26px\u00bb background_color=\u00bb#e42313&#8243; custom_margin=\u00bb0px||||false|false\u00bb custom_margin_tablet=\u00bb0px||||false|false\u00bb custom_margin_phone=\u00bb25px||||false|false\u00bb custom_margin_last_edited=\u00bbon|phone\u00bb custom_padding=\u00bb22px|15px|12px|15px|false|false\u00bb animation_style=\u00bbslide\u00bb animation_direction=\u00bbtop\u00bb animation_duration=\u00bb1600ms\u00bb animation_intensity_slide=\u00bb12%\u00bb animation_starting_opacity=\u00bb6%\u00bb locked=\u00bboff\u00bb global_colors_info=\u00bb{}\u00bb]<\/p>\n<h3>Conf\u00eda en Rigau Grup para tu seguridad<\/h3>\n<p>[\/et_pb_text][et_pb_text _builder_version=\u00bb4.27.4&#8243; _module_preset=\u00bbdefault\u00bb text_font=\u00bb|300|||||||\u00bb text_font_size=\u00bb16px\u00bb link_font=\u00bb|700|||||||\u00bb custom_margin=\u00bb25px||0px||false|false\u00bb custom_margin_tablet=\u00bb25px||0px||false|false\u00bb custom_margin_phone=\u00bb25px||27px||false|false\u00bb custom_margin_last_edited=\u00bbon|phone\u00bb animation_style=\u00bbslide\u00bb animation_direction=\u00bbleft\u00bb animation_duration=\u00bb1600ms\u00bb animation_intensity_slide=\u00bb12%\u00bb animation_starting_opacity=\u00bb6%\u00bb locked=\u00bboff\u00bb global_colors_info=\u00bb{}\u00bb]<\/p>\n<p>Con m\u00e1s de treinta a\u00f1os de experiencia en el sector, en Rigau Grup ofrecemos las mejores soluciones en cajas fuertes. Trabajamos con las marcas de cajas fuertes m\u00e1s reconocidas para garantizar que tu inversi\u00f3n sea sin\u00f3nimo de protecci\u00f3n y tranquilidad. <\/p>\n<p><strong>\u00a1Contacta con nosotros y descubre c\u00f3mo podemos ayudarte a reforzar la seguridad en tu d\u00eda a d\u00eda!<\/strong><\/p>\n<p>[\/et_pb_text][\/et_pb_column][\/et_pb_row][\/et_pb_section]<\/p>\n","protected":false},"excerpt":{"rendered":"<p>Cajas fuertes SolerDise\u00f1adas para proteger tus bienes m\u00e1s preciados.<div class=\"et_pb_module lwp_divi_breadcrumbs lwp_divi_breadcrumbs_0\">\n\t\t\t\t\n\t\t\t\t\n\t\t\t\t\n\t\t\t\t\n\t\t\t\t\n\t\t\t\t\n\t\t\t\t<div class=\"et_pb_module_inner\">\n\t\t\t\t\t<div class=\"lwp-breadcrumbs\"> <span class=\"before\"><\/span> <span vocab=\"https:\/\/schema.org\/\" typeof=\"BreadcrumbList\"><span property=\"itemListElement\" typeof=\"ListItem\"><a property=\"item\" typeof=\"WebPage\" href=\"https:\/\/www.rigau.cat\/es\/\" class=\"home\"><span property=\"name\">Inicio<\/span><\/a><meta property=\"position\" content=\"1\"><\/span> <span class=\"separator et-pb-icon\">&#x39;<\/span> <\/span><\/div>\n\t\t\t\t<\/div>\n\t\t\t<\/div> La seguridad se ha convertido en una prioridad del d\u00eda a d\u00eda y Rigau Grup es tu socio de confianza. Por eso, ofrecemos una amplia gama de cajas fuertes Soler, dise\u00f1adas para proteger tus bienes m\u00e1s preciados con la m\u00e1xima [&hellip;]<\/p>\n","protected":false},"author":4,"featured_media":0,"parent":246582,"menu_order":0,"comment_status":"closed","ping_status":"closed","template":"","meta":{"_et_pb_use_builder":"on","_et_pb_old_content":"","_et_gb_content_width":"","_joinchat":[],"footnotes":""},"class_list":["post-255346","page","type-page","status-publish","hentry"],"_links":{"self":[{"href":"https:\/\/www.rigau.cat\/es\/wp-json\/wp\/v2\/pages\/255346","targetHints":{"allow":["GET"]}}],"collection":[{"href":"https:\/\/www.rigau.cat\/es\/wp-json\/wp\/v2\/pages"}],"about":[{"href":"https:\/\/www.rigau.cat\/es\/wp-json\/wp\/v2\/types\/page"}],"author":[{"embeddable":true,"href":"https:\/\/www.rigau.cat\/es\/wp-json\/wp\/v2\/users\/4"}],"replies":[{"embeddable":true,"href":"https:\/\/www.rigau.cat\/es\/wp-json\/wp\/v2\/comments?post=255346"}],"version-history":[{"count":4,"href":"https:\/\/www.rigau.cat\/es\/wp-json\/wp\/v2\/pages\/255346\/revisions"}],"predecessor-version":[{"id":255354,"href":"https:\/\/www.rigau.cat\/es\/wp-json\/wp\/v2\/pages\/255346\/revisions\/255354"}],"up":[{"embeddable":true,"href":"https:\/\/www.rigau.cat\/es\/wp-json\/wp\/v2\/pages\/246582"}],"wp:attachment":[{"href":"https:\/\/www.rigau.cat\/es\/wp-json\/wp\/v2\/media?parent=255346"}],"curies":[{"name":"wp","href":"https:\/\/api.w.org\/{rel}","templated":true}]}}