{"id":254825,"date":"2025-02-17T14:31:25","date_gmt":"2025-02-17T13:31:25","guid":{"rendered":"https:\/\/www.rigau.cat\/especialistas-en-puertas-automaticas-y-automatismos\/puertas-de-garaje-basculante\/"},"modified":"2025-02-17T14:42:46","modified_gmt":"2025-02-17T13:42:46","slug":"puertas-de-garaje-basculante","status":"publish","type":"page","link":"https:\/\/www.rigau.cat\/es\/especialistas-en-puertas-automaticas-y-automatismos\/puertas-de-garaje-basculante\/","title":{"rendered":"Puertas de garaje basculante"},"content":{"rendered":"<p>[et_pb_section fb_built=\u00bb1&#8243; custom_padding_last_edited=\u00bbon|phone\u00bb _builder_version=\u00bb4.27.4&#8243; _module_preset=\u00bbdefault\u00bb background_color=\u00bbrgba(0,0,0,0.63)\u00bb background_image=\u00bbhttps:\/\/www.rigau.cat\/wp-content\/uploads\/2025\/01\/Portes-automatismes.webp\u00bb background_blend=\u00bboverlay\u00bb custom_margin_tablet=\u00bb\u00bb custom_margin_phone=\u00bb||0px||false|false\u00bb custom_margin_last_edited=\u00bbon|phone\u00bb custom_padding=\u00bb||126px||false|false\u00bb custom_padding_tablet=\u00bb||126px||false|false\u00bb custom_padding_phone=\u00bb||0px||false|false\u00bb locked=\u00bboff\u00bb global_colors_info=\u00bb{}\u00bb][et_pb_row column_structure=\u00bb3_5,2_5&#8243; use_custom_gutter=\u00bbon\u00bb gutter_width=\u00bb2&#8243; make_equal=\u00bbon\u00bb _builder_version=\u00bb4.19.5&#8243; _module_preset=\u00bbdefault\u00bb width=\u00bb90%\u00bb max_width=\u00bb1170px\u00bb custom_margin_tablet=\u00bb\u00bb custom_margin_phone=\u00bb\u00bb custom_margin_last_edited=\u00bbon|phone\u00bb custom_padding=\u00bb||0px||false|false\u00bb animation_style=\u00bbslide\u00bb animation_direction=\u00bbleft\u00bb animation_duration=\u00bb1600ms\u00bb animation_intensity_slide=\u00bb12%\u00bb animation_starting_opacity=\u00bb6%\u00bb global_colors_info=\u00bb{}\u00bb][et_pb_column type=\u00bb3_5&#8243; _builder_version=\u00bb4.16&#8243; _module_preset=\u00bbdefault\u00bb global_colors_info=\u00bb{}\u00bb][et_pb_text _builder_version=\u00bb4.27.4&#8243; _module_preset=\u00bbdefault\u00bb link_text_color=\u00bb#ff3b3e;\u00bb header_font=\u00bb|300|||||||\u00bb header_text_color=\u00bb#FFFFFF\u00bb header_font_size=\u00bb72px\u00bb header_2_font=\u00bb|800|||||||\u00bb header_2_text_color=\u00bb#ffffff\u00bb header_2_font_size=\u00bb72px\u00bb custom_margin=\u00bb||30px||false|false\u00bb custom_margin_tablet=\u00bb\u00bb custom_margin_phone=\u00bb||20px||false|false\u00bb custom_margin_last_edited=\u00bbon|phone\u00bb header_font_size_tablet=\u00bb72px\u00bb header_font_size_phone=\u00bb45px\u00bb header_font_size_last_edited=\u00bbon|phone\u00bb header_2_font_size_tablet=\u00bb\u00bb header_2_font_size_phone=\u00bb30px\u00bb header_2_font_size_last_edited=\u00bbon|phone\u00bb header_2_line_height_tablet=\u00bb\u00bb header_2_line_height_phone=\u00bb35px\u00bb header_2_line_height_last_edited=\u00bbon|phone\u00bb global_colors_info=\u00bb{}\u00bb]<\/p>\n<h1>Puertas de garaje <strong><span style=\"color: #e42313;\">basculante<\/span><\/strong><\/h1>\n<p>[\/et_pb_text][et_pb_text _builder_version=\u00bb4.27.4&#8243; _module_preset=\u00bbdefault\u00bb text_font=\u00bb|600|||||||\u00bb text_text_color=\u00bb#ffffff\u00bb text_font_size=\u00bb21px\u00bb text_line_height=\u00bb30px\u00bb width=\u00bb57%\u00bb width_tablet=\u00bb100%\u00bb width_phone=\u00bb\u00bb width_last_edited=\u00bbon|phone\u00bb custom_margin=\u00bb||30px||false|false\u00bb custom_margin_tablet=\u00bb||30px||false|false\u00bb custom_margin_phone=\u00bb|60px|||false|false\u00bb custom_margin_last_edited=\u00bbon|phone\u00bb custom_padding=\u00bb|||20px|false|false\u00bb text_font_size_tablet=\u00bb21px\u00bb text_font_size_phone=\u00bb19px\u00bb text_font_size_last_edited=\u00bbon|phone\u00bb border_width_left=\u00bb3px\u00bb border_color_left=\u00bb#e42313&#8243; global_colors_info=\u00bb{}\u00bb]Opci\u00f3n pr\u00e1ctica, duradera y funcional para garantizar la seguridad y comodidad de tu garaje. [\/et_pb_text][\/et_pb_column][et_pb_column type=\u00bb2_5&#8243; disabled_on=\u00bbon|on|off\u00bb _builder_version=\u00bb4.19.5&#8243; _module_preset=\u00bbdefault\u00bb global_colors_info=\u00bb{}\u00bb][\/et_pb_column][\/et_pb_row][\/et_pb_section][et_pb_section fb_built=\u00bb1&#8243; _builder_version=\u00bb4.19.5&#8243; _module_preset=\u00bbdefault\u00bb custom_padding=\u00bb||19px|||\u00bb locked=\u00bboff\u00bb global_colors_info=\u00bb{}\u00bb][et_pb_row _builder_version=\u00bb4.19.5&#8243; _module_preset=\u00bbdefault\u00bb locked=\u00bboff\u00bb global_colors_info=\u00bb{}\u00bb][et_pb_column type=\u00bb4_4&#8243; _builder_version=\u00bb4.19.5&#8243; _module_preset=\u00bbdefault\u00bb global_colors_info=\u00bb{}\u00bb][lwp_divi_breadcrumbs home_text=\u00bbInicio\u00bb _builder_version=\u00bb4.27.4&#8243; _module_preset=\u00bbdefault\u00bb hover_enabled=\u00bb0&#8243; global_colors_info=\u00bb{}\u00bb sticky_enabled=\u00bb0&#8243;][\/lwp_divi_breadcrumbs][\/et_pb_column][\/et_pb_row][et_pb_row column_structure=\u00bb1_2,1_2&#8243; _builder_version=\u00bb4.19.5&#8243; _module_preset=\u00bbdefault\u00bb custom_margin_tablet=\u00bb\u00bb custom_margin_phone=\u00bb-28px||||false|false\u00bb custom_margin_last_edited=\u00bbon|phone\u00bb global_colors_info=\u00bb{}\u00bb][et_pb_column type=\u00bb1_2&#8243; _builder_version=\u00bb4.19.5&#8243; _module_preset=\u00bbdefault\u00bb animation_style=\u00bbslide\u00bb animation_direction=\u00bbleft\u00bb animation_duration=\u00bb1600ms\u00bb animation_intensity_slide=\u00bb12%\u00bb animation_starting_opacity=\u00bb6%\u00bb global_colors_info=\u00bb{}\u00bb][et_pb_image src=\u00bbhttps:\/\/www.rigau.cat\/wp-content\/uploads\/2025\/02\/Porta-garatge-basculant.jpg\u00bb title_text=\u00bbPuerta-garaje-basculante\u00bb align=\u00bbcenter\u00bb _builder_version=\u00bb4.27.4&#8243; _module_preset=\u00bbdefault\u00bb width=\u00bb77%\u00bb animation_style=\u00bbslide\u00bb animation_direction=\u00bbleft\u00bb animation_duration=\u00bb1600ms\u00bb animation_intensity_slide=\u00bb12%\u00bb animation_starting_opacity=\u00bb6%\u00bb border_radii=\u00bbon|12px|12px|12px|12px\u00bb box_shadow_style=\u00bbpreset3&#8243; global_colors_info=\u00bb{}\u00bb][\/et_pb_image][\/et_pb_column][et_pb_column type=\u00bb1_2&#8243; _builder_version=\u00bb4.19.5&#8243; _module_preset=\u00bbdefault\u00bb animation_direction=\u00bbright\u00bb global_colors_info=\u00bb{}\u00bb][et_pb_text quote_border_color=\u00bb#e42313&#8243; _builder_version=\u00bb4.27.4&#8243; _module_preset=\u00bbdefault\u00bb text_font=\u00bb|300|||||||\u00bb text_font_size=\u00bb16px\u00bb text_line_height=\u00bb35px\u00bb ul_line_height=\u00bb2em\u00bb custom_margin=\u00bb-9px||26px||false|false\u00bb custom_margin_tablet=\u00bb-9px||26px||false|false\u00bb custom_margin_phone=\u00bb||0px||false|false\u00bb custom_margin_last_edited=\u00bbon|phone\u00bb animation_style=\u00bbslide\u00bb animation_direction=\u00bbright\u00bb animation_duration=\u00bb1600ms\u00bb animation_intensity_slide=\u00bb12%\u00bb animation_starting_opacity=\u00bb6%\u00bb text_font_size_tablet=\u00bb\u00bb text_font_size_phone=\u00bb15px\u00bb text_font_size_last_edited=\u00bbon|phone\u00bb text_line_height_tablet=\u00bb35px\u00bb text_line_height_phone=\u00bb30.1px\u00bb text_line_height_last_edited=\u00bbon|phone\u00bb custom_css_main_element=\u00bbfont-weight:400;\u00bb locked=\u00bboff\u00bb global_colors_info=\u00bb{}\u00bb]<\/p>\n<blockquote>\n<p style=\"text-align: left;\">En Rigau Grup somos especialistas en la instalaci\u00f3n y mantenimiento de puertas de garaje basculantes, una opci\u00f3n pr\u00e1ctica, duradera y funcional para garantizar la seguridad y comodidad de tu garaje. Las puertas basculantes se caracterizan por su dise\u00f1o vers\u00e1til y su sistema de apertura eficiente, que permite optimizar el espacio y facilitar el acceso al interior del garaje. Con a\u00f1os de experiencia en el sector, ofrecemos soluciones personalizadas que se adaptan a las necesidades espec\u00edficas de cada cliente.  <\/p>\n<\/blockquote>\n<p>[\/et_pb_text][\/et_pb_column][\/et_pb_row][\/et_pb_section][et_pb_section fb_built=\u00bb1&#8243; _builder_version=\u00bb4.19.5&#8243; _module_preset=\u00bbdefault\u00bb custom_padding=\u00bb0px||54px|||\u00bb locked=\u00bboff\u00bb global_colors_info=\u00bb{}\u00bb][et_pb_row _builder_version=\u00bb4.21.0&#8243; _module_preset=\u00bbdefault\u00bb custom_padding=\u00bb0px||5px|||\u00bb locked=\u00bboff\u00bb global_colors_info=\u00bb{}\u00bb][et_pb_column type=\u00bb4_4&#8243; _builder_version=\u00bb4.19.5&#8243; _module_preset=\u00bbdefault\u00bb global_colors_info=\u00bb{}\u00bb][et_pb_text _builder_version=\u00bb4.27.4&#8243; _module_preset=\u00bbdefault\u00bb text_text_color=\u00bb#FFFFFF\u00bb text_font_size=\u00bb16px\u00bb header_2_text_color=\u00bb#FFFFFF\u00bb header_3_text_color=\u00bb#FFFFFF\u00bb header_3_font_size=\u00bb26px\u00bb background_color=\u00bb#e42313&#8243; custom_margin=\u00bb0px||||false|false\u00bb custom_margin_tablet=\u00bb0px||||false|false\u00bb custom_margin_phone=\u00bb25px||||false|false\u00bb custom_margin_last_edited=\u00bbon|phone\u00bb custom_padding=\u00bb22px|15px|12px|15px|false|false\u00bb animation_style=\u00bbslide\u00bb animation_direction=\u00bbtop\u00bb animation_duration=\u00bb1600ms\u00bb animation_intensity_slide=\u00bb12%\u00bb animation_starting_opacity=\u00bb6%\u00bb locked=\u00bboff\u00bb global_colors_info=\u00bb{}\u00bb]<\/p>\n<h2>\u00bfQu\u00e9 son las puertas de garaje basculantes?<\/h2>\n<p>[\/et_pb_text][\/et_pb_column][\/et_pb_row][et_pb_row _builder_version=\u00bb4.27.3&#8243; _module_preset=\u00bbdefault\u00bb custom_padding=\u00bb0px||5px|||\u00bb locked=\u00bboff\u00bb global_colors_info=\u00bb{}\u00bb][et_pb_column type=\u00bb4_4&#8243; _builder_version=\u00bb4.19.5&#8243; _module_preset=\u00bbdefault\u00bb global_colors_info=\u00bb{}\u00bb][et_pb_text _builder_version=\u00bb4.27.4&#8243; _module_preset=\u00bbdefault\u00bb text_font=\u00bb|300|||||||\u00bb text_font_size=\u00bb16px\u00bb link_font=\u00bb|700|||||||\u00bb custom_margin=\u00bb25px||0px||false|false\u00bb custom_margin_tablet=\u00bb25px||0px||false|false\u00bb custom_margin_phone=\u00bb25px||27px||false|false\u00bb custom_margin_last_edited=\u00bbon|phone\u00bb animation_style=\u00bbslide\u00bb animation_direction=\u00bbleft\u00bb animation_duration=\u00bb1600ms\u00bb animation_intensity_slide=\u00bb12%\u00bb animation_starting_opacity=\u00bb6%\u00bb locked=\u00bboff\u00bb global_colors_info=\u00bb{}\u00bb]Las puertas de garaje basculantes son una de las opciones m\u00e1s populares para quienes buscan una soluci\u00f3n resistente y confiable. Estas puertas funcionan mediante un sistema de apertura en el que la hoja se desplaza hacia arriba y queda suspendida en paralelo al techo, lo que las convierte en una excelente elecci\u00f3n para garajes con espacio limitado. <\/p>\n<p>En Rigau Grup, ofrecemos una amplia gama de modelos, desde las puertas basculantes de garaje m\u00e1s tradicionales hasta dise\u00f1os modernos con acabados personalizados. Adem\u00e1s, contamos con sistemas automatizados que hacen m\u00e1s c\u00f3modo su uso diario. El motor para puerta de garaje basculante permite abrir y cerrar la puerta de manera r\u00e1pida y sencilla, proporcionando comodidad y seguridad adicionales.  <\/p>\n<p>Nuestros productos est\u00e1n fabricados con materiales de alta calidad, como acero galvanizado o aluminio, lo que garantiza una excelente resistencia al desgaste y las condiciones clim\u00e1ticas adversas. Si buscas una puerta basculante que combine durabilidad, dise\u00f1o y funcionalidad, en Rigau Grup tenemos justo lo que necesitas.[\/et_pb_text][\/et_pb_column][\/et_pb_row][et_pb_row _builder_version=\u00bb4.27.0&#8243; _module_preset=\u00bbdefault\u00bb custom_margin=\u00bb20px||||false|false\u00bb custom_padding=\u00bb0px||5px|||\u00bb locked=\u00bboff\u00bb global_colors_info=\u00bb{}\u00bb][et_pb_column type=\u00bb4_4&#8243; _builder_version=\u00bb4.19.5&#8243; _module_preset=\u00bbdefault\u00bb global_colors_info=\u00bb{}\u00bb][et_pb_text _builder_version=\u00bb4.27.4&#8243; _module_preset=\u00bbdefault\u00bb text_text_color=\u00bb#FFFFFF\u00bb text_font_size=\u00bb16px\u00bb header_2_text_color=\u00bb#FFFFFF\u00bb header_3_text_color=\u00bb#FFFFFF\u00bb header_3_font_size=\u00bb26px\u00bb background_color=\u00bb#e42313&#8243; custom_margin=\u00bb0px||||false|false\u00bb custom_margin_tablet=\u00bb0px||||false|false\u00bb custom_margin_phone=\u00bb25px||||false|false\u00bb custom_margin_last_edited=\u00bbon|phone\u00bb custom_padding=\u00bb22px|15px|12px|15px|false|false\u00bb animation_style=\u00bbslide\u00bb animation_direction=\u00bbtop\u00bb animation_duration=\u00bb1600ms\u00bb animation_intensity_slide=\u00bb12%\u00bb animation_starting_opacity=\u00bb6%\u00bb locked=\u00bboff\u00bb global_colors_info=\u00bb{}\u00bb]<\/p>\n<h2>Puertas de garaje basculantes en Girona<\/h2>\n<p>[\/et_pb_text][et_pb_text _builder_version=\u00bb4.27.4&#8243; _module_preset=\u00bbdefault\u00bb text_font=\u00bb|300|||||||\u00bb text_font_size=\u00bb16px\u00bb link_font=\u00bb|700|||||||\u00bb custom_margin=\u00bb25px||0px||false|false\u00bb custom_margin_tablet=\u00bb25px||0px||false|false\u00bb custom_margin_phone=\u00bb25px||27px||false|false\u00bb custom_margin_last_edited=\u00bbon|phone\u00bb custom_padding=\u00bb||2px|||\u00bb animation_style=\u00bbslide\u00bb animation_direction=\u00bbleft\u00bb animation_duration=\u00bb1600ms\u00bb animation_intensity_slide=\u00bb12%\u00bb animation_starting_opacity=\u00bb6%\u00bb locked=\u00bboff\u00bb global_colors_info=\u00bb{}\u00bb]<\/p>\n<p>En Rigau Grup, somos referentes en la instalaci\u00f3n de puertas de garaje basculantes en Girona. Nuestro equipo de profesionales altamente cualificados te asesorar\u00e1 en cada paso del proceso, desde la elecci\u00f3n del modelo ideal hasta la instalaci\u00f3n final. <\/p>\n<p>Adem\u00e1s, ofrecemos servicios de mantenimiento y reparaci\u00f3n para garantizar que tu puerta basculante de garaje funcione siempre en \u00f3ptimas condiciones. Entendemos lo importante que es para ti contar con un acceso seguro y confiable a tu garaje, por lo que nos esforzamos por ofrecer soluciones r\u00e1pidas y efectivas. <\/p>\n<p><strong>Las puertas de garaje basculantes en Girona que instalamos est\u00e1n dise\u00f1adas para integrarse perfectamente en cualquier entorno arquitect\u00f3nico, ya sea en viviendas unifamiliares, comunidades de vecinos o establecimientos comerciales. Si est\u00e1s buscando una opci\u00f3n que ofrezca comodidad, seguridad y estilo, nuestras puertas basculantes son la elecci\u00f3n perfecta. <\/strong><\/p>\n<p>[\/et_pb_text][\/et_pb_column][\/et_pb_row][\/et_pb_section]<\/p>\n","protected":false},"excerpt":{"rendered":"<p>Puertas de garaje basculanteOpci\u00f3n pr\u00e1ctica, duradera y funcional para garantizar la seguridad y comodidad de tu garaje. <div class=\"et_pb_module lwp_divi_breadcrumbs lwp_divi_breadcrumbs_0\">\n\t\t\t\t\n\t\t\t\t\n\t\t\t\t\n\t\t\t\t\n\t\t\t\t\n\t\t\t\t\n\t\t\t\t<div class=\"et_pb_module_inner\">\n\t\t\t\t\t<div class=\"lwp-breadcrumbs\"> <span class=\"before\"><\/span> <span vocab=\"https:\/\/schema.org\/\" typeof=\"BreadcrumbList\"><span property=\"itemListElement\" typeof=\"ListItem\"><a property=\"item\" typeof=\"WebPage\" href=\"https:\/\/www.rigau.cat\/es\/\" class=\"home\"><span property=\"name\">Inicio<\/span><\/a><meta property=\"position\" content=\"1\"><\/span> <span class=\"separator et-pb-icon\">&#x39;<\/span> <\/span><\/div>\n\t\t\t\t<\/div>\n\t\t\t<\/div> En Rigau Grup somos especialistas en la instalaci\u00f3n y mantenimiento de puertas de garaje basculantes, una opci\u00f3n pr\u00e1ctica, duradera y funcional para garantizar la seguridad y comodidad de tu garaje. Las [&hellip;]<\/p>\n","protected":false},"author":4,"featured_media":0,"parent":254628,"menu_order":0,"comment_status":"closed","ping_status":"closed","template":"","meta":{"_et_pb_use_builder":"on","_et_pb_old_content":"","_et_gb_content_width":"","_joinchat":[],"footnotes":""},"class_list":["post-254825","page","type-page","status-publish","hentry"],"_links":{"self":[{"href":"https:\/\/www.rigau.cat\/es\/wp-json\/wp\/v2\/pages\/254825","targetHints":{"allow":["GET"]}}],"collection":[{"href":"https:\/\/www.rigau.cat\/es\/wp-json\/wp\/v2\/pages"}],"about":[{"href":"https:\/\/www.rigau.cat\/es\/wp-json\/wp\/v2\/types\/page"}],"author":[{"embeddable":true,"href":"https:\/\/www.rigau.cat\/es\/wp-json\/wp\/v2\/users\/4"}],"replies":[{"embeddable":true,"href":"https:\/\/www.rigau.cat\/es\/wp-json\/wp\/v2\/comments?post=254825"}],"version-history":[{"count":3,"href":"https:\/\/www.rigau.cat\/es\/wp-json\/wp\/v2\/pages\/254825\/revisions"}],"predecessor-version":[{"id":254831,"href":"https:\/\/www.rigau.cat\/es\/wp-json\/wp\/v2\/pages\/254825\/revisions\/254831"}],"up":[{"embeddable":true,"href":"https:\/\/www.rigau.cat\/es\/wp-json\/wp\/v2\/pages\/254628"}],"wp:attachment":[{"href":"https:\/\/www.rigau.cat\/es\/wp-json\/wp\/v2\/media?parent=254825"}],"curies":[{"name":"wp","href":"https:\/\/api.w.org\/{rel}","templated":true}]}}