{"id":246654,"date":"2023-12-04T15:36:54","date_gmt":"2023-12-04T14:36:54","guid":{"rendered":"https:\/\/rigau.cat\/cajas-fuertes\/cajas-fuertes-para-administracion-de-loterias\/"},"modified":"2023-12-04T16:13:18","modified_gmt":"2023-12-04T15:13:18","slug":"cajas-fuertes-para-administracion-de-loterias","status":"publish","type":"page","link":"https:\/\/www.rigau.cat\/es\/cajas-fuertes\/cajas-fuertes-para-administracion-de-loterias\/","title":{"rendered":"Cajas fuertes para administraci\u00f3n de loter\u00edas"},"content":{"rendered":"<p>[et_pb_section fb_built=\u00bb1&#8243; custom_padding_last_edited=\u00bbon|phone\u00bb _builder_version=\u00bb4.19.5&#8243; _module_preset=\u00bbdefault\u00bb background_color=\u00bbrgba(0,0,0,0.63)\u00bb use_background_color_gradient=\u00bbon\u00bb background_color_gradient_direction=\u00bb90deg\u00bb background_color_gradient_stops=\u00bb#000000 0%|rgba(0,0,0,0.67) 69%\u00bb background_image=\u00bbhttps:\/\/rigau.cat\/wp-content\/uploads\/2023\/03\/Caixes-fortes-Rgau.jpg\u00bb background_blend=\u00bboverlay\u00bb custom_padding=\u00bb||126px||false|false\u00bb custom_padding_tablet=\u00bb||126px||false|false\u00bb custom_padding_phone=\u00bb||0px||false|false\u00bb locked=\u00bboff\u00bb global_colors_info=\u00bb{}\u00bb][et_pb_row column_structure=\u00bb3_5,2_5&#8243; use_custom_gutter=\u00bbon\u00bb gutter_width=\u00bb2&#8243; make_equal=\u00bbon\u00bb _builder_version=\u00bb4.19.5&#8243; _module_preset=\u00bbdefault\u00bb width=\u00bb90%\u00bb max_width=\u00bb1170px\u00bb custom_margin_tablet=\u00bb\u00bb custom_margin_phone=\u00bb\u00bb custom_margin_last_edited=\u00bbon|phone\u00bb custom_padding=\u00bb||0px||false|false\u00bb animation_style=\u00bbslide\u00bb animation_direction=\u00bbleft\u00bb animation_duration=\u00bb1600ms\u00bb animation_intensity_slide=\u00bb12%\u00bb animation_starting_opacity=\u00bb6%\u00bb global_colors_info=\u00bb{}\u00bb][et_pb_column type=\u00bb3_5&#8243; _builder_version=\u00bb4.16&#8243; _module_preset=\u00bbdefault\u00bb global_colors_info=\u00bb{}\u00bb][et_pb_text _builder_version=\u00bb4.23.1&#8243; _module_preset=\u00bbdefault\u00bb link_text_color=\u00bb#ff3b3e;\u00bb header_font=\u00bb|300|||||||\u00bb header_text_color=\u00bb#FFFFFF\u00bb header_font_size=\u00bb72px\u00bb header_2_font=\u00bb|800|||||||\u00bb header_2_text_color=\u00bb#ffffff\u00bb header_2_font_size=\u00bb72px\u00bb custom_margin=\u00bb||30px||false|false\u00bb custom_margin_tablet=\u00bb\u00bb custom_margin_phone=\u00bb||20px||false|false\u00bb custom_margin_last_edited=\u00bbon|phone\u00bb header_font_size_tablet=\u00bb72px\u00bb header_font_size_phone=\u00bb45px\u00bb header_font_size_last_edited=\u00bbon|phone\u00bb header_2_font_size_tablet=\u00bb\u00bb header_2_font_size_phone=\u00bb30px\u00bb header_2_font_size_last_edited=\u00bbon|phone\u00bb header_2_line_height_tablet=\u00bb\u00bb header_2_line_height_phone=\u00bb35px\u00bb header_2_line_height_last_edited=\u00bbon|phone\u00bb global_colors_info=\u00bb{}\u00bb]<\/p>\n<h1>Cajas fuertes para <strong><span style=\"color: #e42313;\">administraci\u00f3n de loter\u00edas<\/span><\/strong><\/h1>\n<p>[\/et_pb_text][et_pb_text _builder_version=\u00bb4.23.1&#8243; _module_preset=\u00bbdefault\u00bb text_font=\u00bb|600|||||||\u00bb text_text_color=\u00bb#ffffff\u00bb text_font_size=\u00bb21px\u00bb text_line_height=\u00bb30px\u00bb width=\u00bb57%\u00bb width_tablet=\u00bb100%\u00bb width_phone=\u00bb\u00bb width_last_edited=\u00bbon|phone\u00bb custom_margin=\u00bb||30px||false|false\u00bb custom_margin_tablet=\u00bb||30px||false|false\u00bb custom_margin_phone=\u00bb|60px|||false|false\u00bb custom_margin_last_edited=\u00bbon|phone\u00bb custom_padding=\u00bb|||20px|false|false\u00bb text_font_size_tablet=\u00bb21px\u00bb text_font_size_phone=\u00bb19px\u00bb text_font_size_last_edited=\u00bbon|phone\u00bb border_width_left=\u00bb3px\u00bb border_color_left=\u00bb#e42313&#8243; global_colors_info=\u00bb{}\u00bb]Un espacio seguro para almacenar documentos importantes relacionados con la loter\u00eda.[\/et_pb_text][\/et_pb_column][et_pb_column type=\u00bb2_5&#8243; disabled_on=\u00bbon|on|off\u00bb _builder_version=\u00bb4.19.5&#8243; _module_preset=\u00bbdefault\u00bb global_colors_info=\u00bb{}\u00bb][\/et_pb_column][\/et_pb_row][\/et_pb_section][et_pb_section fb_built=\u00bb1&#8243; _builder_version=\u00bb4.19.5&#8243; _module_preset=\u00bbdefault\u00bb custom_padding=\u00bb||54px|||\u00bb locked=\u00bboff\u00bb global_colors_info=\u00bb{}\u00bb][et_pb_row _builder_version=\u00bb4.19.5&#8243; _module_preset=\u00bbdefault\u00bb locked=\u00bboff\u00bb global_colors_info=\u00bb{}\u00bb][et_pb_column type=\u00bb4_4&#8243; _builder_version=\u00bb4.19.5&#8243; _module_preset=\u00bbdefault\u00bb global_colors_info=\u00bb{}\u00bb][lwp_divi_breadcrumbs home_text=\u00bbInicio\u00bb _builder_version=\u00bb4.23.1&#8243; _module_preset=\u00bbdefault\u00bb hover_enabled=\u00bb0&#8243; global_colors_info=\u00bb{}\u00bb sticky_enabled=\u00bb0&#8243;][\/lwp_divi_breadcrumbs][\/et_pb_column][\/et_pb_row][et_pb_row column_structure=\u00bb1_2,1_2&#8243; _builder_version=\u00bb4.19.5&#8243; _module_preset=\u00bbdefault\u00bb custom_margin_tablet=\u00bb\u00bb custom_margin_phone=\u00bb-28px||||false|false\u00bb custom_margin_last_edited=\u00bbon|phone\u00bb global_colors_info=\u00bb{}\u00bb][et_pb_column type=\u00bb1_2&#8243; _builder_version=\u00bb4.19.5&#8243; _module_preset=\u00bbdefault\u00bb animation_style=\u00bbslide\u00bb animation_direction=\u00bbleft\u00bb animation_duration=\u00bb1600ms\u00bb animation_intensity_slide=\u00bb12%\u00bb animation_starting_opacity=\u00bb6%\u00bb global_colors_info=\u00bb{}\u00bb][et_pb_image src=\u00bbhttps:\/\/rigau.cat\/wp-content\/uploads\/2023\/12\/Loteria.jpg\u00bb title_text=\u00bbLoter\u00eda\u00bb show_in_lightbox=\u00bbon\u00bb _builder_version=\u00bb4.23.1&#8243; _module_preset=\u00bbdefault\u00bb animation_style=\u00bbslide\u00bb animation_direction=\u00bbleft\u00bb animation_duration=\u00bb1600ms\u00bb animation_intensity_slide=\u00bb12%\u00bb animation_starting_opacity=\u00bb6%\u00bb border_radii=\u00bbon|12px|12px|12px|12px\u00bb box_shadow_style=\u00bbpreset3&#8243; global_colors_info=\u00bb{}\u00bb][\/et_pb_image][\/et_pb_column][et_pb_column type=\u00bb1_2&#8243; _builder_version=\u00bb4.19.5&#8243; _module_preset=\u00bbdefault\u00bb animation_direction=\u00bbright\u00bb global_colors_info=\u00bb{}\u00bb][et_pb_text quote_border_color=\u00bb#e42313&#8243; _builder_version=\u00bb4.23.1&#8243; _module_preset=\u00bbdefault\u00bb text_font=\u00bb|300|||||||\u00bb text_font_size=\u00bb16px\u00bb text_line_height=\u00bb35px\u00bb ul_line_height=\u00bb2em\u00bb text_orientation=\u00bbcenter\u00bb custom_margin=\u00bb-9px||26px||false|false\u00bb custom_margin_tablet=\u00bb-9px||26px||false|false\u00bb custom_margin_phone=\u00bb0px||0px||false|false\u00bb custom_margin_last_edited=\u00bbon|phone\u00bb animation_style=\u00bbslide\u00bb animation_direction=\u00bbright\u00bb animation_duration=\u00bb1600ms\u00bb animation_intensity_slide=\u00bb12%\u00bb animation_starting_opacity=\u00bb6%\u00bb text_font_size_tablet=\u00bb\u00bb text_font_size_phone=\u00bb15px\u00bb text_font_size_last_edited=\u00bbon|phone\u00bb text_line_height_tablet=\u00bb35px\u00bb text_line_height_phone=\u00bb30.1px\u00bb text_line_height_last_edited=\u00bbon|phone\u00bb custom_css_main_element=\u00bbfont-weight:400;\u00bb locked=\u00bboff\u00bb global_colors_info=\u00bb{}\u00bb]<\/p>\n<blockquote>\n<p style=\"text-align: left;\">Las administraciones de loter\u00edas manejan grandes sumas de dinero en efectivo y boletos valiosos, lo que las convierte en un blanco atractivo para posibles robos. Es en este contexto que las <a href=\"https:\/\/rigau.cat\/es\/cajas-fuertes\/\" rel=\"noopener\">cajas fuertes<\/a> para administraci\u00f3n de loter\u00edas desempe\u00f1an un papel crucial. Estas cajas est\u00e1n dise\u00f1adas no solo para proteger el efectivo, sino tambi\u00e9n para proporcionar un espacio seguro para almacenar documentos importantes relacionados con la loter\u00eda.<\/p>\n<\/blockquote>\n<p>[\/et_pb_text][\/et_pb_column][\/et_pb_row][et_pb_row _builder_version=\u00bb4.19.5&#8243; _module_preset=\u00bbdefault\u00bb custom_margin_tablet=\u00bb\u00bb custom_margin_phone=\u00bb-28px||||false|false\u00bb custom_margin_last_edited=\u00bbon|phone\u00bb custom_padding=\u00bb0px|||||\u00bb global_colors_info=\u00bb{}\u00bb][et_pb_column type=\u00bb4_4&#8243; _builder_version=\u00bb4.19.5&#8243; _module_preset=\u00bbdefault\u00bb animation_style=\u00bbslide\u00bb animation_direction=\u00bbleft\u00bb animation_duration=\u00bb1600ms\u00bb animation_intensity_slide=\u00bb12%\u00bb animation_starting_opacity=\u00bb6%\u00bb global_colors_info=\u00bb{}\u00bb][et_pb_text _builder_version=\u00bb4.23.1&#8243; _module_preset=\u00bbdefault\u00bb text_text_color=\u00bb#FFFFFF\u00bb text_font_size=\u00bb16px\u00bb header_2_text_color=\u00bb#FFFFFF\u00bb header_3_text_color=\u00bb#FFFFFF\u00bb background_color=\u00bb#e42313&#8243; custom_margin=\u00bb0px||||false|false\u00bb custom_margin_tablet=\u00bb0px||||false|false\u00bb custom_margin_phone=\u00bb0px||-23px||false|false\u00bb custom_margin_last_edited=\u00bbon|phone\u00bb custom_padding=\u00bb12px|15px|4px|15px|false|false\u00bb animation_style=\u00bbslide\u00bb animation_direction=\u00bbtop\u00bb animation_duration=\u00bb1600ms\u00bb animation_intensity_slide=\u00bb12%\u00bb animation_starting_opacity=\u00bb6%\u00bb locked=\u00bboff\u00bb global_colors_info=\u00bb{}\u00bb]<\/p>\n<h2>Cajas fuertes homologadas para administraci\u00f3n de loter\u00edas<\/h2>\n<p>[\/et_pb_text][et_pb_text _builder_version=\u00bb4.23.1&#8243; _module_preset=\u00bbdefault\u00bb text_font=\u00bb|300|||||||\u00bb text_font_size=\u00bb16px\u00bb custom_margin=\u00bb35px||||false|false\u00bb animation_style=\u00bbslide\u00bb animation_direction=\u00bbright\u00bb animation_duration=\u00bb1600ms\u00bb animation_intensity_slide=\u00bb12%\u00bb animation_starting_opacity=\u00bb6%\u00bb locked=\u00bboff\u00bb global_colors_info=\u00bb{}\u00bb]<\/p>\n<p>Cuando se trata de seguridad, las <a href=\"https:\/\/rigau.cat\/es\/cajas-fuertes\/nuevas\/\" rel=\"noopener\">cajas fuertes nuevas<\/a> para la administraci\u00f3n de loter\u00edas deben cumplir con medidas de seguridad importantes y reglamentadas. Las gamma de productos que desde Rigau Grup les ofrecemos, cumplen con rigurosos est\u00e1ndares y regulaciones de seguridad, garantizando que su contenido est\u00e9 protegido contra intentos de acceso no autorizado y que cumplan con las normativas vigentes.<\/p>\n<p>[\/et_pb_text][\/et_pb_column][\/et_pb_row][et_pb_row _builder_version=\u00bb4.23.1&#8243; _module_preset=\u00bbdefault\u00bb custom_margin_tablet=\u00bb\u00bb custom_margin_phone=\u00bb0px||||false|false\u00bb custom_margin_last_edited=\u00bbon|phone\u00bb custom_padding=\u00bb0px|||||\u00bb locked=\u00bboff\u00bb global_colors_info=\u00bb{}\u00bb][et_pb_column type=\u00bb4_4&#8243; _builder_version=\u00bb4.19.5&#8243; _module_preset=\u00bbdefault\u00bb animation_style=\u00bbslide\u00bb animation_direction=\u00bbleft\u00bb animation_duration=\u00bb1600ms\u00bb animation_intensity_slide=\u00bb12%\u00bb animation_starting_opacity=\u00bb6%\u00bb global_colors_info=\u00bb{}\u00bb][et_pb_text _builder_version=\u00bb4.23.1&#8243; _module_preset=\u00bbdefault\u00bb text_text_color=\u00bb#FFFFFF\u00bb text_font_size=\u00bb16px\u00bb header_2_text_color=\u00bb#FFFFFF\u00bb header_3_text_color=\u00bb#e42313&#8243; background_enable_color=\u00bboff\u00bb custom_margin=\u00bb20px||||false|false\u00bb custom_margin_tablet=\u00bb0px||||false|false\u00bb custom_margin_phone=\u00bb0px||-23px||false|false\u00bb custom_margin_last_edited=\u00bbon|phone\u00bb custom_padding=\u00bb12px|15px|4px|0px|false|false\u00bb animation_style=\u00bbslide\u00bb animation_direction=\u00bbtop\u00bb animation_duration=\u00bb1600ms\u00bb animation_intensity_slide=\u00bb12%\u00bb animation_starting_opacity=\u00bb6%\u00bb locked=\u00bboff\u00bb global_colors_info=\u00bb{}\u00bb]<\/p>\n<h3>Cajas fuertes para administraci\u00f3n de loter\u00edas<\/h3>\n<p>[\/et_pb_text][et_pb_text _builder_version=\u00bb4.23.1&#8243; _module_preset=\u00bbdefault\u00bb text_font=\u00bb|300|||||||\u00bb text_font_size=\u00bb16px\u00bb custom_margin=\u00bb35px||||false|false\u00bb animation_style=\u00bbslide\u00bb animation_direction=\u00bbright\u00bb animation_duration=\u00bb1600ms\u00bb animation_intensity_slide=\u00bb12%\u00bb animation_starting_opacity=\u00bb6%\u00bb locked=\u00bboff\u00bb global_colors_info=\u00bb{}\u00bb]<\/p>\n<ul>\n<li><strong>Robustez y durabilidad:<\/strong> las cajas fuertes dise\u00f1adas para administraciones de loter\u00edas deben ser construidas con materiales resistentes y duraderos para resistir posibles ataques y garantizar una larga vida \u00fatil.<\/li>\n<li><strong>Sistemas de cierre avanzados:<\/strong> las cajas fuertes modernas ofrecen sistemas de cierre electr\u00f3nicos, biom\u00e9tricos o combinaciones complejas, proporcionando capas adicionales de seguridad para mantener alejados a intrusos no deseados.<\/li>\n<li><strong>Tama\u00f1o y configuraci\u00f3n adecuados:<\/strong> la caja fuerte debe adaptarse a las necesidades espec\u00edficas de la administraci\u00f3n de loter\u00edas, ofreciendo un espacio suficiente para el efectivo, los boletos y otros objetos de valor.<\/li>\n<\/ul>\n<p>[\/et_pb_text][et_pb_text _builder_version=\u00bb4.23.1&#8243; _module_preset=\u00bbdefault\u00bb text_font=\u00bb|600|||||||\u00bb text_text_color=\u00bb#e42313&#8243; text_font_size=\u00bb16px\u00bb custom_margin=\u00bb35px||||false|false\u00bb animation_style=\u00bbslide\u00bb animation_direction=\u00bbright\u00bb animation_duration=\u00bb1600ms\u00bb animation_intensity_slide=\u00bb12%\u00bb animation_starting_opacity=\u00bb6%\u00bb locked=\u00bboff\u00bb global_colors_info=\u00bb{}\u00bb]La elecci\u00f3n de una caja fuerte para administraci\u00f3n de loter\u00edas va m\u00e1s all\u00e1 de simplemente proteger el dinero en efectivo. Tambi\u00e9n implica salvaguardar la integridad del negocio y la confianza de los clientes. La transparencia en la gesti\u00f3n financiera y la seguridad en el manejo de los fondos son aspectos clave que una caja fuerte adecuada puede garantizar.[\/et_pb_text][\/et_pb_column][\/et_pb_row][\/et_pb_section]<\/p>\n","protected":false},"excerpt":{"rendered":"<p>Cajas fuertes para administraci\u00f3n de loter\u00edasUn espacio seguro para almacenar documentos importantes relacionados con la loter\u00eda.<div class=\"et_pb_module lwp_divi_breadcrumbs lwp_divi_breadcrumbs_0\">\n\t\t\t\t\n\t\t\t\t\n\t\t\t\t\n\t\t\t\t\n\t\t\t\t\n\t\t\t\t\n\t\t\t\t<div class=\"et_pb_module_inner\">\n\t\t\t\t\t<div class=\"lwp-breadcrumbs\"> <span class=\"before\"><\/span> <span vocab=\"https:\/\/schema.org\/\" typeof=\"BreadcrumbList\"><span property=\"itemListElement\" typeof=\"ListItem\"><a property=\"item\" typeof=\"WebPage\" href=\"https:\/\/www.rigau.cat\/es\/\" class=\"home\"><span property=\"name\">Inicio<\/span><\/a><meta property=\"position\" content=\"1\"><\/span> <span class=\"separator et-pb-icon\">&#x39;<\/span> <\/span><\/div>\n\t\t\t\t<\/div>\n\t\t\t<\/div>Las administraciones de loter\u00edas manejan grandes sumas de dinero en efectivo y boletos valiosos, lo que las convierte en un blanco atractivo para posibles robos. Es en este contexto que las cajas fuertes para [&hellip;]<\/p>\n","protected":false},"author":4,"featured_media":0,"parent":246582,"menu_order":0,"comment_status":"closed","ping_status":"closed","template":"","meta":{"_et_pb_use_builder":"on","_et_pb_old_content":"","_et_gb_content_width":"","_joinchat":[],"footnotes":""},"class_list":["post-246654","page","type-page","status-publish","hentry"],"_links":{"self":[{"href":"https:\/\/www.rigau.cat\/es\/wp-json\/wp\/v2\/pages\/246654","targetHints":{"allow":["GET"]}}],"collection":[{"href":"https:\/\/www.rigau.cat\/es\/wp-json\/wp\/v2\/pages"}],"about":[{"href":"https:\/\/www.rigau.cat\/es\/wp-json\/wp\/v2\/types\/page"}],"author":[{"embeddable":true,"href":"https:\/\/www.rigau.cat\/es\/wp-json\/wp\/v2\/users\/4"}],"replies":[{"embeddable":true,"href":"https:\/\/www.rigau.cat\/es\/wp-json\/wp\/v2\/comments?post=246654"}],"version-history":[{"count":5,"href":"https:\/\/www.rigau.cat\/es\/wp-json\/wp\/v2\/pages\/246654\/revisions"}],"predecessor-version":[{"id":246660,"href":"https:\/\/www.rigau.cat\/es\/wp-json\/wp\/v2\/pages\/246654\/revisions\/246660"}],"up":[{"embeddable":true,"href":"https:\/\/www.rigau.cat\/es\/wp-json\/wp\/v2\/pages\/246582"}],"wp:attachment":[{"href":"https:\/\/www.rigau.cat\/es\/wp-json\/wp\/v2\/media?parent=246654"}],"curies":[{"name":"wp","href":"https:\/\/api.w.org\/{rel}","templated":true}]}}