{"id":242083,"date":"2021-09-10T10:16:30","date_gmt":"2021-09-10T08:16:30","guid":{"rendered":"https:\/\/rigau.cat\/politica-de-cookies\/"},"modified":"2023-11-22T08:19:33","modified_gmt":"2023-11-22T07:19:33","slug":"politica-de-cookies","status":"publish","type":"page","link":"https:\/\/www.rigau.cat\/es\/politica-de-cookies\/","title":{"rendered":"Pol\u00edtica de Cookies"},"content":{"rendered":"<p>[et_pb_section fb_built=\u00bb1&#8243; _builder_version=\u00bb4.20.2&#8243; _module_preset=\u00bbdefault\u00bb custom_padding=\u00bb52px||0px||false|false\u00bb locked=\u00bboff\u00bb global_colors_info=\u00bb{}\u00bb][et_pb_row _builder_version=\u00bb4.19.5&#8243; _module_preset=\u00bbdefault\u00bb custom_margin=\u00bb73px||||false|false\u00bb custom_padding=\u00bb0px|||||\u00bb locked=\u00bboff\u00bb global_colors_info=\u00bb{}\u00bb][et_pb_column type=\u00bb4_4&#8243; _builder_version=\u00bb4.19.5&#8243; _module_preset=\u00bbdefault\u00bb global_colors_info=\u00bb{}\u00bb][lwp_divi_breadcrumbs _builder_version=\u00bb4.22.1&#8243; _module_preset=\u00bbdefault\u00bb hover_enabled=\u00bb0&#8243; global_colors_info=\u00bb{}\u00bb home_text=\u00bbInici\u00bb sticky_enabled=\u00bb0&#8243;][\/lwp_divi_breadcrumbs][\/et_pb_column][\/et_pb_row][et_pb_row _builder_version=\u00bb4.19.5&#8243; _module_preset=\u00bbdefault\u00bb custom_margin_tablet=\u00bb\u00bb custom_margin_phone=\u00bb-34px||0px||false|false\u00bb custom_margin_last_edited=\u00bbon|phone\u00bb custom_padding=\u00bb||52px|||\u00bb animation_style=\u00bbslide\u00bb animation_direction=\u00bbbottom\u00bb animation_duration=\u00bb1600ms\u00bb animation_intensity_slide=\u00bb12%\u00bb animation_starting_opacity=\u00bb6%\u00bb global_colors_info=\u00bb{}\u00bb][et_pb_column type=\u00bb4_4&#8243; _builder_version=\u00bb4.19.5&#8243; _module_preset=\u00bbdefault\u00bb global_colors_info=\u00bb{}\u00bb][et_pb_text _builder_version=\u00bb4.20.2&#8243; _module_preset=\u00bbdefault\u00bb header_2_font=\u00bb|300|||||||\u00bb header_2_font_size=\u00bb44px\u00bb custom_margin=\u00bb-18px||||false|false\u00bb custom_margin_tablet=\u00bb-18px||||false|false\u00bb custom_margin_phone=\u00bb0px||-4px||false|false\u00bb custom_margin_last_edited=\u00bbon|phone\u00bb header_font_size_tablet=\u00bb\u00bb header_font_size_phone=\u00bb\u00bb header_font_size_last_edited=\u00bbon|phone\u00bb header_2_font_size_tablet=\u00bb44px\u00bb header_2_font_size_phone=\u00bb31px\u00bb header_2_font_size_last_edited=\u00bbon|phone\u00bb global_colors_info=\u00bb{}\u00bb]<\/p>\n<h1 style=\"text-align: left;\">Pol\u00edtica de cookies<\/h1>\n<p>[\/et_pb_text][\/et_pb_column][\/et_pb_row][\/et_pb_section][et_pb_section fb_built=\u00bb1&#8243; _builder_version=\u00bb4.20.2&#8243; _module_preset=\u00bbdefault\u00bb custom_padding=\u00bb1px|||||\u00bb locked=\u00bboff\u00bb global_colors_info=\u00bb{}\u00bb][et_pb_row _builder_version=\u00bb4.20.2&#8243; _module_preset=\u00bbdefault\u00bb custom_margin=\u00bb-38px||||false|false\u00bb global_colors_info=\u00bb{}\u00bb][et_pb_column type=\u00bb4_4&#8243; _builder_version=\u00bb4.20.2&#8243; _module_preset=\u00bbdefault\u00bb global_colors_info=\u00bb{}\u00bb][et_pb_text _builder_version=\u00bb4.20.2&#8243; _module_preset=\u00bbdefault\u00bb text_font=\u00bb|300|||||||\u00bb global_colors_info=\u00bb{}\u00bb]<\/p>\n<p>Nuestro sitio web rigau.cat utiliza una tecnolog\u00eda llamada &#8216;cookie&#8217;, con el fin de poder obtener informaci\u00f3n sobre el uso del sitio web, mejorar la experiencia del usuario y garantizar el su correcto funcionamiento.<\/p>\n<h2 class=\"title4 titol text-bold \">Definici\u00f3n de Cookie<\/h2>\n<p>Una &#8216;cookie&#8217; es un peque\u00f1o fragmento de texto que los sitios web env\u00edan al navegador y que se almacenan en el terminal del usuario, (ordenador o dispositivo m\u00f3vil). Estos archivos tienen la finalidad de almacenar datos que podr\u00e1n ser actualizados y recuperadas por la entidad responsable de su instalaci\u00f3n. As\u00ed, cada vez que el usuario vuelve a visitar el mismo sitio web, el explorador recupera el archivo y lo env\u00eda al servidor del sitio web. Las cookies tienen varias funciones entre las que se incluyen, la de recoger informaci\u00f3n sobre las preferencias del usuario y recordarla, y en general, facilitar el uso del sitio web al usuario haciendo que el sitio sea m\u00e1s \u00fatil al personalizar su contenido.<\/p>\n<p>Las cookies se pueden clasificar en base a diferentes par\u00e1metros:<\/p>\n<ol>\n<li><strong>Titularidad:<\/strong> cookies propias y cookies de terceros: dependiendo de cu\u00e1l sea la entidad que gestione el dominio desde donde se env\u00edan las cookies y se traten los datos que se obtengan.<\/li>\n<li><strong>Duraci\u00f3n:<\/strong> cookies de sesi\u00f3n y cookies persistentes: de acuerdo con el plazo de tiempo que permanecen almacenadas en el terminal del usuario.<\/li>\n<li><strong>Finalidad:<\/strong> cookies t\u00e9cnicas, cookies de personalizaci\u00f3n, cookies de an\u00e1lisis, cookies publicitarias, cookies de publicidad comportamental, de acuerdo con la finalidad para la que se traten los datos obtenidos.<\/li>\n<\/ol>\n<p>Cookies t\u00e9cnicas: son aquellas que permiten al usuario la navegaci\u00f3n a trav\u00e9s de la p\u00e1gina web o aplicaci\u00f3n y la utilizaci\u00f3n de las diferentes opciones o servicios que en ella existen. Por ejemplo, controlar el tr\u00e1fico y la comunicaci\u00f3n de datos, identificar la sesi\u00f3n o acceder a las partes web de acceso restringido.<\/p>\n<p>Cookies de personalizaci\u00f3n: son aquellas que permiten al usuario acceder al servicio con algunas caracter\u00edsticas de car\u00e1cter general predefinidas en su terminal o que el propio usuario defina. Por ejemplo, el idioma, el tipo de navegador a trav\u00e9s del cual accede al servicio o el dise\u00f1o de contenidos seleccionado.<\/p>\n<p>Cookies de an\u00e1lisis: son aquellas que o bien tratadas por nosotros o por terceros, nos permiten cuantificar el n\u00famero de usuarios y as\u00ed realizar el an\u00e1lisis estad\u00edstico de la utilizaci\u00f3n que hacen los usuarios del servicio ofrecido Para ello se analiza su navegaci\u00f3n en nuestra p\u00e1gina web para mejorar la oferta de productos o servicios que le ofrecemos.<\/p>\n<p>Cookies publicitarias: son aquellas que permiten la gesti\u00f3n, de la forma m\u00e1s eficaz posible, los espacios publicitarios que, en su caso, el editor haya incluido en una p\u00e1gina web, aplicaci\u00f3n o plataforma desde la que presta el servicio solicitado sobre la base de criterios como el contenido editado o la frecuencia en a que se muestran los anuncios.<\/p>\n<p>Cookies de publicidad comportamental: son aquellas que permiten la gesti\u00f3n, de la manera m\u00e1s eficaz posible, de los espacios publicitarios que, en su caso, el editor haya incluido en una p\u00e1gina web, aplicaci\u00f3n o plataforma desde la que presta el servicio solicitado. Estas cookies almacenan informaci\u00f3n del comportamiento de los usuarios obtenida a trav\u00e9s de la observaci\u00f3n continuada de sus h\u00e1bitos de navegaci\u00f3n, lo que permite desarrollar un perfil espec\u00edfico para mostrar publicidad en funci\u00f3n del mismo.<\/p>\n<h2 class=\"title4 titol text-bold \">Cookies utilizadas en nuestro sitio web<\/h2>\n<p>Nuestro sitio web utiliza tanto cookies propias, que son las enviadas a su dispositivo y gestionadas exclusivamente por nosotros para el mejor funcionamiento del sitio web, como cookies de terceros, con la funci\u00f3n de servirnos como herramienta de an\u00e1lisis de la interacci\u00f3n los usuarios con nuestra web, gracias a ellas obtenemos una informaci\u00f3n que puede ayudar a mejorar la navegaci\u00f3n y dar un mejor servicio a los usuarios.<\/p>\n<p>Utilizamos tanto cookies temporales de sesi\u00f3n como cookies persistentes. Las cookies de sesi\u00f3n almacenan datos \u00fanicamente mientras el usuario accede a la web y las cookies persistentes almacenan los datos en el terminal para que sean accedidas y utilizadas en m\u00e1s de una sesi\u00f3n.<\/p>\n<p>Concretamente las cookies utilizadas en nuestro sitio web son:<\/p>\n<h3 class=\"title4 text-underline\">Cookies propias:<\/h3>\n<p>Las cookies propias que utilizamos en nuestro sitio web son de car\u00e1cter t\u00e9cnico, fundamentales para el funcionamiento de la web.<\/p>\n<h3 class=\"title4 text-underline\">Cookies de terceros:<\/h3>\n<table>\n<tbody>\n<tr>\n<th>Cookie<\/th>\n<th>Titular<\/th>\n<th>Finalidad<\/th>\n<th>Duraci\u00f3n:<\/th>\n<\/tr>\n<tr>\n<td>__utmz, __ utmc, __utma, __utmb,__utmt, __ga, __gat<\/td>\n<td>Google Inc. (Google Analytics)<\/td>\n<td>Anal\u00edticas: analizan el tr\u00e1fico de esta web.<\/td>\n<td>Sesi\u00f3n y persistentes<\/td>\n<\/tr>\n<\/tbody>\n<\/table>\n<p>Para obtener m\u00e1s informaci\u00f3n sobre las cookies y\/o para su desactivaci\u00f3n puede clicar sobre los enlaces que hay en el nombre de los diferentes titulares.<\/p>\n<p>Finalmente, tambi\u00e9n se utilizan cookies de complemento (plug-in) para intercambiar contenidos sociales.<\/p>\n<h2 class=\"title4 titol text-bold \">Consentimiento<\/h2>\n<p>Al navegar y continuar en nuestro sitio web el usuario estar\u00e1 consintiendo el uso de las cookies antes enunciadas, por los plazos se\u00f1alados y en las condiciones contenidas en la presente Pol\u00edtica sobre Cookies.<\/p>\n<p>Asimismo, le informamos de que si usted consulta contenidos en nuestra web alojados en webs de terceros, estos tienen su propia pol\u00edtica de cookies.<\/p>\n<h2 class=\"title4 titol text-bold \">Retirada del consentimiento<\/h2>\n<p>El usuario podr\u00e1 retirar en cualquier momento su consentimiento relacionado con esta Pol\u00edtica sobre Cookies, para ello tendr\u00e1 que eliminar las cookies almacenadas en su equipo utilizando los ajustes y configuraciones de su navegador de Internet.<\/p>\n<h2 class=\"title4 titol text-bold \">Modificaci\u00f3n de la configuraci\u00f3n de las cookies<\/h2>\n<p><a name=\"cookies-config\"><\/a><\/p>\n<p>El usuario puede restringir, bloquear o borrar las cookies de cualquier sitio web, utilizando su navegador. En cada navegador la operativa es diferente, por lo que puede consultar los siguientes enlaces la forma de hacerlo.<\/p>\n<ul class=\"\">\n<li>\n<div class=\"cont\">\n<p><strong>Internet Explorer:<\/strong> <a href=\"https:\/\/support.microsoft.com\/es-es\/help\/17442\/windows-internet-explorer-delete-manage-cookies#ie=ie-11\" target=\"_blank\" rel=\"nofollow noopener\">https:\/\/support.microsoft.com\/es-es\/help\/17442\/windows-internet-explorer-delete-manage-cookies#ie=ie-11<\/a><\/p>\n<\/div>\n<\/li>\n<li>\n<div class=\"cont\">\n<p><strong>Edge:<\/strong> <a href=\"https:\/\/support.microsoft.com\/es-es\/help\/4468242\/microsoft-edge-browsing-data-and-privacy-microsoft-privacy\" target=\"_blank\" rel=\"nofollow noopener\">https:\/\/support.microsoft.com\/es-es\/help\/4468242\/microsoft-edge-browsing-data-and-privacy-microsoft-privacy<\/a><\/p>\n<\/div>\n<\/li>\n<li>\n<div class=\"cont\">\n<p><strong>FireFox:<\/strong> <a href=\"https:\/\/support.mozilla.org\/es\/kb\/clear-cookies-and-site-data-firefox\" target=\"_blank\" rel=\"nofollow noopener\">https:\/\/support.mozilla.org\/es\/kb\/clear-cookies-and-site-data-firefox<\/a><\/p>\n<\/div>\n<\/li>\n<li>\n<div class=\"cont\">\n<p><strong>Chrome:<\/strong> <a href=\"https:\/\/support.google.com\/chrome\/answer\/95647?hl=ca\" target=\"_blank\" rel=\"nofollow noopener\">https:\/\/support.google.com\/chrome\/answer\/95647?hl=ca<\/a><\/p>\n<\/div>\n<\/li>\n<li>\n<div class=\"cont\">\n<p><strong>Safari (mac):<\/strong> <a href=\"https:\/\/support.apple.com\/es-es\/guide\/safari\/manage-cookies-and-website-data-sfri11471\/mac\" target=\"_blank\" rel=\"nofollow noopener\">https:\/\/support.apple.com\/es-es\/guide\/safari\/manage-cookies-and-website-data-sfri11471\/mac<\/a><\/p>\n<\/div>\n<\/li>\n<li>\n<div class=\"cont\">\n<p><strong>Safari (iPhone\/iPad):<\/strong> <a href=\"https:\/\/support.apple.com\/es-es\/HT201265\" target=\"_blank\" rel=\"nofollow noopener\">https:\/\/support.apple.com\/es-es\/HT201265<\/a><\/p>\n<\/div>\n<\/li>\n<li>\n<div class=\"cont\">\n<p><strong>Opera:<\/strong> <a href=\"https:\/\/help.opera.com\/en\/latest\/web-preferences\/#cookies\" target=\"_blank\" rel=\"nofollow noopener\">https:\/\/help.opera.com\/en\/latest\/web-preferences\/#cookies<\/a><\/p>\n<\/div>\n<\/li>\n<\/ul>\n<p>Para obtener m\u00e1s informaci\u00f3n sobre la eliminaci\u00f3n, deshabilitaci\u00f3n o bloqueo de las cookies tambi\u00e9n puede visitar:<br \/><a href=\"https:\/\/www.aboutcookies.org\/how-to-manage-and-delete-cookies\" target=\"_blank\" rel=\"nofollow noopener\">https:\/\/www.aboutcookies.org\/how-to-manage-and-delete-cookies<\/a><\/p>\n<p>[\/et_pb_text][\/et_pb_column][\/et_pb_row][\/et_pb_section]<\/p>\n","protected":false},"excerpt":{"rendered":"<p><div class=\"et_pb_module lwp_divi_breadcrumbs lwp_divi_breadcrumbs_0\">\n\t\t\t\t\n\t\t\t\t\n\t\t\t\t\n\t\t\t\t\n\t\t\t\t\n\t\t\t\t\n\t\t\t\t<div class=\"et_pb_module_inner\">\n\t\t\t\t\t<div class=\"lwp-breadcrumbs\"> <span class=\"before\"><\/span> <span vocab=\"https:\/\/schema.org\/\" typeof=\"BreadcrumbList\"><span property=\"itemListElement\" typeof=\"ListItem\"><a property=\"item\" typeof=\"WebPage\" href=\"https:\/\/www.rigau.cat\/es\/\" class=\"home\"><span property=\"name\">Inici<\/span><\/a><meta property=\"position\" content=\"1\"><\/span> <span class=\"separator et-pb-icon\">&#x39;<\/span> <\/span><\/div>\n\t\t\t\t<\/div>\n\t\t\t<\/div>Pol\u00edtica de cookiesNuestro sitio web rigau.cat utiliza una tecnolog\u00eda llamada &#8216;cookie&#8217;, con el fin de poder obtener informaci\u00f3n sobre el uso del sitio web, mejorar la experiencia del usuario y garantizar el su correcto funcionamiento. Definici\u00f3n de Cookie Una &#8216;cookie&#8217; es un peque\u00f1o fragmento de texto que los sitios [&hellip;]<\/p>\n","protected":false},"author":4,"featured_media":0,"parent":0,"menu_order":0,"comment_status":"closed","ping_status":"closed","template":"","meta":{"_et_pb_use_builder":"on","_et_pb_old_content":"","_et_gb_content_width":"","_joinchat":[],"footnotes":""},"class_list":["post-242083","page","type-page","status-publish","hentry"],"_links":{"self":[{"href":"https:\/\/www.rigau.cat\/es\/wp-json\/wp\/v2\/pages\/242083","targetHints":{"allow":["GET"]}}],"collection":[{"href":"https:\/\/www.rigau.cat\/es\/wp-json\/wp\/v2\/pages"}],"about":[{"href":"https:\/\/www.rigau.cat\/es\/wp-json\/wp\/v2\/types\/page"}],"author":[{"embeddable":true,"href":"https:\/\/www.rigau.cat\/es\/wp-json\/wp\/v2\/users\/4"}],"replies":[{"embeddable":true,"href":"https:\/\/www.rigau.cat\/es\/wp-json\/wp\/v2\/comments?post=242083"}],"version-history":[{"count":5,"href":"https:\/\/www.rigau.cat\/es\/wp-json\/wp\/v2\/pages\/242083\/revisions"}],"predecessor-version":[{"id":246382,"href":"https:\/\/www.rigau.cat\/es\/wp-json\/wp\/v2\/pages\/242083\/revisions\/246382"}],"wp:attachment":[{"href":"https:\/\/www.rigau.cat\/es\/wp-json\/wp\/v2\/media?parent=242083"}],"curies":[{"name":"wp","href":"https:\/\/api.w.org\/{rel}","templated":true}]}}