{"id":241997,"date":"2023-02-27T13:52:55","date_gmt":"2023-02-27T12:52:55","guid":{"rendered":"https:\/\/rigau.cat\/cerrajeria-de-automocion\/instalacion-de-cerraduras-de-coche\/toy-tc3-manual\/"},"modified":"2025-11-19T16:43:18","modified_gmt":"2025-11-19T15:43:18","slug":"toy-tc3-manual","status":"publish","type":"page","link":"https:\/\/www.rigau.cat\/es\/cerrajeria-automocion\/instalacion-de-cerraduras-de-coche\/toy-tc3-manual\/","title":{"rendered":"TOY TC3 (manual)"},"content":{"rendered":"<p>[et_pb_section fb_built=\u00bb1&#8243; custom_padding_last_edited=\u00bbon|phone\u00bb _builder_version=\u00bb4.19.5&#8243; _module_preset=\u00bbdefault\u00bb background_color=\u00bbrgba(0,0,0,0.63)\u00bb background_image=\u00bbhttps:\/\/www.rigau.cat\/wp-content\/uploads\/2023\/02\/automocio.jpg\u00bb background_blend=\u00bboverlay\u00bb custom_margin_tablet=\u00bb\u00bb custom_margin_phone=\u00bb||0px||false|false\u00bb custom_margin_last_edited=\u00bbon|phone\u00bb custom_padding=\u00bb||126px||false|false\u00bb custom_padding_tablet=\u00bb||126px||false|false\u00bb custom_padding_phone=\u00bb||0px||false|false\u00bb locked=\u00bboff\u00bb global_colors_info=\u00bb{}\u00bb][et_pb_row column_structure=\u00bb3_5,2_5&#8243; use_custom_gutter=\u00bbon\u00bb gutter_width=\u00bb2&#8243; make_equal=\u00bbon\u00bb _builder_version=\u00bb4.19.5&#8243; _module_preset=\u00bbdefault\u00bb width=\u00bb90%\u00bb max_width=\u00bb1170px\u00bb custom_margin_tablet=\u00bb\u00bb custom_margin_phone=\u00bb\u00bb custom_margin_last_edited=\u00bbon|phone\u00bb custom_padding=\u00bb||0px||false|false\u00bb animation_style=\u00bbslide\u00bb animation_direction=\u00bbleft\u00bb animation_duration=\u00bb1600ms\u00bb animation_intensity_slide=\u00bb12%\u00bb animation_starting_opacity=\u00bb6%\u00bb global_colors_info=\u00bb{}\u00bb][et_pb_column type=\u00bb3_5&#8243; _builder_version=\u00bb4.16&#8243; _module_preset=\u00bbdefault\u00bb global_colors_info=\u00bb{}\u00bb][et_pb_text _builder_version=\u00bb4.23.1&#8243; _module_preset=\u00bbdefault\u00bb link_text_color=\u00bb#ff3b3e;\u00bb header_font=\u00bb|300|||||||\u00bb header_text_color=\u00bb#FFFFFF\u00bb header_font_size=\u00bb72px\u00bb header_2_font=\u00bb|800|||||||\u00bb header_2_text_color=\u00bb#ffffff\u00bb header_2_font_size=\u00bb72px\u00bb custom_margin=\u00bb||30px||false|false\u00bb custom_margin_tablet=\u00bb\u00bb custom_margin_phone=\u00bb||20px||false|false\u00bb custom_margin_last_edited=\u00bbon|phone\u00bb header_font_size_tablet=\u00bb72px\u00bb header_font_size_phone=\u00bb45px\u00bb header_font_size_last_edited=\u00bbon|phone\u00bb header_2_font_size_tablet=\u00bb\u00bb header_2_font_size_phone=\u00bb30px\u00bb header_2_font_size_last_edited=\u00bbon|phone\u00bb header_2_line_height_tablet=\u00bb\u00bb header_2_line_height_phone=\u00bb35px\u00bb header_2_line_height_last_edited=\u00bbon|phone\u00bb global_colors_info=\u00bb{}\u00bb]<\/p>\n<h1>Cerradura de furgoneta TOY TC3 <strong><span style=\"color: #e42313;\">(manual)<\/span><\/strong><\/h1>\n<p>[\/et_pb_text][\/et_pb_column][et_pb_column type=\u00bb2_5&#8243; disabled_on=\u00bbon|on|off\u00bb _builder_version=\u00bb4.19.5&#8243; _module_preset=\u00bbdefault\u00bb global_colors_info=\u00bb{}\u00bb][\/et_pb_column][\/et_pb_row][\/et_pb_section][et_pb_section fb_built=\u00bb1&#8243; _builder_version=\u00bb4.19.5&#8243; _module_preset=\u00bbdefault\u00bb custom_padding=\u00bb||54px|||\u00bb locked=\u00bboff\u00bb global_colors_info=\u00bb{}\u00bb][et_pb_row _builder_version=\u00bb4.19.5&#8243; _module_preset=\u00bbdefault\u00bb locked=\u00bboff\u00bb global_colors_info=\u00bb{}\u00bb][et_pb_column type=\u00bb4_4&#8243; _builder_version=\u00bb4.19.5&#8243; _module_preset=\u00bbdefault\u00bb global_colors_info=\u00bb{}\u00bb][lwp_divi_breadcrumbs home_text=\u00bbInici\u00bb _builder_version=\u00bb4.23.1&#8243; _module_preset=\u00bbdefault\u00bb global_colors_info=\u00bb{}\u00bb][\/lwp_divi_breadcrumbs][\/et_pb_column][\/et_pb_row][et_pb_row column_structure=\u00bb1_2,1_2&#8243; _builder_version=\u00bb4.19.5&#8243; _module_preset=\u00bbdefault\u00bb custom_margin_tablet=\u00bb\u00bb custom_margin_phone=\u00bb-28px||||false|false\u00bb custom_margin_last_edited=\u00bbon|phone\u00bb global_colors_info=\u00bb{}\u00bb][et_pb_column type=\u00bb1_2&#8243; _builder_version=\u00bb4.19.5&#8243; _module_preset=\u00bbdefault\u00bb animation_style=\u00bbslide\u00bb animation_direction=\u00bbleft\u00bb animation_duration=\u00bb1600ms\u00bb animation_intensity_slide=\u00bb12%\u00bb animation_starting_opacity=\u00bb6%\u00bb global_colors_info=\u00bb{}\u00bb][et_pb_image src=\u00bbhttps:\/\/www.rigau.cat\/wp-content\/uploads\/2023\/02\/TOY-TC3-MANUAL.jpg\u00bb title_text=\u00bbTOY TC3 (MANUAL)\u00bb align=\u00bbcenter\u00bb _builder_version=\u00bb4.19.5&#8243; _module_preset=\u00bbdefault\u00bb border_radii=\u00bbon|12px|12px|12px|12px\u00bb global_colors_info=\u00bb{}\u00bb][\/et_pb_image][\/et_pb_column][et_pb_column type=\u00bb1_2&#8243; _builder_version=\u00bb4.19.5&#8243; _module_preset=\u00bbdefault\u00bb animation_direction=\u00bbright\u00bb global_colors_info=\u00bb{}\u00bb][et_pb_text quote_border_color=\u00bb#e42313&#8243; _builder_version=\u00bb4.27.4&#8243; _module_preset=\u00bbdefault\u00bb text_font=\u00bb|300|||||||\u00bb text_font_size=\u00bb16px\u00bb text_line_height=\u00bb35px\u00bb text_orientation=\u00bbcenter\u00bb custom_margin=\u00bb-9px||26px||false|false\u00bb custom_margin_tablet=\u00bb-9px||26px||false|false\u00bb custom_margin_phone=\u00bb-21px||-54px||false|false\u00bb custom_margin_last_edited=\u00bbon|phone\u00bb animation_style=\u00bbslide\u00bb animation_direction=\u00bbright\u00bb animation_duration=\u00bb1600ms\u00bb animation_intensity_slide=\u00bb12%\u00bb animation_starting_opacity=\u00bb6%\u00bb text_font_size_tablet=\u00bb\u00bb text_font_size_phone=\u00bb15px\u00bb text_font_size_last_edited=\u00bbon|phone\u00bb text_line_height_tablet=\u00bb35px\u00bb text_line_height_phone=\u00bb30.1px\u00bb text_line_height_last_edited=\u00bbon|phone\u00bb custom_css_main_element=\u00bbfont-weight:400;\u00bb locked=\u00bboff\u00bb global_colors_info=\u00bb{}\u00bb]<\/p>\n<blockquote>\n<p style=\"text-align: left;\">\u00bfQuieres evitar robos en tu veh\u00edculo? El cierre para furgoneta TOY TC3 es la soluci\u00f3n m\u00e1s fiable para proteger tu carga y tu tranquilidad.<br data-start=\"292\" data-end=\"295\">Dise\u00f1ado para veh\u00edculos profesionales, es perfecto para quienes buscan cerraduras de seguridad para coches eficaces y duraderas. <\/p>\n<\/blockquote>\n<p>[\/et_pb_text][\/et_pb_column][\/et_pb_row][et_pb_row column_structure=\u00bb1_2,1_2&#8243; _builder_version=\u00bb4.19.5&#8243; _module_preset=\u00bbdefault\u00bb custom_margin_tablet=\u00bb\u00bb custom_margin_phone=\u00bb-28px||||false|false\u00bb custom_margin_last_edited=\u00bbon|phone\u00bb locked=\u00bboff\u00bb global_colors_info=\u00bb{}\u00bb][et_pb_column type=\u00bb1_2&#8243; admin_label=\u00bbColumn\u00bb _builder_version=\u00bb4.19.5&#8243; _module_preset=\u00bbdefault\u00bb animation_style=\u00bbslide\u00bb animation_direction=\u00bbleft\u00bb animation_duration=\u00bb1600ms\u00bb animation_intensity_slide=\u00bb12%\u00bb animation_starting_opacity=\u00bb6%\u00bb global_colors_info=\u00bb{}\u00bb][et_pb_text admin_label=\u00bbText\u00bb _builder_version=\u00bb4.27.4&#8243; _module_preset=\u00bbdefault\u00bb text_text_color=\u00bb#FFFFFF\u00bb text_font_size=\u00bb16px\u00bb header_2_text_color=\u00bb#FFFFFF\u00bb header_3_text_color=\u00bb#FFFFFF\u00bb header_3_font_size=\u00bb26px\u00bb background_color=\u00bb#e42313&#8243; custom_margin=\u00bb0px||||false|false\u00bb custom_margin_tablet=\u00bb0px||||false|false\u00bb custom_margin_phone=\u00bb25px||||false|false\u00bb custom_margin_last_edited=\u00bbon|phone\u00bb custom_padding=\u00bb22px|15px|12px|15px|false|false\u00bb animation_style=\u00bbslide\u00bb animation_direction=\u00bbtop\u00bb animation_duration=\u00bb1600ms\u00bb animation_intensity_slide=\u00bb12%\u00bb animation_starting_opacity=\u00bb6%\u00bb border_radii=\u00bbon|7px|7px|7px|7px\u00bb locked=\u00bboff\u00bb global_colors_info=\u00bb{}\u00bb]<\/p>\n<h2 data-start=\"51\" data-end=\"93\"><strong data-start=\"51\" data-end=\"92\">Seguridad reforzada en cada puerta<\/strong><\/h2>\n<p>[\/et_pb_text][et_pb_text admin_label=\u00bbText\u00bb _builder_version=\u00bb4.27.4&#8243; _module_preset=\u00bbdefault\u00bb text_font=\u00bb|300|||||||\u00bb text_font_size=\u00bb16px\u00bb link_font=\u00bb|700|||||||\u00bb custom_margin=\u00bb25px||0px||false|false\u00bb custom_margin_tablet=\u00bb25px||0px||false|false\u00bb custom_margin_phone=\u00bb25px||27px||false|false\u00bb custom_margin_last_edited=\u00bbon|phone\u00bb animation_style=\u00bbslide\u00bb animation_direction=\u00bbleft\u00bb animation_duration=\u00bb1600ms\u00bb animation_intensity_slide=\u00bb12%\u00bb animation_starting_opacity=\u00bb6%\u00bb locked=\u00bboff\u00bb global_colors_info=\u00bb{}\u00bb]<\/p>\n<p data-start=\"458\" data-end=\"698\">La TOY TC3 est\u00e1 fabricada con acero endurecido, resistente a los intentos de robo por palanca, ganz\u00faa o perforaci\u00f3n. Su dise\u00f1o disuasorio y su sistema de anclaje la convierten en una barrera real ante cualquier intento de intrusi\u00f3n. <\/p>\n<p data-start=\"700\" data-end=\"717\">Es ideal para:<\/p>\n<ul data-start=\"718\" data-end=\"929\">\n<li data-start=\"718\" data-end=\"763\">\n<p data-start=\"720\" data-end=\"763\">Furgonetas con puertas traseras batientes<\/p>\n<\/li>\n<li data-start=\"764\" data-end=\"809\">\n<p data-start=\"766\" data-end=\"809\">Veh\u00edculos industriales con carga sensible<\/p>\n<\/li>\n<li data-start=\"810\" data-end=\"865\">\n<p data-start=\"812\" data-end=\"865\">Flotas comerciales que aparcan en zonas p\u00fablicas<\/p>\n<\/li>\n<li data-start=\"866\" data-end=\"929\">\n<p data-start=\"868\" data-end=\"929\">Usuarios que transportan herramientas, equipos o mercanc\u00edas de valor<\/p>\n<\/li>\n<\/ul>\n<p data-start=\"931\" data-end=\"1106\">Cada cerradura incluye un bomb\u00edn de seguridad con llaves incopiables y un mecanismo anti-giro.<br data-start=\"1018\" data-end=\"1021\">Y lo mejor de todo: <strong data-start=\"1041\" data-end=\"1106\">no altera el funcionamiento original de las puertas del veh\u00edculo.<\/strong><\/p>\n<p>[\/et_pb_text][\/et_pb_column][et_pb_column type=\u00bb1_2&#8243; admin_label=\u00bbColumna\u00bb _builder_version=\u00bb4.19.5&#8243; _module_preset=\u00bbdefault\u00bb animation_direction=\u00bbright\u00bb global_colors_info=\u00bb{}\u00bb][et_pb_text _builder_version=\u00bb4.27.4&#8243; _module_preset=\u00bbdefault\u00bb text_text_color=\u00bb#FFFFFF\u00bb text_font_size=\u00bb16px\u00bb header_2_text_color=\u00bb#FFFFFF\u00bb background_color=\u00bb#e42313&#8243; min_height=\u00bb71px\u00bb custom_margin=\u00bb0px||||false|false\u00bb custom_margin_tablet=\u00bb0px||||false|false\u00bb custom_margin_phone=\u00bb25px||||false|false\u00bb custom_margin_last_edited=\u00bbon|phone\u00bb custom_padding=\u00bb22px|15px|12px|15px|false|false\u00bb animation_style=\u00bbslide\u00bb animation_direction=\u00bbtop\u00bb animation_duration=\u00bb1600ms\u00bb animation_intensity_slide=\u00bb12%\u00bb animation_starting_opacity=\u00bb6%\u00bb border_radii=\u00bbon|7px|7px|7px|7px\u00bb locked=\u00bboff\u00bb global_colors_info=\u00bb{}\u00bb]<\/p>\n<h2 data-start=\"1108\" data-end=\"1163\"><span style=\"color: #ffffff;\"><strong data-start=\"1112\" data-end=\"1163\">Instalaci\u00f3n profesional y sin complicaciones<\/strong><\/span><\/h2>\n<p>[\/et_pb_text][et_pb_text _builder_version=\u00bb4.27.4&#8243; _module_preset=\u00bbdefault\u00bb text_font=\u00bb|300|||||||\u00bb text_font_size=\u00bb16px\u00bb link_font=\u00bb|700|||||||\u00bb custom_margin=\u00bb25px||||false|false\u00bb animation_style=\u00bbslide\u00bb animation_direction=\u00bbleft\u00bb animation_duration=\u00bb1600ms\u00bb animation_intensity_slide=\u00bb12%\u00bb animation_starting_opacity=\u00bb6%\u00bb hover_enabled=\u00bb0&#8243; locked=\u00bboff\u00bb global_colors_info=\u00bb{}\u00bb sticky_enabled=\u00bb0&#8243;]<\/p>\n<p data-start=\"1164\" data-end=\"1373\">La instalaci\u00f3n puede realizarse en cualquier tienda Rigau con t\u00e9cnicos cualificados. Ajustamos la cerradura exactamente a tu modelo de furgoneta, sin da\u00f1ar la carrocer\u00eda ni alterar los componentes el\u00e9ctricos. <\/p>\n<ul data-start=\"1375\" data-end=\"1632\">\n<li data-start=\"1375\" data-end=\"1416\">\n<p data-start=\"1377\" data-end=\"1416\">Tiempo medio de montaje: 45\u201360 minutos<\/p>\n<\/li>\n<li data-start=\"1417\" data-end=\"1471\">\n<p data-start=\"1419\" data-end=\"1471\">Incluye tornillos de seguridad y plantilla de fijaci\u00f3n<\/p>\n<\/li>\n<li data-start=\"1472\" data-end=\"1559\">\n<p data-start=\"1474\" data-end=\"1559\">Compatible con la mayor\u00eda de modelos Renault, Peugeot, Citro\u00ebn, Ford, entre otros<\/p>\n<\/li>\n<li data-start=\"1560\" data-end=\"1632\">\n<p data-start=\"1562\" data-end=\"1632\">Disponible tambi\u00e9n en versi\u00f3n doble para puertas traseras y laterales<\/p>\n<\/li>\n<\/ul>\n<p><span style=\"font-weight: 400;\"><\/span><span style=\"font-size: 16px;\"><\/span><\/p>\n<p>[\/et_pb_text][\/et_pb_column][\/et_pb_row][et_pb_row column_structure=\u00bb1_2,1_2&#8243; _builder_version=\u00bb4.19.5&#8243; _module_preset=\u00bbdefault\u00bb custom_margin_tablet=\u00bb\u00bb custom_margin_phone=\u00bb-28px||||false|false\u00bb custom_margin_last_edited=\u00bbon|phone\u00bb locked=\u00bboff\u00bb global_colors_info=\u00bb{}\u00bb][et_pb_column type=\u00bb1_2&#8243; admin_label=\u00bbColumn\u00bb _builder_version=\u00bb4.19.5&#8243; _module_preset=\u00bbdefault\u00bb animation_style=\u00bbslide\u00bb animation_direction=\u00bbleft\u00bb animation_duration=\u00bb1600ms\u00bb animation_intensity_slide=\u00bb12%\u00bb animation_starting_opacity=\u00bb6%\u00bb global_colors_info=\u00bb{}\u00bb][et_pb_text admin_label=\u00bbText\u00bb _builder_version=\u00bb4.27.4&#8243; _module_preset=\u00bbdefault\u00bb text_text_color=\u00bb#FFFFFF\u00bb text_font_size=\u00bb16px\u00bb header_2_text_color=\u00bb#FFFFFF\u00bb header_3_text_color=\u00bb#FFFFFF\u00bb header_3_font_size=\u00bb26px\u00bb background_color=\u00bb#e42313&#8243; custom_margin=\u00bb0px||||false|false\u00bb custom_margin_tablet=\u00bb0px||||false|false\u00bb custom_margin_phone=\u00bb25px||||false|false\u00bb custom_margin_last_edited=\u00bbon|phone\u00bb custom_padding=\u00bb22px|15px|12px|15px|false|false\u00bb animation_style=\u00bbslide\u00bb animation_direction=\u00bbtop\u00bb animation_duration=\u00bb1600ms\u00bb animation_intensity_slide=\u00bb12%\u00bb animation_starting_opacity=\u00bb6%\u00bb border_radii=\u00bbon|7px|7px|7px|7px\u00bb locked=\u00bboff\u00bb global_colors_info=\u00bb{}\u00bb]<\/p>\n<h2 data-start=\"51\" data-end=\"93\"><strong data-start=\"51\" data-end=\"92\">\u00bfPor qu\u00e9 confiar en Rigau?<\/strong><\/h2>\n<p>[\/et_pb_text][et_pb_text admin_label=\u00bbText\u00bb _builder_version=\u00bb4.27.4&#8243; _module_preset=\u00bbdefault\u00bb text_font=\u00bb|300|||||||\u00bb text_font_size=\u00bb16px\u00bb link_font=\u00bb|700|||||||\u00bb custom_margin=\u00bb25px||0px||false|false\u00bb custom_margin_tablet=\u00bb25px||0px||false|false\u00bb custom_margin_phone=\u00bb25px||27px||false|false\u00bb custom_margin_last_edited=\u00bbon|phone\u00bb animation_style=\u00bbslide\u00bb animation_direction=\u00bbleft\u00bb animation_duration=\u00bb1600ms\u00bb animation_intensity_slide=\u00bb12%\u00bb animation_starting_opacity=\u00bb6%\u00bb locked=\u00bboff\u00bb global_colors_info=\u00bb{}\u00bb]<\/p>\n<ul data-start=\"1668\" data-end=\"1945\">\n<li data-start=\"1668\" data-end=\"1710\">\n<p data-start=\"1670\" data-end=\"1710\">M\u00e1s de 30 a\u00f1os en seguridad automotriz<\/p>\n<\/li>\n<li data-start=\"1711\" data-end=\"1764\">\n<p data-start=\"1713\" data-end=\"1764\">T\u00e9cnicos especializados y herramientas de \u00faltima generaci\u00f3n<\/p>\n<\/li>\n<li data-start=\"1765\" data-end=\"1837\">\n<p data-start=\"1767\" data-end=\"1837\">Materiales resistentes al uso, a la intemperie y a los intentos de robo<\/p>\n<\/li>\n<li data-start=\"1838\" data-end=\"1887\">\n<p data-start=\"1840\" data-end=\"1887\">Garant\u00eda en la instalaci\u00f3n y el funcionamiento<\/p>\n<\/li>\n<li data-start=\"1888\" data-end=\"1945\">\n<p data-start=\"1890\" data-end=\"1945\">Servicio disponible en Girona, Lloret, Figueres y Matar\u00f3<\/p>\n<\/li>\n<\/ul>\n<p data-start=\"1947\" data-end=\"2123\">Cuando alguien busca cerraduras de seguridad para coches, necesita m\u00e1s que un producto: <strong data-start=\"2027\" data-end=\"2093\">necesita confianza, experiencia y la garant\u00eda de que funcionar\u00e1. <\/strong>Eso es lo que ofrece Rigau.<\/p>\n<p>[\/et_pb_text][\/et_pb_column][et_pb_column type=\u00bb1_2&#8243; admin_label=\u00bbColumna\u00bb _builder_version=\u00bb4.19.5&#8243; _module_preset=\u00bbdefault\u00bb animation_direction=\u00bbright\u00bb global_colors_info=\u00bb{}\u00bb][et_pb_text _builder_version=\u00bb4.27.4&#8243; _module_preset=\u00bbdefault\u00bb text_text_color=\u00bb#FFFFFF\u00bb text_font_size=\u00bb16px\u00bb header_2_text_color=\u00bb#FFFFFF\u00bb background_color=\u00bb#e42313&#8243; min_height=\u00bb71px\u00bb custom_margin=\u00bb0px||||false|false\u00bb custom_margin_tablet=\u00bb0px||||false|false\u00bb custom_margin_phone=\u00bb25px||||false|false\u00bb custom_margin_last_edited=\u00bbon|phone\u00bb custom_padding=\u00bb22px|15px|12px|15px|false|false\u00bb animation_style=\u00bbslide\u00bb animation_direction=\u00bbtop\u00bb animation_duration=\u00bb1600ms\u00bb animation_intensity_slide=\u00bb12%\u00bb animation_starting_opacity=\u00bb6%\u00bb border_radii=\u00bbon|7px|7px|7px|7px\u00bb locked=\u00bboff\u00bb global_colors_info=\u00bb{}\u00bb]<\/p>\n<h2 data-start=\"1108\" data-end=\"1163\"><span style=\"color: #ffffff;\"><strong data-start=\"1112\" data-end=\"1163\">Preguntas frecuentes<\/strong><\/span><\/h2>\n<p>[\/et_pb_text][et_pb_text _builder_version=\u00bb4.27.4&#8243; _module_preset=\u00bbdefault\u00bb text_font=\u00bb|300|||||||\u00bb text_font_size=\u00bb16px\u00bb link_font=\u00bb|700|||||||\u00bb custom_margin=\u00bb25px||||false|false\u00bb animation_style=\u00bbslide\u00bb animation_direction=\u00bbleft\u00bb animation_duration=\u00bb1600ms\u00bb animation_intensity_slide=\u00bb12%\u00bb animation_starting_opacity=\u00bb6%\u00bb locked=\u00bboff\u00bb global_colors_info=\u00bb{}\u00bb]<\/p>\n<ul>\n<li data-start=\"2159\" data-end=\"2313\"><strong data-start=\"2159\" data-end=\"2209\">\u00bfEsta cerradura es v\u00e1lida para cualquier coche?<\/strong><br data-start=\"2209\" data-end=\"2212\">No, est\u00e1 pensada para furgonetas y veh\u00edculos de carga. Consulta la compatibilidad con tu modelo. <\/li>\n<li data-start=\"2315\" data-end=\"2438\"><strong data-start=\"2315\" data-end=\"2344\">\u00bfSe puede abrir desde dentro?<\/strong><br data-start=\"2344\" data-end=\"2347\">S\u00ed. Aunque est\u00e9 bloqueada por fuera, permite la salida interior en caso de emergencia. <\/li>\n<li data-start=\"2315\" data-end=\"2438\"><strong data-start=\"2440\" data-end=\"2483\">\u00bfQu\u00e9 incluye el kit de cerradura TOY TC3?<br \/><\/strong>Cerradura, cilindro de seguridad, 2 llaves, herrajes, tornillos antirrobo e instrucciones.<\/li>\n<li data-start=\"2315\" data-end=\"2438\"><strong data-start=\"2578\" data-end=\"2610\">\u00bfPuedo instalarla yo mismo?<br \/><\/strong>Se recomienda la instalaci\u00f3n profesional para garantizar el ajuste y la seguridad.<\/li>\n<li data-start=\"2315\" data-end=\"2438\"><strong data-start=\"2697\" data-end=\"2723\">\u00bfPuedo pedir m\u00e1s llaves?<br \/><\/strong>S\u00ed. Podemos hacer duplicados al momento en cualquiera de nuestras tiendas. <\/li>\n<\/ul>\n<p data-start=\"2803\" data-end=\"3028\"><strong data-start=\"2803\" data-end=\"2846\">Protege tu veh\u00edculo como se merece.<\/strong><br data-start=\"2846\" data-end=\"2849\">En Rigau instalamos e integramos la cerradura para furgoneta TOY TC3 con profesionalidad y rapidez.<br data-start=\"2948\" data-end=\"2951\"><strong data-start=\"2951\" data-end=\"3028\">M\u00e1s seguridad, menos preocupaciones. \u00a1Solicita tu presupuesto hoy mismo! <\/strong><\/p>\n<p><span style=\"font-weight: 400;\"><\/span><span style=\"font-size: 16px;\"><\/span><\/p>\n<p>[\/et_pb_text][\/et_pb_column][\/et_pb_row][\/et_pb_section]<\/p>\n","protected":false},"excerpt":{"rendered":"<p>Cerradura de furgoneta TOY TC3 (manual)<div class=\"et_pb_module lwp_divi_breadcrumbs lwp_divi_breadcrumbs_0\">\n\t\t\t\t\n\t\t\t\t\n\t\t\t\t\n\t\t\t\t\n\t\t\t\t\n\t\t\t\t\n\t\t\t\t<div class=\"et_pb_module_inner\">\n\t\t\t\t\t<div class=\"lwp-breadcrumbs\"> <span class=\"before\"><\/span> <span vocab=\"https:\/\/schema.org\/\" typeof=\"BreadcrumbList\"><span property=\"itemListElement\" typeof=\"ListItem\"><a property=\"item\" typeof=\"WebPage\" href=\"https:\/\/www.rigau.cat\/es\/\" class=\"home\"><span property=\"name\">Inici<\/span><\/a><meta property=\"position\" content=\"1\"><\/span> <span class=\"separator et-pb-icon\">&#x39;<\/span> <\/span><\/div>\n\t\t\t\t<\/div>\n\t\t\t<\/div> \u00bfQuieres evitar robos en tu veh\u00edculo? El cierre para furgoneta TOY TC3 es la soluci\u00f3n m\u00e1s fiable para proteger tu carga y tu tranquilidad.Dise\u00f1ado para veh\u00edculos profesionales, es perfecto para quienes buscan cerraduras de seguridad para coches eficaces y duraderas. Seguridad reforzada en cada puertaLa [&hellip;]<\/p>\n","protected":false},"author":4,"featured_media":0,"parent":241827,"menu_order":0,"comment_status":"closed","ping_status":"closed","template":"","meta":{"_et_pb_use_builder":"on","_et_pb_old_content":"","_et_gb_content_width":"","_joinchat":[],"footnotes":""},"class_list":["post-241997","page","type-page","status-publish","hentry"],"_links":{"self":[{"href":"https:\/\/www.rigau.cat\/es\/wp-json\/wp\/v2\/pages\/241997","targetHints":{"allow":["GET"]}}],"collection":[{"href":"https:\/\/www.rigau.cat\/es\/wp-json\/wp\/v2\/pages"}],"about":[{"href":"https:\/\/www.rigau.cat\/es\/wp-json\/wp\/v2\/types\/page"}],"author":[{"embeddable":true,"href":"https:\/\/www.rigau.cat\/es\/wp-json\/wp\/v2\/users\/4"}],"replies":[{"embeddable":true,"href":"https:\/\/www.rigau.cat\/es\/wp-json\/wp\/v2\/comments?post=241997"}],"version-history":[{"count":10,"href":"https:\/\/www.rigau.cat\/es\/wp-json\/wp\/v2\/pages\/241997\/revisions"}],"predecessor-version":[{"id":258050,"href":"https:\/\/www.rigau.cat\/es\/wp-json\/wp\/v2\/pages\/241997\/revisions\/258050"}],"up":[{"embeddable":true,"href":"https:\/\/www.rigau.cat\/es\/wp-json\/wp\/v2\/pages\/241827"}],"wp:attachment":[{"href":"https:\/\/www.rigau.cat\/es\/wp-json\/wp\/v2\/media?parent=241997"}],"curies":[{"name":"wp","href":"https:\/\/api.w.org\/{rel}","templated":true}]}}