{"id":241819,"date":"2023-02-27T09:06:52","date_gmt":"2023-02-27T08:06:52","guid":{"rendered":"https:\/\/rigau.cat\/cerrajeria-de-automocion\/copia-de-llaves-de-bmw-y-mini\/"},"modified":"2024-11-15T08:51:23","modified_gmt":"2024-11-15T07:51:23","slug":"copia-de-llaves-bmw-y-mini","status":"publish","type":"page","link":"https:\/\/www.rigau.cat\/es\/cerrajeria-automocion\/copia-de-llaves-bmw-y-mini\/","title":{"rendered":"Copia de llaves de BMW y Mini"},"content":{"rendered":"<p>[et_pb_section fb_built=\u00bb1&#8243; custom_padding_last_edited=\u00bbon|phone\u00bb _builder_version=\u00bb4.19.5&#8243; _module_preset=\u00bbdefault\u00bb background_color=\u00bbrgba(0,0,0,0.63)\u00bb background_image=\u00bbhttps:\/\/rigau.cat\/wp-content\/uploads\/2023\/02\/automocio.jpg\u00bb background_blend=\u00bboverlay\u00bb custom_margin_tablet=\u00bb\u00bb custom_margin_phone=\u00bb||0px||false|false\u00bb custom_margin_last_edited=\u00bbon|phone\u00bb custom_padding=\u00bb||126px||false|false\u00bb custom_padding_tablet=\u00bb||126px||false|false\u00bb custom_padding_phone=\u00bb||0px||false|false\u00bb locked=\u00bboff\u00bb global_colors_info=\u00bb{}\u00bb][et_pb_row column_structure=\u00bb3_5,2_5&#8243; use_custom_gutter=\u00bbon\u00bb gutter_width=\u00bb2&#8243; make_equal=\u00bbon\u00bb _builder_version=\u00bb4.19.5&#8243; _module_preset=\u00bbdefault\u00bb width=\u00bb90%\u00bb max_width=\u00bb1170px\u00bb custom_margin_tablet=\u00bb\u00bb custom_margin_phone=\u00bb\u00bb custom_margin_last_edited=\u00bbon|phone\u00bb custom_padding=\u00bb||0px||false|false\u00bb animation_style=\u00bbslide\u00bb animation_direction=\u00bbleft\u00bb animation_duration=\u00bb1600ms\u00bb animation_intensity_slide=\u00bb12%\u00bb animation_starting_opacity=\u00bb6%\u00bb global_colors_info=\u00bb{}\u00bb][et_pb_column type=\u00bb3_5&#8243; _builder_version=\u00bb4.16&#8243; _module_preset=\u00bbdefault\u00bb global_colors_info=\u00bb{}\u00bb][et_pb_text _builder_version=\u00bb4.27.3&#8243; _module_preset=\u00bbdefault\u00bb link_text_color=\u00bb#ff3b3e;\u00bb header_font=\u00bb|300|||||||\u00bb header_text_color=\u00bb#FFFFFF\u00bb header_font_size=\u00bb72px\u00bb header_2_font=\u00bb|800|||||||\u00bb header_2_text_color=\u00bb#ffffff\u00bb header_2_font_size=\u00bb72px\u00bb custom_margin=\u00bb||30px||false|false\u00bb custom_margin_tablet=\u00bb\u00bb custom_margin_phone=\u00bb||20px||false|false\u00bb custom_margin_last_edited=\u00bbon|phone\u00bb header_font_size_tablet=\u00bb72px\u00bb header_font_size_phone=\u00bb45px\u00bb header_font_size_last_edited=\u00bbon|phone\u00bb header_2_font_size_tablet=\u00bb\u00bb header_2_font_size_phone=\u00bb30px\u00bb header_2_font_size_last_edited=\u00bbon|phone\u00bb header_2_line_height_tablet=\u00bb\u00bb header_2_line_height_phone=\u00bb35px\u00bb header_2_line_height_last_edited=\u00bbon|phone\u00bb global_colors_info=\u00bb{}\u00bb]<\/p>\n<h1>Duplicado llave <span style=\"color: #e42313;\"><strong>BMW en Girona<\/strong><\/span><\/h1>\n<p>[\/et_pb_text][et_pb_text _builder_version=\u00bb4.27.3&#8243; _module_preset=\u00bbdefault\u00bb text_font=\u00bb|600|||||||\u00bb text_text_color=\u00bb#ffffff\u00bb text_font_size=\u00bb21px\u00bb text_line_height=\u00bb30px\u00bb width=\u00bb57%\u00bb width_tablet=\u00bb100%\u00bb width_phone=\u00bb\u00bb width_last_edited=\u00bbon|phone\u00bb custom_margin=\u00bb||30px||false|false\u00bb custom_margin_tablet=\u00bb||30px||false|false\u00bb custom_margin_phone=\u00bb|60px|||false|false\u00bb custom_margin_last_edited=\u00bbon|phone\u00bb custom_padding=\u00bb|||20px|false|false\u00bb text_font_size_tablet=\u00bb21px\u00bb text_font_size_phone=\u00bb19px\u00bb text_font_size_last_edited=\u00bbon|phone\u00bb border_width_left=\u00bb3px\u00bb border_color_left=\u00bb#e42313&#8243; global_colors_info=\u00bb{}\u00bb]Experiencia y tecnolog\u00eda de \u00faltima generaci\u00f3n.[\/et_pb_text][\/et_pb_column][et_pb_column type=\u00bb2_5&#8243; disabled_on=\u00bbon|on|off\u00bb _builder_version=\u00bb4.19.5&#8243; _module_preset=\u00bbdefault\u00bb global_colors_info=\u00bb{}\u00bb][\/et_pb_column][\/et_pb_row][\/et_pb_section][et_pb_section fb_built=\u00bb1&#8243; _builder_version=\u00bb4.19.5&#8243; _module_preset=\u00bbdefault\u00bb custom_padding=\u00bb||19px|||\u00bb locked=\u00bboff\u00bb global_colors_info=\u00bb{}\u00bb][et_pb_row _builder_version=\u00bb4.19.5&#8243; _module_preset=\u00bbdefault\u00bb locked=\u00bboff\u00bb global_colors_info=\u00bb{}\u00bb][et_pb_column type=\u00bb4_4&#8243; _builder_version=\u00bb4.19.5&#8243; _module_preset=\u00bbdefault\u00bb global_colors_info=\u00bb{}\u00bb][lwp_divi_breadcrumbs home_text=\u00bbInici\u00bb _builder_version=\u00bb4.27.0&#8243; _module_preset=\u00bbdefault\u00bb global_colors_info=\u00bb{}\u00bb][\/lwp_divi_breadcrumbs][\/et_pb_column][\/et_pb_row][et_pb_row column_structure=\u00bb1_2,1_2&#8243; _builder_version=\u00bb4.19.5&#8243; _module_preset=\u00bbdefault\u00bb custom_margin_tablet=\u00bb\u00bb custom_margin_phone=\u00bb-28px||||false|false\u00bb custom_margin_last_edited=\u00bbon|phone\u00bb global_colors_info=\u00bb{}\u00bb][et_pb_column type=\u00bb1_2&#8243; _builder_version=\u00bb4.19.5&#8243; _module_preset=\u00bbdefault\u00bb animation_style=\u00bbslide\u00bb animation_direction=\u00bbleft\u00bb animation_duration=\u00bb1600ms\u00bb animation_intensity_slide=\u00bb12%\u00bb animation_starting_opacity=\u00bb6%\u00bb global_colors_info=\u00bb{}\u00bb][et_pb_image src=\u00bbhttps:\/\/rigau.cat\/wp-content\/uploads\/2024\/11\/Llave-BMW-Girona.jpg\u00bb title_text=\u00bbLlave-BMW-Girona\u00bb align=\u00bbcenter\u00bb _builder_version=\u00bb4.27.3&#8243; _module_preset=\u00bbdefault\u00bb width=\u00bb77%\u00bb animation_style=\u00bbslide\u00bb animation_direction=\u00bbleft\u00bb animation_duration=\u00bb1600ms\u00bb animation_intensity_slide=\u00bb12%\u00bb animation_starting_opacity=\u00bb6%\u00bb border_radii=\u00bbon|12px|12px|12px|12px\u00bb box_shadow_style=\u00bbpreset3&#8243; global_colors_info=\u00bb{}\u00bb][\/et_pb_image][\/et_pb_column][et_pb_column type=\u00bb1_2&#8243; _builder_version=\u00bb4.19.5&#8243; _module_preset=\u00bbdefault\u00bb animation_direction=\u00bbright\u00bb global_colors_info=\u00bb{}\u00bb][et_pb_text quote_border_color=\u00bb#e42313&#8243; _builder_version=\u00bb4.27.3&#8243; _module_preset=\u00bbdefault\u00bb text_font=\u00bb|300|||||||\u00bb text_font_size=\u00bb16px\u00bb text_line_height=\u00bb35px\u00bb ul_line_height=\u00bb2em\u00bb text_orientation=\u00bbcenter\u00bb custom_margin=\u00bb-9px||26px||false|false\u00bb custom_margin_tablet=\u00bb-9px||26px||false|false\u00bb custom_margin_phone=\u00bb||0px||false|false\u00bb custom_margin_last_edited=\u00bbon|phone\u00bb animation_style=\u00bbslide\u00bb animation_direction=\u00bbright\u00bb animation_duration=\u00bb1600ms\u00bb animation_intensity_slide=\u00bb12%\u00bb animation_starting_opacity=\u00bb6%\u00bb text_font_size_tablet=\u00bb\u00bb text_font_size_phone=\u00bb15px\u00bb text_font_size_last_edited=\u00bbon|phone\u00bb text_line_height_tablet=\u00bb35px\u00bb text_line_height_phone=\u00bb30.1px\u00bb text_line_height_last_edited=\u00bbon|phone\u00bb custom_css_main_element=\u00bbfont-weight:400;\u00bb locked=\u00bboff\u00bb global_colors_info=\u00bb{}\u00bb]<\/p>\n<blockquote>\n<p style=\"text-align: left;\">Si has perdido la llave de tu BMW o simplemente quieres tener una copia de seguridad, en Rigau Grup somos especialistas en el duplicado de llaves BMW. Sabemos lo importante que es contar con un servicio fiable y r\u00e1pido cuando se trata de tus llaves, ya que perder el acceso a tu veh\u00edculo puede generar una gran preocupaci\u00f3n. Con nuestra experiencia y tecnolog\u00eda de \u00faltima generaci\u00f3n, garantizamos que el duplicado de tu llave BMW sea perfecto, asegurando la m\u00e1xima precisi\u00f3n y funcionalidad.  <\/p>\n<\/blockquote>\n<p>[\/et_pb_text][et_pb_text _builder_version=\u00bb4.27.3&#8243; _module_preset=\u00bbdefault\u00bb text_font=\u00bb|300|||||||\u00bb text_font_size=\u00bb16px\u00bb custom_margin=\u00bb35px||||false|false\u00bb animation_style=\u00bbslide\u00bb animation_direction=\u00bbright\u00bb animation_duration=\u00bb1600ms\u00bb animation_intensity_slide=\u00bb12%\u00bb animation_starting_opacity=\u00bb6%\u00bb locked=\u00bboff\u00bb global_colors_info=\u00bb{}\u00bb]<\/p>\n<p>La seguridad y la comodidad son nuestras principales prioridades. Sabemos que las <strong>llaves de BMW no son como las de cualquier otro coche: muchas de ellas contienen chips y sistemas de seguridad avanzados que hacen que el proceso de duplicaci\u00f3n requiera de maquinaria especializada y conocimiento t\u00e9cnico<\/strong>. En Rigau Grup ofrecemos un servicio de calidad que abarca todo tipo de <a href=\"https:\/\/rigau.cat\/es\/cerrajeria-automocion\/duplicado-de-llaves\/\" rel=\"noopener\">duplicado de llaves de coche<\/a>, incluyendo modelos BMW modernos y antiguos.  <\/p>\n<p>[\/et_pb_text][\/et_pb_column][\/et_pb_row][\/et_pb_section][et_pb_section fb_built=\u00bb1&#8243; _builder_version=\u00bb4.19.5&#8243; _module_preset=\u00bbdefault\u00bb custom_padding=\u00bb0px||54px|||\u00bb locked=\u00bboff\u00bb global_colors_info=\u00bb{}\u00bb][et_pb_row _builder_version=\u00bb4.21.0&#8243; _module_preset=\u00bbdefault\u00bb custom_padding=\u00bb0px||5px|||\u00bb locked=\u00bboff\u00bb global_colors_info=\u00bb{}\u00bb][et_pb_column type=\u00bb4_4&#8243; _builder_version=\u00bb4.19.5&#8243; _module_preset=\u00bbdefault\u00bb global_colors_info=\u00bb{}\u00bb][et_pb_text _builder_version=\u00bb4.27.3&#8243; _module_preset=\u00bbdefault\u00bb text_text_color=\u00bb#FFFFFF\u00bb text_font_size=\u00bb16px\u00bb header_2_text_color=\u00bb#FFFFFF\u00bb header_3_text_color=\u00bb#FFFFFF\u00bb header_3_font_size=\u00bb26px\u00bb background_color=\u00bb#e42313&#8243; custom_margin=\u00bb0px||||false|false\u00bb custom_margin_tablet=\u00bb0px||||false|false\u00bb custom_margin_phone=\u00bb25px||||false|false\u00bb custom_margin_last_edited=\u00bbon|phone\u00bb custom_padding=\u00bb22px|15px|12px|15px|false|false\u00bb animation_style=\u00bbslide\u00bb animation_direction=\u00bbtop\u00bb animation_duration=\u00bb1600ms\u00bb animation_intensity_slide=\u00bb12%\u00bb animation_starting_opacity=\u00bb6%\u00bb locked=\u00bboff\u00bb global_colors_info=\u00bb{}\u00bb]<\/p>\n<h2>\u00bfCu\u00e1nto cuesta hacer una copia de llave BMW?<\/h2>\n<p>[\/et_pb_text][\/et_pb_column][\/et_pb_row][et_pb_row column_structure=\u00bb3_5,2_5&#8243; _builder_version=\u00bb4.21.0&#8243; _module_preset=\u00bbdefault\u00bb custom_padding=\u00bb0px||5px|||\u00bb locked=\u00bboff\u00bb global_colors_info=\u00bb{}\u00bb][et_pb_column type=\u00bb3_5&#8243; _builder_version=\u00bb4.19.5&#8243; _module_preset=\u00bbdefault\u00bb global_colors_info=\u00bb{}\u00bb][et_pb_text _builder_version=\u00bb4.27.3&#8243; _module_preset=\u00bbdefault\u00bb text_font=\u00bb|300|||||||\u00bb text_font_size=\u00bb16px\u00bb link_font=\u00bb|700|||||||\u00bb custom_margin=\u00bb25px||0px||false|false\u00bb custom_margin_tablet=\u00bb25px||0px||false|false\u00bb custom_margin_phone=\u00bb25px||27px||false|false\u00bb custom_margin_last_edited=\u00bbon|phone\u00bb animation_style=\u00bbslide\u00bb animation_direction=\u00bbleft\u00bb animation_duration=\u00bb1600ms\u00bb animation_intensity_slide=\u00bb12%\u00bb animation_starting_opacity=\u00bb6%\u00bb locked=\u00bboff\u00bb global_colors_info=\u00bb{}\u00bb]Una de las preguntas m\u00e1s frecuentes de nuestros clientes es: \u00bfcu\u00e1nto cuesta un duplicado de llave BMW? El precio del duplicado de una llave BMW puede variar seg\u00fan el modelo del veh\u00edculo, el tipo de llave (convencional o inteligente) y las caracter\u00edsticas adicionales como el mando a distancia. Sin embargo, en Rigau Grup ofrecemos precios competitivos y transparentes, sin sorpresas ocultas.<\/p>\n<p>El precio copia de llave BMW suele depender tambi\u00e9n del tipo de tecnolog\u00eda de la llave. Las llaves m\u00e1s avanzadas, como las llaves inteligentes o con funciones de proximidad, requieren un proceso de duplicado m\u00e1s complejo y, por lo tanto, el coste es mayor. Si te preguntas espec\u00edficamente cu\u00e1nto cuesta hacer una copia de llave BMW, te invitamos a que nos contactes para darte una cotizaci\u00f3n ajustada a tu modelo y necesidades.[\/et_pb_text][\/et_pb_column][et_pb_column type=\u00bb2_5&#8243; _builder_version=\u00bb4.19.5&#8243; _module_preset=\u00bbdefault\u00bb global_colors_info=\u00bb{}\u00bb][et_pb_image src=\u00bbhttps:\/\/rigau.cat\/wp-content\/uploads\/2024\/11\/electronic-immobiliser.jpg\u00bb title_text=\u00bbelectronic-immobiliser\u00bb align=\u00bbcenter\u00bb _builder_version=\u00bb4.27.3&#8243; _module_preset=\u00bbdefault\u00bb width=\u00bb77%\u00bb custom_margin=\u00bb45px||||false|false\u00bb animation_style=\u00bbslide\u00bb animation_direction=\u00bbleft\u00bb animation_duration=\u00bb1600ms\u00bb animation_intensity_slide=\u00bb12%\u00bb animation_starting_opacity=\u00bb6%\u00bb border_radii=\u00bbon|12px|12px|12px|12px\u00bb box_shadow_style=\u00bbpreset3&#8243; global_colors_info=\u00bb{}\u00bb][\/et_pb_image][\/et_pb_column][\/et_pb_row][et_pb_row _builder_version=\u00bb4.27.0&#8243; _module_preset=\u00bbdefault\u00bb custom_margin=\u00bb20px||||false|false\u00bb custom_padding=\u00bb0px||5px|||\u00bb locked=\u00bboff\u00bb global_colors_info=\u00bb{}\u00bb][et_pb_column type=\u00bb4_4&#8243; _builder_version=\u00bb4.19.5&#8243; _module_preset=\u00bbdefault\u00bb global_colors_info=\u00bb{}\u00bb][et_pb_text _builder_version=\u00bb4.27.3&#8243; _module_preset=\u00bbdefault\u00bb text_text_color=\u00bb#FFFFFF\u00bb text_font_size=\u00bb16px\u00bb header_2_text_color=\u00bb#FFFFFF\u00bb header_3_text_color=\u00bb#FFFFFF\u00bb header_3_font_size=\u00bb26px\u00bb background_color=\u00bb#e42313&#8243; custom_margin=\u00bb0px||||false|false\u00bb custom_margin_tablet=\u00bb0px||||false|false\u00bb custom_margin_phone=\u00bb25px||||false|false\u00bb custom_margin_last_edited=\u00bbon|phone\u00bb custom_padding=\u00bb22px|15px|12px|15px|false|false\u00bb animation_style=\u00bbslide\u00bb animation_direction=\u00bbtop\u00bb animation_duration=\u00bb1600ms\u00bb animation_intensity_slide=\u00bb12%\u00bb animation_starting_opacity=\u00bb6%\u00bb locked=\u00bboff\u00bb global_colors_info=\u00bb{}\u00bb]<\/p>\n<h2>Copias para motos BMW<\/h2>\n<p>[\/et_pb_text][et_pb_text _builder_version=\u00bb4.27.3&#8243; _module_preset=\u00bbdefault\u00bb text_font=\u00bb|300|||||||\u00bb text_font_size=\u00bb16px\u00bb link_font=\u00bb|700|||||||\u00bb custom_margin=\u00bb25px||0px||false|false\u00bb custom_margin_tablet=\u00bb25px||0px||false|false\u00bb custom_margin_phone=\u00bb25px||27px||false|false\u00bb custom_margin_last_edited=\u00bbon|phone\u00bb animation_style=\u00bbslide\u00bb animation_direction=\u00bbleft\u00bb animation_duration=\u00bb1600ms\u00bb animation_intensity_slide=\u00bb12%\u00bb animation_starting_opacity=\u00bb6%\u00bb locked=\u00bboff\u00bb global_colors_info=\u00bb{}\u00bb]En Rigau Grup tambi\u00e9n realizamos duplicado de llaves para motos BMW. Si eres propietario de una motocicleta BMW y te preguntas cu\u00e1nto cuesta un duplicado de llave BMW para tu moto, tambi\u00e9n contamos con los mejores precios del mercado y con la misma tecnolog\u00eda avanzada que utilizamos para los coches. El duplicado llave moto BMW precio depender\u00e1 del modelo y el tipo de llave, pero garantizamos un servicio r\u00e1pido y eficiente para que puedas volver a disfrutar de tu moto sin preocupaciones.[\/et_pb_text][\/et_pb_column][\/et_pb_row][et_pb_row _builder_version=\u00bb4.27.0&#8243; _module_preset=\u00bbdefault\u00bb custom_margin=\u00bb20px||||false|false\u00bb custom_padding=\u00bb0px||5px|||\u00bb locked=\u00bboff\u00bb global_colors_info=\u00bb{}\u00bb][et_pb_column type=\u00bb4_4&#8243; _builder_version=\u00bb4.19.5&#8243; _module_preset=\u00bbdefault\u00bb global_colors_info=\u00bb{}\u00bb][et_pb_text _builder_version=\u00bb4.27.3&#8243; _module_preset=\u00bbdefault\u00bb text_text_color=\u00bb#FFFFFF\u00bb text_font_size=\u00bb16px\u00bb header_2_text_color=\u00bb#FFFFFF\u00bb header_3_text_color=\u00bb#FFFFFF\u00bb header_3_font_size=\u00bb26px\u00bb background_color=\u00bb#e42313&#8243; custom_margin=\u00bb0px||||false|false\u00bb custom_margin_tablet=\u00bb0px||||false|false\u00bb custom_margin_phone=\u00bb25px||||false|false\u00bb custom_margin_last_edited=\u00bbon|phone\u00bb custom_padding=\u00bb22px|15px|12px|15px|false|false\u00bb animation_style=\u00bbslide\u00bb animation_direction=\u00bbtop\u00bb animation_duration=\u00bb1600ms\u00bb animation_intensity_slide=\u00bb12%\u00bb animation_starting_opacity=\u00bb6%\u00bb locked=\u00bboff\u00bb global_colors_info=\u00bb{}\u00bb]<\/p>\n<h2>Conf\u00eda en Rigau Grup para tu duplicado de llaves BMW<\/h2>\n<p>[\/et_pb_text][et_pb_text _builder_version=\u00bb4.27.3&#8243; _module_preset=\u00bbdefault\u00bb text_font=\u00bb|300|||||||\u00bb text_font_size=\u00bb16px\u00bb link_font=\u00bb|700|||||||\u00bb custom_margin=\u00bb25px||0px||false|false\u00bb custom_margin_tablet=\u00bb25px||0px||false|false\u00bb custom_margin_phone=\u00bb25px||27px||false|false\u00bb custom_margin_last_edited=\u00bbon|phone\u00bb animation_style=\u00bbslide\u00bb animation_direction=\u00bbleft\u00bb animation_duration=\u00bb1600ms\u00bb animation_intensity_slide=\u00bb12%\u00bb animation_starting_opacity=\u00bb6%\u00bb locked=\u00bboff\u00bb global_colors_info=\u00bb{}\u00bb]Tener una copia de llave BMW adicional es una medida inteligente para evitar contratiempos. Ya sea por p\u00e9rdida, robo o simple desgaste, contar con una copia te garantiza no quedarte sin acceso a tu veh\u00edculo en los momentos m\u00e1s inoportunos.<\/p>\n<p>En Rigau Grup nos especializamos en el duplicado de llaves BMW para todos los modelos, utilizando las tecnolog\u00edas m\u00e1s avanzadas y ofreciendo un servicio r\u00e1pido y seguro. Si est\u00e1s buscando un duplicado llave BMW precio competitivo y un servicio de alta calidad, somos tu mejor opci\u00f3n. <\/p>\n<p>No dejes pasar m\u00e1s tiempo y contacta con nosotros para obtener m\u00e1s informaci\u00f3n sobre cu\u00e1nto cuesta un duplicado de llave BMW o para conocer nuestros servicios para otras marcas como Toyota, Mini, Audi o Seat. <\/p>\n<p>\u00a1Te esperamos en Rigau Grup para ofrecerte la tranquilidad de tener siempre una copia de tu llave BMW lista para cualquier situaci\u00f3n![\/et_pb_text][\/et_pb_column][\/et_pb_row][et_pb_row _builder_version=\u00bb4.27.0&#8243; _module_preset=\u00bbdefault\u00bb custom_margin=\u00bb20px||||false|false\u00bb custom_padding=\u00bb0px||5px|||\u00bb locked=\u00bboff\u00bb global_colors_info=\u00bb{}\u00bb][et_pb_column type=\u00bb4_4&#8243; _builder_version=\u00bb4.19.5&#8243; _module_preset=\u00bbdefault\u00bb global_colors_info=\u00bb{}\u00bb][et_pb_text _builder_version=\u00bb4.27.3&#8243; _module_preset=\u00bbdefault\u00bb text_text_color=\u00bb#FFFFFF\u00bb text_font_size=\u00bb16px\u00bb header_2_text_color=\u00bb#FFFFFF\u00bb header_3_text_color=\u00bb#FFFFFF\u00bb header_3_font_size=\u00bb26px\u00bb background_color=\u00bb#e42313&#8243; custom_margin=\u00bb0px||||false|false\u00bb custom_margin_tablet=\u00bb0px||||false|false\u00bb custom_margin_phone=\u00bb25px||||false|false\u00bb custom_margin_last_edited=\u00bbon|phone\u00bb custom_padding=\u00bb22px|15px|12px|15px|false|false\u00bb animation_style=\u00bbslide\u00bb animation_direction=\u00bbtop\u00bb animation_duration=\u00bb1600ms\u00bb animation_intensity_slide=\u00bb12%\u00bb animation_starting_opacity=\u00bb6%\u00bb locked=\u00bboff\u00bb global_colors_info=\u00bb{}\u00bb]<\/p>\n<h2>Duplicado de llaves para otras marcas<\/h2>\n<p>[\/et_pb_text][et_pb_text _builder_version=\u00bb4.27.3&#8243; _module_preset=\u00bbdefault\u00bb text_font=\u00bb|300|||||||\u00bb text_font_size=\u00bb16px\u00bb link_font=\u00bb|700|||||||\u00bb custom_margin=\u00bb25px||0px||false|false\u00bb custom_margin_tablet=\u00bb25px||0px||false|false\u00bb custom_margin_phone=\u00bb25px||27px||false|false\u00bb custom_margin_last_edited=\u00bbon|phone\u00bb animation_style=\u00bbslide\u00bb animation_direction=\u00bbleft\u00bb animation_duration=\u00bb1600ms\u00bb animation_intensity_slide=\u00bb12%\u00bb animation_starting_opacity=\u00bb6%\u00bb hover_enabled=\u00bb0&#8243; locked=\u00bboff\u00bb global_colors_info=\u00bb{}\u00bb sticky_enabled=\u00bb0&#8243;]<\/p>\n<p>Adem\u00e1s del duplicado de claves BMW, en Rigau Grup ofrecemos un amplio abanico de servicios para otras marcas de veh\u00edculos. Ya sea que necesites un <a href=\"https:\/\/rigau.cat\/es\/cerrajeria-automocion\/duplicado-de-llaves\/toyota-lexus\/\" rel=\"noopener\">duplicado clave Toyota<\/a>, <a href=\"https:\/\/rigau.cat\/es\/cerrajeria-automocion\/copia-de-llaves-bmw-y-mini\/\" rel=\"noopener\">un duplicado clave Mini<\/a>, un <a href=\"https:\/\/rigau.cat\/es\/cerrajeria-automocion\/duplicado-clave-audi-en-girona\/\" rel=\"noopener\">duplicado clave Audi<\/a> o <a href=\"https:\/\/rigau.cat\/es\/cerrajeria-automocion\/duplicado-llave-seat\/\" rel=\"noopener\">un duplicado clave Seat<\/a>, podemos ayudarte. Contamos con el equipo y la experiencia para duplicar todo tipo de claves, desde claves convencionales hasta claves inteligentes con sistemas de proximidad. <\/p>\n<p>[\/et_pb_text][\/et_pb_column][\/et_pb_row][\/et_pb_section]<\/p>\n","protected":false},"excerpt":{"rendered":"<p>Duplicado llave BMW en GironaExperiencia y tecnolog\u00eda de \u00faltima generaci\u00f3n.<div class=\"et_pb_module lwp_divi_breadcrumbs lwp_divi_breadcrumbs_0\">\n\t\t\t\t\n\t\t\t\t\n\t\t\t\t\n\t\t\t\t\n\t\t\t\t\n\t\t\t\t\n\t\t\t\t<div class=\"et_pb_module_inner\">\n\t\t\t\t\t<div class=\"lwp-breadcrumbs\"> <span class=\"before\"><\/span> <span vocab=\"https:\/\/schema.org\/\" typeof=\"BreadcrumbList\"><span property=\"itemListElement\" typeof=\"ListItem\"><a property=\"item\" typeof=\"WebPage\" href=\"https:\/\/www.rigau.cat\/es\/\" class=\"home\"><span property=\"name\">Inici<\/span><\/a><meta property=\"position\" content=\"1\"><\/span> <span class=\"separator et-pb-icon\">&#x39;<\/span> <\/span><\/div>\n\t\t\t\t<\/div>\n\t\t\t<\/div> Si has perdido la llave de tu BMW o simplemente quieres tener una copia de seguridad, en Rigau Grup somos especialistas en el duplicado de llaves BMW. Sabemos lo importante que es contar con un servicio fiable y r\u00e1pido cuando se [&hellip;]<\/p>\n","protected":false},"author":4,"featured_media":0,"parent":241789,"menu_order":0,"comment_status":"closed","ping_status":"closed","template":"","meta":{"_et_pb_use_builder":"on","_et_pb_old_content":"","_et_gb_content_width":"","_joinchat":[],"footnotes":""},"class_list":["post-241819","page","type-page","status-publish","hentry"],"_links":{"self":[{"href":"https:\/\/www.rigau.cat\/es\/wp-json\/wp\/v2\/pages\/241819","targetHints":{"allow":["GET"]}}],"collection":[{"href":"https:\/\/www.rigau.cat\/es\/wp-json\/wp\/v2\/pages"}],"about":[{"href":"https:\/\/www.rigau.cat\/es\/wp-json\/wp\/v2\/types\/page"}],"author":[{"embeddable":true,"href":"https:\/\/www.rigau.cat\/es\/wp-json\/wp\/v2\/users\/4"}],"replies":[{"embeddable":true,"href":"https:\/\/www.rigau.cat\/es\/wp-json\/wp\/v2\/comments?post=241819"}],"version-history":[{"count":12,"href":"https:\/\/www.rigau.cat\/es\/wp-json\/wp\/v2\/pages\/241819\/revisions"}],"predecessor-version":[{"id":253168,"href":"https:\/\/www.rigau.cat\/es\/wp-json\/wp\/v2\/pages\/241819\/revisions\/253168"}],"up":[{"embeddable":true,"href":"https:\/\/www.rigau.cat\/es\/wp-json\/wp\/v2\/pages\/241789"}],"wp:attachment":[{"href":"https:\/\/www.rigau.cat\/es\/wp-json\/wp\/v2\/media?parent=241819"}],"curies":[{"name":"wp","href":"https:\/\/api.w.org\/{rel}","templated":true}]}}