{"id":254369,"date":"2025-01-13T14:37:18","date_gmt":"2025-01-13T13:37:18","guid":{"rendered":"https:\/\/www.rigau.cat\/automotive-locksmith\/duplicate-citroen-key\/"},"modified":"2025-01-13T15:41:04","modified_gmt":"2025-01-13T14:41:04","slug":"duplicate-citroen-key","status":"publish","type":"page","link":"https:\/\/www.rigau.cat\/en\/automotive-locksmith\/duplicate-citroen-key\/","title":{"rendered":"Duplicate Citro\u00ebn key"},"content":{"rendered":"<p>[et_pb_section fb_built=&#8221;1&#8243; custom_padding_last_edited=&#8221;on|phone&#8221; _builder_version=&#8221;4.19.5&#8243; _module_preset=&#8221;default&#8221; background_color=&#8221;rgba(0,0,0,0.63)&#8221; background_image=&#8221;https:\/\/www.rigau.cat\/wp-content\/uploads\/2023\/02\/automocio.jpg&#8221; background_blend=&#8221;overlay&#8221; custom_margin_tablet=&#8221;&#8221; custom_margin_phone=&#8221;||0px||false|false&#8221; custom_margin_last_edited=&#8221;on|phone&#8221; custom_padding=&#8221;||126px||false|false&#8221; custom_padding_tablet=&#8221;||126px||false|false&#8221; custom_padding_phone=&#8221;||0px||false|false&#8221; locked=&#8221;off&#8221; global_colors_info=&#8221;{}&#8221;][et_pb_row column_structure=&#8221;3_5,2_5&#8243; use_custom_gutter=&#8221;on&#8221; gutter_width=&#8221;2&#8243; make_equal=&#8221;on&#8221; _builder_version=&#8221;4.19.5&#8243; _module_preset=&#8221;default&#8221; width=&#8221;90%&#8221; max_width=&#8221;1170px&#8221; custom_margin_tablet=&#8221;&#8221; custom_margin_phone=&#8221;&#8221; custom_margin_last_edited=&#8221;on|phone&#8221; custom_padding=&#8221;||0px||false|false&#8221; animation_style=&#8221;slide&#8221; animation_direction=&#8221;left&#8221; animation_duration=&#8221;1600ms&#8221; animation_intensity_slide=&#8221;12%&#8221; animation_starting_opacity=&#8221;6%&#8221; global_colors_info=&#8221;{}&#8221;][et_pb_column type=&#8221;3_5&#8243; _builder_version=&#8221;4.16&#8243; _module_preset=&#8221;default&#8221; global_colors_info=&#8221;{}&#8221;][et_pb_text _builder_version=&#8221;4.27.4&#8243; _module_preset=&#8221;default&#8221; link_text_color=&#8221;#ff3b3e;&#8221; header_font=&#8221;|300|||||||&#8221; header_text_color=&#8221;#FFFFFF&#8221; header_font_size=&#8221;72px&#8221; header_2_font=&#8221;|800|||||||&#8221; header_2_text_color=&#8221;#ffffff&#8221; header_2_font_size=&#8221;72px&#8221; custom_margin=&#8221;||30px||false|false&#8221; custom_margin_tablet=&#8221;&#8221; custom_margin_phone=&#8221;||20px||false|false&#8221; custom_margin_last_edited=&#8221;on|phone&#8221; header_font_size_tablet=&#8221;72px&#8221; header_font_size_phone=&#8221;45px&#8221; header_font_size_last_edited=&#8221;on|phone&#8221; header_2_font_size_tablet=&#8221;&#8221; header_2_font_size_phone=&#8221;30px&#8221; header_2_font_size_last_edited=&#8221;on|phone&#8221; header_2_line_height_tablet=&#8221;&#8221; header_2_line_height_phone=&#8221;35px&#8221; header_2_line_height_last_edited=&#8221;on|phone&#8221; global_colors_info=&#8221;{}&#8221;]<\/p>\n<h1>Duplicate <span style=\"color: #e42313;\"><strong>Citro\u00ebn key<\/strong><\/span><\/h1>\n<p>[\/et_pb_text][et_pb_text _builder_version=&#8221;4.27.4&#8243; _module_preset=&#8221;default&#8221; text_font=&#8221;|600|||||||&#8221; text_text_color=&#8221;#ffffff&#8221; text_font_size=&#8221;21px&#8221; text_line_height=&#8221;30px&#8221; width=&#8221;57%&#8221; width_tablet=&#8221;100%&#8221; width_phone=&#8221;&#8221; width_last_edited=&#8221;on|phone&#8221; custom_margin=&#8221;||30px||false|false&#8221; custom_margin_tablet=&#8221;||30px||false|false&#8221; custom_margin_phone=&#8221;|60px|||false|false&#8221; custom_margin_last_edited=&#8221;on|phone&#8221; custom_padding=&#8221;|||20px|false|false&#8221; text_font_size_tablet=&#8221;21px&#8221; text_font_size_phone=&#8221;19px&#8221; text_font_size_last_edited=&#8221;on|phone&#8221; border_width_left=&#8221;3px&#8221; border_color_left=&#8221;#e42313&#8243; global_colors_info=&#8221;{}&#8221;]High precision and reliability service.[\/et_pb_text][\/et_pb_column][et_pb_column type=&#8221;2_5&#8243; disabled_on=&#8221;on|on|off&#8221; _builder_version=&#8221;4.19.5&#8243; _module_preset=&#8221;default&#8221; global_colors_info=&#8221;{}&#8221;][\/et_pb_column][\/et_pb_row][\/et_pb_section][et_pb_section fb_built=&#8221;1&#8243; _builder_version=&#8221;4.19.5&#8243; _module_preset=&#8221;default&#8221; custom_padding=&#8221;||19px|||&#8221; locked=&#8221;off&#8221; global_colors_info=&#8221;{}&#8221;][et_pb_row _builder_version=&#8221;4.19.5&#8243; _module_preset=&#8221;default&#8221; locked=&#8221;off&#8221; global_colors_info=&#8221;{}&#8221;][et_pb_column type=&#8221;4_4&#8243; _builder_version=&#8221;4.19.5&#8243; _module_preset=&#8221;default&#8221; global_colors_info=&#8221;{}&#8221;][lwp_divi_breadcrumbs _builder_version=&#8221;4.27.4&#8243; _module_preset=&#8221;default&#8221; hover_enabled=&#8221;0&#8243; global_colors_info=&#8221;{}&#8221; sticky_enabled=&#8221;0&#8243;][\/lwp_divi_breadcrumbs][\/et_pb_column][\/et_pb_row][et_pb_row column_structure=&#8221;1_2,1_2&#8243; _builder_version=&#8221;4.19.5&#8243; _module_preset=&#8221;default&#8221; custom_margin_tablet=&#8221;&#8221; custom_margin_phone=&#8221;-28px||||false|false&#8221; custom_margin_last_edited=&#8221;on|phone&#8221; global_colors_info=&#8221;{}&#8221;][et_pb_column type=&#8221;1_2&#8243; _builder_version=&#8221;4.19.5&#8243; _module_preset=&#8221;default&#8221; animation_style=&#8221;slide&#8221; animation_direction=&#8221;left&#8221; animation_duration=&#8221;1600ms&#8221; animation_intensity_slide=&#8221;12%&#8221; animation_starting_opacity=&#8221;6%&#8221; global_colors_info=&#8221;{}&#8221;][et_pb_image src=&#8221;https:\/\/www.rigau.cat\/wp-content\/uploads\/2025\/01\/Duplicado-llaves-citroen.jpg&#8221; title_text=&#8221;Duplicado-keys-citroen&#8221; align=&#8221;center&#8221; _builder_version=&#8221;4.27.4&#8243; _module_preset=&#8221;default&#8221; width=&#8221;77%&#8221; animation_style=&#8221;slide&#8221; animation_direction=&#8221;left&#8221; animation_duration=&#8221;1600ms&#8221; animation_intensity_slide=&#8221;12%&#8221; animation_starting_opacity=&#8221;6%&#8221; border_radii=&#8221;on|12px|12px|12px|12px&#8221; box_shadow_style=&#8221;preset3&#8243; global_colors_info=&#8221;{}&#8221;][\/et_pb_image][\/et_pb_column][et_pb_column type=&#8221;1_2&#8243; _builder_version=&#8221;4.19.5&#8243; _module_preset=&#8221;default&#8221; animation_direction=&#8221;right&#8221; global_colors_info=&#8221;{}&#8221;][et_pb_text quote_border_color=&#8221;#e42313&#8243; _builder_version=&#8221;4.27.4&#8243; _module_preset=&#8221;default&#8221; text_font=&#8221;|300|||||||&#8221; text_font_size=&#8221;16px&#8221; text_line_height=&#8221;35px&#8221; ul_line_height=&#8221;2em&#8221; custom_margin=&#8221;-9px||26px||false|false&#8221; custom_margin_tablet=&#8221;-9px||26px||false|false&#8221; custom_margin_phone=&#8221;||0px||false|false&#8221; custom_margin_last_edited=&#8221;on|phone&#8221; animation_style=&#8221;slide&#8221; animation_direction=&#8221;right&#8221; animation_duration=&#8221;1600ms&#8221; animation_intensity_slide=&#8221;12%&#8221; animation_starting_opacity=&#8221;6%&#8221; text_font_size_tablet=&#8221;&#8221; text_font_size_phone=&#8221;15px&#8221; text_font_size_last_edited=&#8221;on|phone&#8221; text_line_height_tablet=&#8221;35px&#8221; text_line_height_phone=&#8221;30.1px&#8221; text_line_height_last_edited=&#8221;on|phone&#8221; custom_css_main_element=&#8221;font-weight:400;&#8221; locked=&#8221;off&#8221; global_colors_info=&#8221;{}&#8221;]<\/p>\n<blockquote>\n<p style=\"text-align: left;\">The experience of more than thirty years supports us at Rigau Group in automotive locksmithing. We specialize in <a href=\"https:\/\/www.rigau.cat\/en\/automotive-locksmith\/duplicate-keys\/\">duplicating car keys<\/a> and highlight the Citro\u00ebn brand below, offering a highly accurate and reliable service for those looking for a Citro\u00ebn key copy that meets all quality standards.<\/p>\n<p> <\/p>\n<\/blockquote>\n<p>[\/et_pb_text][et_pb_text _builder_version=&#8221;4.27.4&#8243; _module_preset=&#8221;default&#8221; text_font=&#8221;|300|||||||&#8221; text_font_size=&#8221;16px&#8221; custom_margin=&#8221;35px||||false|false&#8221; animation_style=&#8221;slide&#8221; animation_direction=&#8221;right&#8221; animation_duration=&#8221;1600ms&#8221; animation_intensity_slide=&#8221;12%&#8221; animation_starting_opacity=&#8221;6%&#8221; locked=&#8221;off&#8221; global_colors_info=&#8221;{}&#8221;]<\/p>\n<p>Amb la nostra experi\u00e8ncia i tecnologia avan\u00e7ada, garantim una duplicada clau Citro\u00ebn que respecta les especificacions de cada model de la marca, oferint solucions r\u00e0pides i efectives per a models com el Citro\u00ebn C3, C4, Xsara Picasso i Berlingo.<\/p>\n<p>Els nostres serveis estan dissenyats per fer un duplicat clau Citro\u00ebn que mantingui totes les funcions i caracter\u00edstiques de la clau original, incloent-hi el sistema d&#8217;obertura remota, tancament centralitzat i, en alguns casos, la codificaci\u00f3 electr\u00f2nica.\n<\/p>\n<p>[\/et_pb_text][\/et_pb_column][\/et_pb_row][\/et_pb_section][et_pb_section fb_built=&#8221;1&#8243; _builder_version=&#8221;4.19.5&#8243; _module_preset=&#8221;default&#8221; custom_padding=&#8221;0px||54px|||&#8221; locked=&#8221;off&#8221; global_colors_info=&#8221;{}&#8221;][et_pb_row _builder_version=&#8221;4.21.0&#8243; _module_preset=&#8221;default&#8221; custom_padding=&#8221;0px||5px|||&#8221; locked=&#8221;off&#8221; global_colors_info=&#8221;{}&#8221;][et_pb_column type=&#8221;4_4&#8243; _builder_version=&#8221;4.19.5&#8243; _module_preset=&#8221;default&#8221; global_colors_info=&#8221;{}&#8221;][et_pb_text _builder_version=&#8221;4.27.4&#8243; _module_preset=&#8221;default&#8221; text_text_color=&#8221;#FFFFFF&#8221; text_font_size=&#8221;16px&#8221; header_2_text_color=&#8221;#FFFFFF&#8221; header_3_text_color=&#8221;#FFFFFF&#8221; header_3_font_size=&#8221;26px&#8221; background_color=&#8221;#e42313&#8243; custom_margin=&#8221;0px||||false|false&#8221; custom_margin_tablet=&#8221;0px||||false|false&#8221; custom_margin_phone=&#8221;25px||||false|false&#8221; custom_margin_last_edited=&#8221;on|phone&#8221; custom_padding=&#8221;22px|15px|12px|15px|false|false&#8221; animation_style=&#8221;slide&#8221; animation_direction=&#8221;top&#8221; animation_duration=&#8221;1600ms&#8221; animation_intensity_slide=&#8221;12%&#8221; animation_starting_opacity=&#8221;6%&#8221; locked=&#8221;off&#8221; global_colors_info=&#8221;{}&#8221;]<\/p>\n<h2>Duplicate Citro\u00ebn C3 key<\/h2>\n<p>[\/et_pb_text][\/et_pb_column][\/et_pb_row][et_pb_row _builder_version=&#8221;4.27.3&#8243; _module_preset=&#8221;default&#8221; custom_padding=&#8221;0px||5px|||&#8221; locked=&#8221;off&#8221; global_colors_info=&#8221;{}&#8221;][et_pb_column type=&#8221;4_4&#8243; _builder_version=&#8221;4.19.5&#8243; _module_preset=&#8221;default&#8221; global_colors_info=&#8221;{}&#8221;][et_pb_text _builder_version=&#8221;4.27.4&#8243; _module_preset=&#8221;default&#8221; text_font=&#8221;|300|||||||&#8221; text_font_size=&#8221;16px&#8221; link_font=&#8221;|700|||||||&#8221; custom_margin=&#8221;25px||0px||false|false&#8221; custom_margin_tablet=&#8221;25px||0px||false|false&#8221; custom_margin_phone=&#8221;25px||27px||false|false&#8221; custom_margin_last_edited=&#8221;on|phone&#8221; animation_style=&#8221;slide&#8221; animation_direction=&#8221;left&#8221; animation_duration=&#8221;1600ms&#8221; animation_intensity_slide=&#8221;12%&#8221; animation_starting_opacity=&#8221;6%&#8221; locked=&#8221;off&#8221; global_colors_info=&#8221;{}&#8221;]The Citro\u00ebn C3 is a model that floods the streets of the country and has advanced security systems. We offer a specialized Citro\u00ebn C3 key duplicate service that ensures an exact copy of the original. We take care of both the cutting of the key and the coding of any proximity system, in case the model has this technology. Our experience in duplicating car keys allows us to make high-precision copies, ensuring that your Citro\u00ebn C3 duplicate key works properly and integrates with your vehicle&#8217;s security system smoothly.[\/et_pb_text][\/et_pb_column][\/et_pb_row][et_pb_row _builder_version=&#8221;4.27.0&#8243; _module_preset=&#8221;default&#8221; custom_margin=&#8221;20px||||false|false&#8221; custom_padding=&#8221;0px||5px|||&#8221; locked=&#8221;off&#8221; global_colors_info=&#8221;{}&#8221;][et_pb_column type=&#8221;4_4&#8243; _builder_version=&#8221;4.19.5&#8243; _module_preset=&#8221;default&#8221; global_colors_info=&#8221;{}&#8221;][et_pb_text _builder_version=&#8221;4.27.4&#8243; _module_preset=&#8221;default&#8221; text_text_color=&#8221;#FFFFFF&#8221; text_font_size=&#8221;16px&#8221; header_2_text_color=&#8221;#FFFFFF&#8221; header_3_text_color=&#8221;#FFFFFF&#8221; header_3_font_size=&#8221;26px&#8221; background_color=&#8221;#e42313&#8243; custom_margin=&#8221;0px||||false|false&#8221; custom_margin_tablet=&#8221;0px||||false|false&#8221; custom_margin_phone=&#8221;25px||||false|false&#8221; custom_margin_last_edited=&#8221;on|phone&#8221; custom_padding=&#8221;22px|15px|12px|15px|false|false&#8221; animation_style=&#8221;slide&#8221; animation_direction=&#8221;top&#8221; animation_duration=&#8221;1600ms&#8221; animation_intensity_slide=&#8221;12%&#8221; animation_starting_opacity=&#8221;6%&#8221; locked=&#8221;off&#8221; global_colors_info=&#8221;{}&#8221;]<\/p>\n<h2>Citro\u00ebn C4 key duplicate price<\/h2>\n<p>[\/et_pb_text][et_pb_text _builder_version=&#8221;4.27.4&#8243; _module_preset=&#8221;default&#8221; text_font=&#8221;|300|||||||&#8221; text_font_size=&#8221;16px&#8221; link_font=&#8221;|700|||||||&#8221; custom_margin=&#8221;25px||0px||false|false&#8221; custom_margin_tablet=&#8221;25px||0px||false|false&#8221; custom_margin_phone=&#8221;25px||27px||false|false&#8221; custom_margin_last_edited=&#8221;on|phone&#8221; animation_style=&#8221;slide&#8221; animation_direction=&#8221;left&#8221; animation_duration=&#8221;1600ms&#8221; animation_intensity_slide=&#8221;12%&#8221; animation_starting_opacity=&#8221;6%&#8221; locked=&#8221;off&#8221; global_colors_info=&#8221;{}&#8221;]The Citro\u00ebn C4 is a sophisticated model that can include advanced functions in the key system. At Rigau Grup we offer the Citro\u00ebn C4 key duplicate with a comprehensive service that includes both the physical copy of the key and electronic coding if necessary. We ensure that the duplicate retains all of the original functionality, including central locking and the remote opening system, so you can have a trouble-free functioning duplicate Citroen key. We also offer excellent value for money. We make accessible car key duplicates without sacrificing the accuracy and quality that characterize our service.[\/et_pb_text][\/et_pb_column][\/et_pb_row][et_pb_row _builder_version=&#8221;4.27.0&#8243; _module_preset=&#8221;default&#8221; custom_margin=&#8221;20px||||false|false&#8221; custom_padding=&#8221;0px||5px|||&#8221; locked=&#8221;off&#8221; global_colors_info=&#8221;{}&#8221;][et_pb_column type=&#8221;4_4&#8243; _builder_version=&#8221;4.19.5&#8243; _module_preset=&#8221;default&#8221; global_colors_info=&#8221;{}&#8221;][et_pb_text _builder_version=&#8221;4.27.4&#8243; _module_preset=&#8221;default&#8221; text_text_color=&#8221;#FFFFFF&#8221; text_font_size=&#8221;16px&#8221; header_2_text_color=&#8221;#FFFFFF&#8221; header_3_text_color=&#8221;#FFFFFF&#8221; header_3_font_size=&#8221;26px&#8221; background_color=&#8221;#e42313&#8243; custom_margin=&#8221;0px||||false|false&#8221; custom_margin_tablet=&#8221;0px||||false|false&#8221; custom_margin_phone=&#8221;25px||||false|false&#8221; custom_margin_last_edited=&#8221;on|phone&#8221; custom_padding=&#8221;22px|15px|12px|15px|false|false&#8221; animation_style=&#8221;slide&#8221; animation_direction=&#8221;top&#8221; animation_duration=&#8221;1600ms&#8221; animation_intensity_slide=&#8221;12%&#8221; animation_starting_opacity=&#8221;6%&#8221; locked=&#8221;off&#8221; global_colors_info=&#8221;{}&#8221;]<\/p>\n<h2>Citro\u00ebn Xsara Picasso key duplicate price<\/h2>\n<p>[\/et_pb_text][et_pb_text _builder_version=&#8221;4.27.4&#8243; _module_preset=&#8221;default&#8221; text_font=&#8221;|300|||||||&#8221; text_font_size=&#8221;16px&#8221; link_font=&#8221;|700|||||||&#8221; custom_margin=&#8221;25px||0px||false|false&#8221; custom_margin_tablet=&#8221;25px||0px||false|false&#8221; custom_margin_phone=&#8221;25px||27px||false|false&#8221; custom_margin_last_edited=&#8221;on|phone&#8221; animation_style=&#8221;slide&#8221; animation_direction=&#8221;left&#8221; animation_duration=&#8221;1600ms&#8221; animation_intensity_slide=&#8221;12%&#8221; animation_starting_opacity=&#8221;6%&#8221; locked=&#8221;off&#8221; global_colors_info=&#8221;{}&#8221;]The Citro\u00ebn Xsara Picasso is a vehicle that many prefer for its comfort and functionality. Our team is capable of making exact duplicates, both in the cutting of the key and in the coding of electronic systems, in case the key has proximity technology or remote opening. Citro\u00ebn Xsara Picasso key duplicate price need not be a concern; at Rigau Grup we strive to offer accessible and competitive options, always maintaining a level of quality faithful to the original brand.[\/et_pb_text][\/et_pb_column][\/et_pb_row][et_pb_row _builder_version=&#8221;4.27.0&#8243; _module_preset=&#8221;default&#8221; custom_margin=&#8221;20px||||false|false&#8221; custom_padding=&#8221;0px||5px|||&#8221; locked=&#8221;off&#8221; global_colors_info=&#8221;{}&#8221;][et_pb_column type=&#8221;4_4&#8243; _builder_version=&#8221;4.19.5&#8243; _module_preset=&#8221;default&#8221; global_colors_info=&#8221;{}&#8221;][et_pb_text _builder_version=&#8221;4.27.4&#8243; _module_preset=&#8221;default&#8221; text_text_color=&#8221;#FFFFFF&#8221; text_font_size=&#8221;16px&#8221; header_2_text_color=&#8221;#FFFFFF&#8221; header_3_text_color=&#8221;#FFFFFF&#8221; header_3_font_size=&#8221;26px&#8221; background_color=&#8221;#e42313&#8243; custom_margin=&#8221;0px||||false|false&#8221; custom_margin_tablet=&#8221;0px||||false|false&#8221; custom_margin_phone=&#8221;25px||||false|false&#8221; custom_margin_last_edited=&#8221;on|phone&#8221; custom_padding=&#8221;22px|15px|12px|15px|false|false&#8221; animation_style=&#8221;slide&#8221; animation_direction=&#8221;top&#8221; animation_duration=&#8221;1600ms&#8221; animation_intensity_slide=&#8221;12%&#8221; animation_starting_opacity=&#8221;6%&#8221; locked=&#8221;off&#8221; global_colors_info=&#8221;{}&#8221;]<\/p>\n<h2>Duplicate Citro\u00ebn Berlingo key<\/h2>\n<p>[\/et_pb_text][et_pb_text _builder_version=&#8221;4.27.4&#8243; _module_preset=&#8221;default&#8221; text_font=&#8221;|300|||||||&#8221; text_font_size=&#8221;16px&#8221; link_font=&#8221;|700|||||||&#8221; custom_margin=&#8221;25px||0px||false|false&#8221; custom_margin_tablet=&#8221;25px||0px||false|false&#8221; custom_margin_phone=&#8221;25px||27px||false|false&#8221; custom_margin_last_edited=&#8221;on|phone&#8221; animation_style=&#8221;slide&#8221; animation_direction=&#8221;left&#8221; animation_duration=&#8221;1600ms&#8221; animation_intensity_slide=&#8221;12%&#8221; animation_starting_opacity=&#8221;6%&#8221; locked=&#8221;off&#8221; global_colors_info=&#8221;{}&#8221;]The Citro\u00ebn Berlingo is one of the brand&#8217;s most popular commercial vehicles, and we know that many of our customers require a Citro\u00ebn Berlingo duplicate key that is durable. At Rigau Grup, we specialize in duplicating car keys, and the Berlingo model is no exception. Our team of technicians make Citro\u00ebn Berlingo key duplicates, ensuring that the copy works correctly and fulfills all the original functionalities, such as remote opening and central locking. In addition, by using the latest technology, we manage to duplicate Citro\u00ebn keys exactly, ensuring that each copy works perfectly with the vehicle&#8217;s security system.[\/et_pb_text][\/et_pb_column][\/et_pb_row][et_pb_row _builder_version=&#8221;4.27.0&#8243; _module_preset=&#8221;default&#8221; custom_margin=&#8221;20px||||false|false&#8221; custom_padding=&#8221;0px||5px|||&#8221; locked=&#8221;off&#8221; global_colors_info=&#8221;{}&#8221;][et_pb_column type=&#8221;4_4&#8243; _builder_version=&#8221;4.19.5&#8243; _module_preset=&#8221;default&#8221; global_colors_info=&#8221;{}&#8221;][et_pb_text _builder_version=&#8221;4.27.4&#8243; _module_preset=&#8221;default&#8221; text_text_color=&#8221;#FFFFFF&#8221; text_font_size=&#8221;16px&#8221; header_2_text_color=&#8221;#FFFFFF&#8221; header_3_text_color=&#8221;#FFFFFF&#8221; header_3_font_size=&#8221;26px&#8221; background_color=&#8221;#e42313&#8243; custom_margin=&#8221;0px||||false|false&#8221; custom_margin_tablet=&#8221;0px||||false|false&#8221; custom_margin_phone=&#8221;25px||||false|false&#8221; custom_margin_last_edited=&#8221;on|phone&#8221; custom_padding=&#8221;22px|15px|12px|15px|false|false&#8221; animation_style=&#8221;slide&#8221; animation_direction=&#8221;top&#8221; animation_duration=&#8221;1600ms&#8221; animation_intensity_slide=&#8221;12%&#8221; animation_starting_opacity=&#8221;6%&#8221; locked=&#8221;off&#8221; global_colors_info=&#8221;{}&#8221;]<\/p>\n<h2>Other car key duplication services<\/h2>\n<p>[\/et_pb_text][et_pb_text _builder_version=&#8221;4.27.4&#8243; _module_preset=&#8221;default&#8221; text_font=&#8221;|300|||||||&#8221; text_font_size=&#8221;16px&#8221; link_font=&#8221;|700|||||||&#8221; custom_margin=&#8221;25px||0px||false|false&#8221; custom_margin_tablet=&#8221;25px||0px||false|false&#8221; custom_margin_phone=&#8221;25px||27px||false|false&#8221; custom_margin_last_edited=&#8221;on|phone&#8221; animation_style=&#8221;slide&#8221; animation_direction=&#8221;left&#8221; animation_duration=&#8221;1600ms&#8221; animation_intensity_slide=&#8221;12%&#8221; animation_starting_opacity=&#8221;6%&#8221; locked=&#8221;off&#8221; global_colors_info=&#8221;{}&#8221;]<\/p>\n<p>At Rigau Grup, in addition to the Citro\u00ebn key duplicate, we offer duplication services for other brands recognized in the market, such as <a href=\"https:\/\/www.rigau.cat\/en\/automotive-locksmith\/duplicate-volkswagen-key\/\">Volkswagen key duplicate<\/a>, <a href=\"https:\/\/www.rigau.cat\/en\/automotive-locksmith\/duplicate-peugeot-key\/\">Peugeot key duplicate<\/a>, <a href=\"https:\/\/www.rigau.cat\/en\/duplicate-key-renault\/\">Renault key duplicate<\/a>, <a href=\"https:\/\/www.rigau.cat\/en\/automotive-locksmith\/duplicate-hyundai-keys\/\">Hyundai key duplicate<\/a>, Kia key duplicate, duplicate Ford key and duplicate Mercedes key. Our comprehensive car key duplication service includes both key cutting, coding and functional testing, ensuring that each duplicate is tailored to the specific needs of each customer, vehicle and model. <\/p>\n<p>[\/et_pb_text][\/et_pb_column][\/et_pb_row][et_pb_row _builder_version=&#8221;4.27.0&#8243; _module_preset=&#8221;default&#8221; custom_margin=&#8221;20px||||false|false&#8221; custom_padding=&#8221;0px||5px|||&#8221; locked=&#8221;off&#8221; global_colors_info=&#8221;{}&#8221;][et_pb_column type=&#8221;4_4&#8243; _builder_version=&#8221;4.19.5&#8243; _module_preset=&#8221;default&#8221; global_colors_info=&#8221;{}&#8221;][et_pb_text _builder_version=&#8221;4.27.4&#8243; _module_preset=&#8221;default&#8221; text_text_color=&#8221;#FFFFFF&#8221; text_font_size=&#8221;16px&#8221; header_2_text_color=&#8221;#FFFFFF&#8221; header_3_text_color=&#8221;#FFFFFF&#8221; header_3_font_size=&#8221;26px&#8221; background_color=&#8221;#e42313&#8243; custom_margin=&#8221;0px||||false|false&#8221; custom_margin_tablet=&#8221;0px||||false|false&#8221; custom_margin_phone=&#8221;25px||||false|false&#8221; custom_margin_last_edited=&#8221;on|phone&#8221; custom_padding=&#8221;22px|15px|12px|15px|false|false&#8221; animation_style=&#8221;slide&#8221; animation_direction=&#8221;top&#8221; animation_duration=&#8221;1600ms&#8221; animation_intensity_slide=&#8221;12%&#8221; animation_starting_opacity=&#8221;6%&#8221; locked=&#8221;off&#8221; global_colors_info=&#8221;{}&#8221;]<\/p>\n<h3>Trust Rigau Group for duplicate Citroen keys<\/h3>\n<p>[\/et_pb_text][et_pb_text _builder_version=&#8221;4.27.4&#8243; _module_preset=&#8221;default&#8221; text_font=&#8221;|300|||||||&#8221; text_font_size=&#8221;16px&#8221; link_font=&#8221;|700|||||||&#8221; custom_margin=&#8221;25px||0px||false|false&#8221; custom_margin_tablet=&#8221;25px||0px||false|false&#8221; custom_margin_phone=&#8221;25px||27px||false|false&#8221; custom_margin_last_edited=&#8221;on|phone&#8221; custom_padding=&#8221;||2px|||&#8221; animation_style=&#8221;slide&#8221; animation_direction=&#8221;left&#8221; animation_duration=&#8221;1600ms&#8221; animation_intensity_slide=&#8221;12%&#8221; animation_starting_opacity=&#8221;6%&#8221; locked=&#8221;off&#8221; global_colors_info=&#8221;{}&#8221;]<\/p>\n<p>With options for models such as Citro\u00ebn C3, C4, Xsara Picasso and Berlingo, we offer a complete solution that fits your needs and budget. We have a wide range of automotive locksmiths at Rigau Group, with more than thirty years of experience. <\/p>\n<p><strong>Contact us for more information on duplicate car keys or to request a quote!<\/strong><\/p>\n<p>[\/et_pb_text][\/et_pb_column][\/et_pb_row][\/et_pb_section]<\/p>\n","protected":false},"excerpt":{"rendered":"<p>Duplicate Citro\u00ebn keyHigh precision and reliability service.<div class=\"et_pb_module lwp_divi_breadcrumbs lwp_divi_breadcrumbs_0\">\n\t\t\t\t\n\t\t\t\t\n\t\t\t\t\n\t\t\t\t\n\t\t\t\t\n\t\t\t\t\n\t\t\t\t<div class=\"et_pb_module_inner\">\n\t\t\t\t\t<div class=\"lwp-breadcrumbs\"> <span class=\"before\"><\/span> <span vocab=\"https:\/\/schema.org\/\" typeof=\"BreadcrumbList\"><span property=\"itemListElement\" typeof=\"ListItem\"><a property=\"item\" typeof=\"WebPage\" href=\"https:\/\/www.rigau.cat\/en\/\" class=\"home\"><span property=\"name\">Home<\/span><\/a><meta property=\"position\" content=\"1\"><\/span> <span class=\"separator et-pb-icon\">&#x39;<\/span> <\/span><\/div>\n\t\t\t\t<\/div>\n\t\t\t<\/div>The experience of more than thirty years supports us at Rigau Group in automotive locksmithing. We specialize in duplicating car keys and highlight the Citro\u00ebn brand below, offering a highly accurate and reliable service for those looking for a Citro\u00ebn key copy that meets [&hellip;]<\/p>\n","protected":false},"author":4,"featured_media":0,"parent":246795,"menu_order":0,"comment_status":"closed","ping_status":"closed","template":"","meta":{"_et_pb_use_builder":"on","_et_pb_old_content":"","_et_gb_content_width":"","_joinchat":[],"footnotes":""},"class_list":["post-254369","page","type-page","status-publish","hentry"],"_links":{"self":[{"href":"https:\/\/www.rigau.cat\/en\/wp-json\/wp\/v2\/pages\/254369","targetHints":{"allow":["GET"]}}],"collection":[{"href":"https:\/\/www.rigau.cat\/en\/wp-json\/wp\/v2\/pages"}],"about":[{"href":"https:\/\/www.rigau.cat\/en\/wp-json\/wp\/v2\/types\/page"}],"author":[{"embeddable":true,"href":"https:\/\/www.rigau.cat\/en\/wp-json\/wp\/v2\/users\/4"}],"replies":[{"embeddable":true,"href":"https:\/\/www.rigau.cat\/en\/wp-json\/wp\/v2\/comments?post=254369"}],"version-history":[{"count":3,"href":"https:\/\/www.rigau.cat\/en\/wp-json\/wp\/v2\/pages\/254369\/revisions"}],"predecessor-version":[{"id":254374,"href":"https:\/\/www.rigau.cat\/en\/wp-json\/wp\/v2\/pages\/254369\/revisions\/254374"}],"up":[{"embeddable":true,"href":"https:\/\/www.rigau.cat\/en\/wp-json\/wp\/v2\/pages\/246795"}],"wp:attachment":[{"href":"https:\/\/www.rigau.cat\/en\/wp-json\/wp\/v2\/media?parent=254369"}],"curies":[{"name":"wp","href":"https:\/\/api.w.org\/{rel}","templated":true}]}}