{"id":246369,"date":"2023-03-10T12:51:20","date_gmt":"2023-03-10T11:51:20","guid":{"rendered":"https:\/\/rigau.cat\/data-protection-policy\/"},"modified":"2023-12-19T10:42:14","modified_gmt":"2023-12-19T09:42:14","slug":"data-protection-policy","status":"publish","type":"page","link":"https:\/\/www.rigau.cat\/en\/data-protection-policy\/","title":{"rendered":"Data protection policy"},"content":{"rendered":"<p>[et_pb_section fb_built=&#8221;1&#8243; _builder_version=&#8221;4.20.2&#8243; _module_preset=&#8221;default&#8221; custom_padding=&#8221;52px||0px||false|false&#8221; locked=&#8221;off&#8221; global_colors_info=&#8221;{}&#8221;][et_pb_row _builder_version=&#8221;4.19.5&#8243; _module_preset=&#8221;default&#8221; custom_margin=&#8221;73px||||false|false&#8221; custom_padding=&#8221;0px|||||&#8221; locked=&#8221;off&#8221; global_colors_info=&#8221;{}&#8221;][et_pb_column type=&#8221;4_4&#8243; _builder_version=&#8221;4.19.5&#8243; _module_preset=&#8221;default&#8221; global_colors_info=&#8221;{}&#8221;][lwp_divi_breadcrumbs _builder_version=&#8221;4.23.1&#8243; _module_preset=&#8221;default&#8221; hover_enabled=&#8221;0&#8243; global_colors_info=&#8221;{}&#8221; sticky_enabled=&#8221;0&#8243;][\/lwp_divi_breadcrumbs][\/et_pb_column][\/et_pb_row][et_pb_row _builder_version=&#8221;4.19.5&#8243; _module_preset=&#8221;default&#8221; custom_margin_tablet=&#8221;&#8221; custom_margin_phone=&#8221;-34px||0px||false|false&#8221; custom_margin_last_edited=&#8221;on|phone&#8221; custom_padding=&#8221;||52px|||&#8221; animation_style=&#8221;slide&#8221; animation_direction=&#8221;bottom&#8221; animation_duration=&#8221;1600ms&#8221; animation_intensity_slide=&#8221;12%&#8221; animation_starting_opacity=&#8221;6%&#8221; global_colors_info=&#8221;{}&#8221;][et_pb_column type=&#8221;4_4&#8243; _builder_version=&#8221;4.19.5&#8243; _module_preset=&#8221;default&#8221; global_colors_info=&#8221;{}&#8221;][et_pb_text _builder_version=&#8221;4.20.2&#8243; _module_preset=&#8221;default&#8221; header_2_font=&#8221;|300|||||||&#8221; header_2_font_size=&#8221;44px&#8221; custom_margin=&#8221;-18px||||false|false&#8221; custom_margin_tablet=&#8221;-18px||||false|false&#8221; custom_margin_phone=&#8221;0px||-4px||false|false&#8221; custom_margin_last_edited=&#8221;on|phone&#8221; header_font_size_tablet=&#8221;&#8221; header_font_size_phone=&#8221;&#8221; header_font_size_last_edited=&#8221;on|phone&#8221; header_2_font_size_tablet=&#8221;44px&#8221; header_2_font_size_phone=&#8221;31px&#8221; header_2_font_size_last_edited=&#8221;on|phone&#8221; global_colors_info=&#8221;{}&#8221;]<\/p>\n<h1 style=\"text-align: left;\">Data protection policy<\/h1>\n<p>[\/et_pb_text][\/et_pb_column][\/et_pb_row][\/et_pb_section][et_pb_section fb_built=&#8221;1&#8243; _builder_version=&#8221;4.20.2&#8243; _module_preset=&#8221;default&#8221; custom_padding=&#8221;1px|||||&#8221; global_colors_info=&#8221;{}&#8221;][et_pb_row _builder_version=&#8221;4.20.2&#8243; _module_preset=&#8221;default&#8221; custom_margin=&#8221;-38px||||false|false&#8221; global_colors_info=&#8221;{}&#8221;][et_pb_column type=&#8221;4_4&#8243; _builder_version=&#8221;4.20.2&#8243; _module_preset=&#8221;default&#8221; global_colors_info=&#8221;{}&#8221;][et_pb_text _builder_version=&#8221;4.20.2&#8243; _module_preset=&#8221;default&#8221; text_font=&#8221;|300|||||||&#8221; global_colors_info=&#8221;{}&#8221;]<\/p>\n<p>THE OWNER undertakes to protect the privacy of users who access this website and\/or any of its services. The use of the website and\/or any of the services offered by THE OWNER implies acceptance by the user of the provisions contained in this Privacy Policy and that their personal data will be treated as stipulated therein. If you wish, please note that all and that we may have links from our website to other websites, this Privacy Policy does not apply to the websites of other companies or organizations to which the website is intended. THE OWNER does not control the contingut of third-party websites nor accepts any type of responsibility for contingut or the privacy policies of these websites.<\/p>\n<h2 class=\"title4 titol text-bold \"><span style=\"color: #e42313;\">Information on data processing (Regulation (EU) 2016\/679 and LO 3\/2018)<\/span><\/h2>\n<p><span style=\"color: #e42313;\"><\/span><\/p>\n<table>\n<tbody>\n<tr>\n<th><span style=\"color: #000000;\"><strong>Concept:<\/strong><\/span><\/th>\n<th><span style=\"color: #000000;\"><strong>Description<\/strong><\/span><\/th>\n<\/tr>\n<tr>\n<td><span style=\"color: #000000;\"><strong>Data controller:<\/strong><\/span><\/td>\n<td>THE HOLDER<br \/>Our data appear in the <a href=\"https:\/\/rigau.cat\/avis-legal\/\" target=\"_blank\" rel=\"noopener\">legal notice<\/a> of this website.<\/td>\n<\/tr>\n<tr>\n<td><strong>Data controller:<\/strong><\/td>\n<td>THE HOLDER<br \/>Our data appear in the <a href=\"https:\/\/rigau.cat\/ca\/avis-legal\/\" target=\"_blank\" rel=\"noopener\">legal notice<\/a> of this website.<\/td>\n<\/tr>\n<tr>\n<td><span style=\"color: #000000;\"><strong>Purpose of treatment:<\/strong><\/span><\/td>\n<td>Offer and manage our products and\/or services.<\/td>\n<\/tr>\n<tr>\n<td><strong>Legitimation:<\/strong><\/td>\n<td>Consent obtained from the interested party. Execution of the service contract.<\/td>\n<\/tr>\n<tr>\n<td><strong>Recipients:<\/strong><\/td>\n<td>The data will not be communicated to third parties, unless required by law or necessary to fulfill the purpose of the treatment.<\/td>\n<\/tr>\n<tr>\n<td><strong>People&#8217;s rights:<\/strong><\/td>\n<td>Those interested have the right to exercise their rights of access, rectification, limitation of treatment, deletion, portability and opposition, by sending their request to our address.<\/td>\n<\/tr>\n<tr>\n<td><strong>Data retention period:<\/strong><\/td>\n<td>As long as the commercial relationship is maintained or during the years necessary to comply with legal obligations.<\/td>\n<\/tr>\n<tr>\n<td><strong>Claim:<\/strong><\/td>\n<td>Those interested can go to the AEPD to submit the claim they deem appropriate.<\/td>\n<\/tr>\n<tr>\n<td><strong>Additional information:<\/strong><\/td>\n<td>Additional and detailed information can be found below under \u201cPrivacy Questions\u201d.<\/td>\n<\/tr>\n<\/tbody>\n<\/table>\n<h2 class=\"title4 titol text-bold text-uppercase \"><\/h2>\n<h2 class=\"title4 titol text-bold text-uppercase \">Questions about privacy<\/h2>\n<p>In compliance with Regulation (EU) 2016\/679 of the European Parliament and of the Council, of April 27, 2016, (RGPD) and Organic Law 3\/2018, of December 5, Protection of Personal Data and guarantee of rights digitals (LOPDGDD), we offer you the following information about the processing of your personal data:<\/p>\n<h3 class=\"title4 titol text-bold \">Who is responsible for the processing of your data?<\/h3>\n<p>THE HOLDER<br \/>Our data appear in the <a href=\"https:\/\/rigau.cat\/ca\/avis-legal\/\" target=\"_blank\" rel=\"noopener\">legal notice<\/a> of this website.<\/p>\n<h3 class=\"title4 titol text-bold \">For what purpose do we process your personal data?<\/h3>\n<ul class=\"\">\n<li>\n<div class=\"cont\">\n<p>We process the information provided to us to provide and invoice our services and products.<\/p>\n<\/div>\n<\/li>\n<li>\n<div class=\"cont\">\n<p>If you give us your consent, we can also process your data to send you information about our activities, services and products.<\/p>\n<\/div>\n<\/li>\n<li>\n<div class=\"cont\">\n<p>If you participate in any of our draws and\/or contests, we will publish your name and surname, and your image, in the different spaces and means of communication and dissemination that we use, including social networks, in order to promote our activities, services and products.<\/p>\n<\/div>\n<\/li>\n<\/ul>\n<p class=\"title4 titol text-bold \">How long will we keep your data?<\/p>\n<p>The personal data provided will be kept as long as you are a user of our services or want to receive information about them, and if you participate in a promotion while it is active, and then, during the periods established to comply with our legal obligations.<\/p>\n<h3 class=\"title4 titol text-bold \">What is the legitimacy for the processing of your data?<\/h3>\n<p>The legal basis for the processing of your data is the consent you give us.<\/p>\n<p>Regarding the information sent to us by minors under 16, it will be understood that it has been with the consent of their legal representatives. If this is not the case, the minor&#8217;s legal representative must notify us as soon as he becomes aware of it.<\/p>\n<h3 class=\"title4 titol text-bold \">To which recipients will your data be communicated?<\/h3>\n<p>The data will not be communicated to third parties, unless required by law or necessary to fulfill the purpose of the treatment.<\/p>\n<p class=\"title4 titol text-bold \">What are your rights when you provide us with your data?<\/p>\n<ul class=\"\">\n<li>\n<div class=\"cont\">\n<p>Anyone has the right to obtain confirmation as to whether or not we are processing their personal data.<\/p>\n<\/div>\n<\/li>\n<li>\n<div class=\"cont\">\n<p>Interested persons have the right to access their personal data, as well as to request the rectification of inaccurate data or, where appropriate, to request its deletion when, among other reasons, the data is no longer necessary for the purposes for which they were collected.<\/p>\n<\/div>\n<\/li>\n<li>\n<div class=\"cont\">\n<p>In certain circumstances, the interested parties may request the limitation of the processing of their data, in which case we will only keep them for the exercise or defense of claims.<\/p>\n<\/div>\n<\/li>\n<li>\n<div class=\"cont\">\n<p>Also, in certain circumstances and for reasons related to their particular situation, interested parties can object to the processing of their data. In this case we will stop processing them, except for compelling legitimate reasons or for the exercise or defense of possible claims.<\/p>\n<\/div>\n<\/li>\n<li>\n<div class=\"cont\">\n<p>Those interested also have the right to the portability of their data.<\/p>\n<\/div>\n<\/li>\n<li>\n<div class=\"cont\">\n<p>Finally, interested parties have the right to submit a claim to the competent Control Authority.<\/p>\n<\/div>\n<\/li>\n<\/ul>\n<h3 class=\"title4 titol text-bold \">How can you exercise your rights?<\/h3>\n<p>By sending us a letter attaching a copy of a document that identifies you, to our physical or electronic address.<\/p>\n<p class=\"title4 titol text-bold \">How did we get your data?<\/p>\n<p>The personal data we process comes from the interested party himself, who guarantees that the personal data provided is true and is responsible for communicating any changes. Data marked with an asterisk are mandatory in order to provide the requested service.<\/p>\n<h3 class=\"title4 titol text-bold \">What data do we process?<\/h3>\n<p>The categories of data we can process are:<\/p>\n<ul class=\"\">\n<li>\n<div class=\"cont\">\n<p>Identification data.<\/p>\n<\/div>\n<\/li>\n<li>\n<div class=\"cont\">\n<p>Postal or electronic addresses.<\/p>\n<\/div>\n<\/li>\n<li>\n<div class=\"cont\">\n<p>Other data requested in our forms.<\/p>\n<\/div>\n<\/li>\n<\/ul>\n<p>The data is limited, since we only process the data necessary for the provision of our services and the management of our activity.<\/p>\n<h3 class=\"title4 titol text-bold \">Do we use cookies?<\/h3>\n<p>We use cookies during navigation on our website with the informed consent of the user. L&#8217;usuari pot configurar el seu navegador perqu\u00e8 l&#8217;avisi de la utilitzaci\u00f3 de cookies i per evitar-ne el seu \u00fas. For more information visit our <a href=\"https:\/\/rigau.cat\/politica-de-cookies\/\" target=\"_blank\" rel=\"noopener\">cookie policy<\/a>.<\/p>\n<h3 class=\"title4 titol text-bold \">What security measures do we apply?<\/h3>\n<p>We apply the security measures established in article 32 of the RGPD, therefore we have adopted the necessary security measures to guarantee a level of security appropriate to the risk of the data processing we carry out, with mechanisms that allow us to guarantee confidentiality, integrity, availability and permanent resilience of treatment systems and services.<\/p>\n<p>Some of these measures are:<\/p>\n<ul class=\"\">\n<li>\n<div class=\"cont\">\n<p>Information on data processing policies to staff.<\/p>\n<\/div>\n<\/li>\n<li>\n<div class=\"cont\">\n<p>Performing regular backups.<\/p>\n<\/div>\n<\/li>\n<li>\n<div class=\"cont\">\n<p>Data access control.<\/p>\n<\/div>\n<\/li>\n<li>\n<div class=\"cont\">\n<p>Regular verification, evaluation and assessment processes.<\/p>\n<\/div>\n<\/li>\n<\/ul>\n<p>[\/et_pb_text][\/et_pb_column][\/et_pb_row][\/et_pb_section]<\/p>\n","protected":false},"excerpt":{"rendered":"<p><div class=\"et_pb_module lwp_divi_breadcrumbs lwp_divi_breadcrumbs_0\">\n\t\t\t\t\n\t\t\t\t\n\t\t\t\t\n\t\t\t\t\n\t\t\t\t\n\t\t\t\t\n\t\t\t\t<div class=\"et_pb_module_inner\">\n\t\t\t\t\t<div class=\"lwp-breadcrumbs\"> <span class=\"before\"><\/span> <span vocab=\"https:\/\/schema.org\/\" typeof=\"BreadcrumbList\"><span property=\"itemListElement\" typeof=\"ListItem\"><a property=\"item\" typeof=\"WebPage\" href=\"https:\/\/www.rigau.cat\/en\/\" class=\"home\"><span property=\"name\">Home<\/span><\/a><meta property=\"position\" content=\"1\"><\/span> <span class=\"separator et-pb-icon\">&#x39;<\/span> <\/span><\/div>\n\t\t\t\t<\/div>\n\t\t\t<\/div>Data protection policyTHE OWNER undertakes to protect the privacy of users who access this website and\/or any of its services. The use of the website and\/or any of the services offered by THE OWNER implies acceptance by the user of the provisions contained in this Privacy Policy and that their [&hellip;]<\/p>\n","protected":false},"author":4,"featured_media":0,"parent":0,"menu_order":0,"comment_status":"closed","ping_status":"closed","template":"","meta":{"_et_pb_use_builder":"on","_et_pb_old_content":"","_et_gb_content_width":"","_joinchat":[],"footnotes":""},"class_list":["post-246369","page","type-page","status-publish","hentry"],"_links":{"self":[{"href":"https:\/\/www.rigau.cat\/en\/wp-json\/wp\/v2\/pages\/246369","targetHints":{"allow":["GET"]}}],"collection":[{"href":"https:\/\/www.rigau.cat\/en\/wp-json\/wp\/v2\/pages"}],"about":[{"href":"https:\/\/www.rigau.cat\/en\/wp-json\/wp\/v2\/types\/page"}],"author":[{"embeddable":true,"href":"https:\/\/www.rigau.cat\/en\/wp-json\/wp\/v2\/users\/4"}],"replies":[{"embeddable":true,"href":"https:\/\/www.rigau.cat\/en\/wp-json\/wp\/v2\/comments?post=246369"}],"version-history":[{"count":5,"href":"https:\/\/www.rigau.cat\/en\/wp-json\/wp\/v2\/pages\/246369\/revisions"}],"predecessor-version":[{"id":246991,"href":"https:\/\/www.rigau.cat\/en\/wp-json\/wp\/v2\/pages\/246369\/revisions\/246991"}],"wp:attachment":[{"href":"https:\/\/www.rigau.cat\/en\/wp-json\/wp\/v2\/media?parent=246369"}],"curies":[{"name":"wp","href":"https:\/\/api.w.org\/{rel}","templated":true}]}}